{"id":95,"date":"2019-08-12T10:31:17","date_gmt":"2019-08-12T10:31:17","guid":{"rendered":"http:\/\/www.hcbfoxesacademy.org\/?page_id=95"},"modified":"2019-10-04T09:54:43","modified_gmt":"2019-10-04T09:54:43","slug":"progetto-scuola","status":"publish","type":"page","link":"https:\/\/www.hcbfoxesacademy.org\/it\/progetto-scuola\/","title":{"rendered":"Progetto Scuola"},"content":{"rendered":"<div id=\"comp-j9ohzh68\" class=\"txtNew\" data-packed=\"true\">\n<p class=\"font_8\"><span class=\"color_23\">HCB Foxes Academy ha una vera e propria missione. Essa \u00e8 nata con il principale scopo di sviluppare il progetto \u201cGhiaccio e Scuola\u201d in Alto Adige. L\u2019accordo tra HCB Foxes Academy, il liceo ad indirizzo sportivo \u201cG. Toniolo\u201d e la FISG \u00e8 atto a conciliare nel modo migliore sport e scuola, venendo incontro a un&#8217;esigenza molto sentita dalle famiglie.\u00a0<\/span><\/p>\n<p class=\"font_8\"><span class=\"color_23\">In questo modo siamo in gradodi assicurare agli atleti un servizio adeguato, che consenta loro di praticare l&#8217;hockey su ghiaccio\u00a0a certi livelli nel migliore dei modi, gestendo le pressioni e, soprattutto, i tempi. Con la stipula della convenzione, la Fisg si\u00a0impegna ad\u00a0individuare i tecnici in grado di potenziare la preparazione tecnica degli studenti.\u00a0<\/span><span class=\"color_23\">HCB Foxes Academy si impegna a\u00a0garantire\u00a0quattro\u00a0ore alla settimana di allenamento\u00a0in orario mattutino, quando cio\u00e8\u00a0 le piste ghiacciate sono pi\u00f9 libere ed \u00e8 quindi pi\u00f9 facile lavorare sugli aspetti pi\u00f9 importanti: la tecnica di base e individuale, fondamentali per la crescita dell\u2019atleta.\u00a0<\/span><\/p>\n<p class=\"font_8\"><span class=\"color_23\">Il progetto vuole offrire agli studenti-atleti la possibilit\u00e0 di conciliare il percorso scolastico liceale-scientifico con gli impegni agonistici propri di queste discipline sportive e di far crescere nel modo\u00a0 migliore una nuova generazione di talenti degli sport del ghiaccio. Da una parte la scuola, quindi, ad\u00a0 assicurare una didattica flessibile, figura di riferimento per programmi e contenuti didattici; dall&#8217;altra\u00a0 la Federazione Italiana Sport Ghiaccio per supportare e visionare tecnicamente l&#8217;attivit\u00e0 sportiva da realizzarsi nella scelta di preparatori atletici e allenatori, nonch\u00e9 per la designazione dell&#8217;organizzazione sportiva cui fare riferimento.\u00a0<\/span><\/p>\n<\/div>\n","protected":false},"excerpt":{"rendered":"<p>HCB Foxes Academy ha una vera e propria missione. Essa \u00e8 nata con il principale scopo di sviluppare il progetto \u201cGhiaccio e Scuola\u201d in Alto Adige. L\u2019accordo tra HCB Foxes Academy, il liceo ad indirizzo sportivo \u201cG. Toniolo\u201d e la FISG \u00e8 atto a conciliare nel modo migliore sport e scuola, venendo incontro a un&#8217;esigenza [&hellip;]<\/p>\n","protected":false},"author":1,"featured_media":0,"parent":0,"menu_order":0,"comment_status":"closed","ping_status":"closed","template":"","meta":{"_acf_changed":false,"footnotes":""},"acf":[],"yoast_head":"<!-- This site is optimized with the Yoast SEO plugin v22.5 - https:\/\/yoast.com\/wordpress\/plugins\/seo\/ -->\n<title>Progetto Scuola - HCB Foxes Academy<\/title>\n<meta name=\"robots\" content=\"index, follow, max-snippet:-1, max-image-preview:large, max-video-preview:-1\" \/>\n<link rel=\"canonical\" href=\"https:\/\/www.hcbfoxesacademy.org\/it\/progetto-scuola\/\" \/>\n<meta property=\"og:locale\" content=\"it_IT\" \/>\n<meta property=\"og:type\" content=\"article\" \/>\n<meta property=\"og:title\" content=\"Progetto Scuola - HCB Foxes Academy\" \/>\n<meta property=\"og:description\" content=\"HCB Foxes Academy ha una vera e propria missione. Essa \u00e8 nata con il principale scopo di sviluppare il progetto \u201cGhiaccio e Scuola\u201d in Alto Adige. L\u2019accordo tra HCB Foxes Academy, il liceo ad indirizzo sportivo \u201cG. Toniolo\u201d e la FISG \u00e8 atto a conciliare nel modo migliore sport e scuola, venendo incontro a un&#8217;esigenza [&hellip;]\" \/>\n<meta property=\"og:url\" content=\"https:\/\/www.hcbfoxesacademy.org\/it\/progetto-scuola\/\" \/>\n<meta property=\"og:site_name\" content=\"HCB Foxes Academy\" \/>\n<meta property=\"article:modified_time\" content=\"2019-10-04T09:54:43+00:00\" \/>\n<meta name=\"twitter:card\" content=\"summary_large_image\" \/>\n<meta name=\"twitter:label1\" content=\"Est. reading time\" \/>\n\t<meta name=\"twitter:data1\" content=\"1 minute\" \/>\n<script type=\"application\/ld+json\" class=\"yoast-schema-graph\">{\"@context\":\"https:\/\/schema.org\",\"@graph\":[{\"@type\":\"WebPage\",\"@id\":\"https:\/\/www.hcbfoxesacademy.org\/it\/progetto-scuola\/\",\"url\":\"https:\/\/www.hcbfoxesacademy.org\/it\/progetto-scuola\/\",\"name\":\"Progetto Scuola - HCB Foxes Academy\",\"isPartOf\":{\"@id\":\"https:\/\/www.hcbfoxesacademy.org\/it\/#website\"},\"datePublished\":\"2019-08-12T10:31:17+00:00\",\"dateModified\":\"2019-10-04T09:54:43+00:00\",\"breadcrumb\":{\"@id\":\"https:\/\/www.hcbfoxesacademy.org\/it\/progetto-scuola\/#breadcrumb\"},\"inLanguage\":\"it-IT\",\"potentialAction\":[{\"@type\":\"ReadAction\",\"target\":[\"https:\/\/www.hcbfoxesacademy.org\/it\/progetto-scuola\/\"]}]},{\"@type\":\"BreadcrumbList\",\"@id\":\"https:\/\/www.hcbfoxesacademy.org\/it\/progetto-scuola\/#breadcrumb\",\"itemListElement\":[{\"@type\":\"ListItem\",\"position\":1,\"name\":\"Home\",\"item\":\"https:\/\/www.hcbfoxesacademy.org\/it\/\"},{\"@type\":\"ListItem\",\"position\":2,\"name\":\"Progetto Scuola\"}]},{\"@type\":\"WebSite\",\"@id\":\"https:\/\/www.hcbfoxesacademy.org\/it\/#website\",\"url\":\"https:\/\/www.hcbfoxesacademy.org\/it\/\",\"name\":\"HCB Foxes Academy\",\"description\":\"HCB foxes academy\",\"publisher\":{\"@id\":\"https:\/\/www.hcbfoxesacademy.org\/it\/#organization\"},\"potentialAction\":[{\"@type\":\"SearchAction\",\"target\":{\"@type\":\"EntryPoint\",\"urlTemplate\":\"https:\/\/www.hcbfoxesacademy.org\/it\/?s={search_term_string}\"},\"query-input\":\"required name=search_term_string\"}],\"inLanguage\":\"it-IT\"},{\"@type\":\"Organization\",\"@id\":\"https:\/\/www.hcbfoxesacademy.org\/it\/#organization\",\"name\":\"HCB Foxes Academy\",\"url\":\"https:\/\/www.hcbfoxesacademy.org\/it\/\",\"logo\":{\"@type\":\"ImageObject\",\"inLanguage\":\"it-IT\",\"@id\":\"https:\/\/www.hcbfoxesacademy.org\/it\/#\/schema\/logo\/image\/\",\"url\":\"https:\/\/img.wunderfarm.cloud\/134880438c3d4d5e\/2019\/08\/13\/c\/0x0\/filters:no_upscale()\/filters:strip_exif()\/logo-academy-2019.svg\",\"contentUrl\":\"https:\/\/img.wunderfarm.cloud\/134880438c3d4d5e\/2019\/08\/13\/c\/0x0\/filters:no_upscale()\/filters:strip_exif()\/logo-academy-2019.svg\",\"caption\":\"HCB Foxes Academy\"},\"image\":{\"@id\":\"https:\/\/www.hcbfoxesacademy.org\/it\/#\/schema\/logo\/image\/\"}}]}<\/script>\n<!-- \/ Yoast SEO plugin. -->","yoast_head_json":{"title":"Progetto Scuola - HCB Foxes Academy","robots":{"index":"index","follow":"follow","max-snippet":"max-snippet:-1","max-image-preview":"max-image-preview:large","max-video-preview":"max-video-preview:-1"},"canonical":"https:\/\/www.hcbfoxesacademy.org\/it\/progetto-scuola\/","og_locale":"it_IT","og_type":"article","og_title":"Progetto Scuola - HCB Foxes Academy","og_description":"HCB Foxes Academy ha una vera e propria missione. Essa \u00e8 nata con il principale scopo di sviluppare il progetto \u201cGhiaccio e Scuola\u201d in Alto Adige. L\u2019accordo tra HCB Foxes Academy, il liceo ad indirizzo sportivo \u201cG. Toniolo\u201d e la FISG \u00e8 atto a conciliare nel modo migliore sport e scuola, venendo incontro a un&#8217;esigenza [&hellip;]","og_url":"https:\/\/www.hcbfoxesacademy.org\/it\/progetto-scuola\/","og_site_name":"HCB Foxes Academy","article_modified_time":"2019-10-04T09:54:43+00:00","twitter_card":"summary_large_image","twitter_misc":{"Est. reading time":"1 minute"},"schema":{"@context":"https:\/\/schema.org","@graph":[{"@type":"WebPage","@id":"https:\/\/www.hcbfoxesacademy.org\/it\/progetto-scuola\/","url":"https:\/\/www.hcbfoxesacademy.org\/it\/progetto-scuola\/","name":"Progetto Scuola - HCB Foxes Academy","isPartOf":{"@id":"https:\/\/www.hcbfoxesacademy.org\/it\/#website"},"datePublished":"2019-08-12T10:31:17+00:00","dateModified":"2019-10-04T09:54:43+00:00","breadcrumb":{"@id":"https:\/\/www.hcbfoxesacademy.org\/it\/progetto-scuola\/#breadcrumb"},"inLanguage":"it-IT","potentialAction":[{"@type":"ReadAction","target":["https:\/\/www.hcbfoxesacademy.org\/it\/progetto-scuola\/"]}]},{"@type":"BreadcrumbList","@id":"https:\/\/www.hcbfoxesacademy.org\/it\/progetto-scuola\/#breadcrumb","itemListElement":[{"@type":"ListItem","position":1,"name":"Home","item":"https:\/\/www.hcbfoxesacademy.org\/it\/"},{"@type":"ListItem","position":2,"name":"Progetto Scuola"}]},{"@type":"WebSite","@id":"https:\/\/www.hcbfoxesacademy.org\/it\/#website","url":"https:\/\/www.hcbfoxesacademy.org\/it\/","name":"HCB Foxes Academy","description":"HCB foxes academy","publisher":{"@id":"https:\/\/www.hcbfoxesacademy.org\/it\/#organization"},"potentialAction":[{"@type":"SearchAction","target":{"@type":"EntryPoint","urlTemplate":"https:\/\/www.hcbfoxesacademy.org\/it\/?s={search_term_string}"},"query-input":"required name=search_term_string"}],"inLanguage":"it-IT"},{"@type":"Organization","@id":"https:\/\/www.hcbfoxesacademy.org\/it\/#organization","name":"HCB Foxes Academy","url":"https:\/\/www.hcbfoxesacademy.org\/it\/","logo":{"@type":"ImageObject","inLanguage":"it-IT","@id":"https:\/\/www.hcbfoxesacademy.org\/it\/#\/schema\/logo\/image\/","url":"https:\/\/img.wunderfarm.cloud\/134880438c3d4d5e\/2019\/08\/13\/c\/0x0\/filters:no_upscale()\/filters:strip_exif()\/logo-academy-2019.svg","contentUrl":"https:\/\/img.wunderfarm.cloud\/134880438c3d4d5e\/2019\/08\/13\/c\/0x0\/filters:no_upscale()\/filters:strip_exif()\/logo-academy-2019.svg","caption":"HCB Foxes Academy"},"image":{"@id":"https:\/\/www.hcbfoxesacademy.org\/it\/#\/schema\/logo\/image\/"}}]}},"_links":{"self":[{"href":"https:\/\/www.hcbfoxesacademy.org\/it\/wp-json\/wp\/v2\/pages\/95"}],"collection":[{"href":"https:\/\/www.hcbfoxesacademy.org\/it\/wp-json\/wp\/v2\/pages"}],"about":[{"href":"https:\/\/www.hcbfoxesacademy.org\/it\/wp-json\/wp\/v2\/types\/page"}],"author":[{"embeddable":true,"href":"https:\/\/www.hcbfoxesacademy.org\/it\/wp-json\/wp\/v2\/users\/1"}],"replies":[{"embeddable":true,"href":"https:\/\/www.hcbfoxesacademy.org\/it\/wp-json\/wp\/v2\/comments?post=95"}],"version-history":[{"count":4,"href":"https:\/\/www.hcbfoxesacademy.org\/it\/wp-json\/wp\/v2\/pages\/95\/revisions"}],"predecessor-version":[{"id":988,"href":"https:\/\/www.hcbfoxesacademy.org\/it\/wp-json\/wp\/v2\/pages\/95\/revisions\/988"}],"wp:attachment":[{"href":"https:\/\/www.hcbfoxesacademy.org\/it\/wp-json\/wp\/v2\/media?parent=95"}],"curies":[{"name":"wp","href":"https:\/\/api.w.org\/{rel}","templated":true}]}}