{"id":2421,"date":"2025-10-14T20:14:29","date_gmt":"2025-10-14T20:14:29","guid":{"rendered":"https:\/\/www.hcbfoxesacademy.org\/?page_id=2421"},"modified":"2025-10-14T20:14:29","modified_gmt":"2025-10-14T20:14:29","slug":"faq-su-allenamenti-partite-e-tornei","status":"publish","type":"page","link":"https:\/\/www.hcbfoxesacademy.org\/it\/faq-su-allenamenti-partite-e-tornei\/","title":{"rendered":"FAQ su allenamenti, partite e tornei"},"content":{"rendered":"<table width=\"737\">\n<tbody>\n<tr>\n<td width=\"366\"><strong>Divisa di societ\u00e1 durante tornei e partite<\/strong><\/p>\n<p>I ragazzi ricevono inizialmente un kit di vestiario della loro misura, che col tempo pu\u00f3 essere sostituito o rimpiazzato e per il quale verranno fatte comunicazioni ad hoc in merito.<\/p>\n<p>Le squadre delle categorie U8, U10 e U12 indossano la divisa di squadra composta da:<\/p>\n<p>&#8211;\u00a0\u00a0\u00a0\u00a0\u00a0\u00a0\u00a0 Pantaloni di tuta neri<\/p>\n<p>&#8211;\u00a0\u00a0\u00a0\u00a0\u00a0\u00a0\u00a0 Felpa societaria rossa<\/p>\n<p>&#8211;\u00a0\u00a0\u00a0\u00a0\u00a0\u00a0\u00a0 Giacca nera<\/p>\n<p>&#8211;\u00a0\u00a0\u00a0\u00a0\u00a0\u00a0\u00a0 Maglietta tecnica rossa<\/p>\n<p>&#8211;\u00a0\u00a0\u00a0\u00a0\u00a0\u00a0\u00a0 Pantaloncini corti neri (per fase riscaldamento)<\/p>\n<p>Con rispettivamento su ogni capo il logo o la scritta del HCB FOXES ACADEMY<\/p>\n<p>Nelle categorie U14, U16 e U19 i ragazzi vengono vestiti alle partite in casa con:<\/p>\n<p>&#8211;\u00a0\u00a0\u00a0\u00a0\u00a0\u00a0\u00a0 Blue Jeans<\/p>\n<p>&#8211;\u00a0\u00a0\u00a0\u00a0\u00a0\u00a0\u00a0 Polo o camicia bianca<\/p>\n<p>&#8211;\u00a0\u00a0\u00a0\u00a0\u00a0\u00a0\u00a0 Giacca societaria<\/p>\n<p>Per il riscaldamento indosseranno poi pantaloncini, maglietta ed eventualmente la felpa societaria.<\/p>\n<p>Per le partite in trasferta ci si veste di nuovo con la tuta, che \u00e8 anche pi\u00fa comoda durante il viaggio.<\/p>\n<p><strong>\u00a0<\/strong><\/td>\n<\/tr>\n<tr>\n<td width=\"366\"><strong>Dove posso vedere i giorni e gli orari di allenamento?<\/strong><\/p>\n<p>Gli impianti con le piste di ghiaccio a Bolzano sono utilizzate da molte societ\u00e1 di vari sport come l\u2019hockey, il pattinaggio artistico, il pattinaggio di velocit\u00e1, dai bambini sino agli adulti.<\/p>\n<p>Allo stesso tempo vengono svolte manifestazioni agonostiche di livello internazionale, nazionale, regionale e provinciale. Dunque le ore ghiaccio messe a disposizione possono variare da settimana in settimana, per tanto il calendario degli allenamenti varia da settimana in settimana.<\/p>\n<p>I calendari settimanali vengono pubblicati nella Community su WhatsApp.<\/p>\n<p>&nbsp;<\/td>\n<\/tr>\n<tr>\n<td width=\"366\"><strong>Gruppi di allenamento<\/strong><\/p>\n<p>Per chi proviene da un corso di pattinaggio il primo gruppo al quale approda inizialmente \u00e8 il gruppo <strong>U8-avviamento<\/strong>.<\/p>\n<p>Indipendentemente dall\u2019et\u00e0 aggiungere tutta l\u2019attrezzatura di protezione e dover maneggiare un disco in gomma con una stecca \u00e8 tutt\u2019altro che semplice. In questo primo gruppo i ragazzi imparano le basi di questo entusiasmante sport.<\/p>\n<p>Successivamente i gruppi di allenamento sono indicativamente nominati secondo le categorie di et\u00e1 di appartenenza, ma le ragazze e i ragazzi vengono distribuiti considerando non solo l\u2019et\u00e1 ma anche le effettive capacit\u00e1, per permettergli di crescere a livello di gioco secondo il loro personale sviluppo e non secondo l\u2019et\u00e0 anagrafica.<\/p>\n<p>Per tal motivo i ragazzi possono essere spostati da un gruppo di allenamento all\u2019altro anche durante la stagione.<\/p>\n<p><strong>\u00a0<\/strong><\/td>\n<\/tr>\n<tr>\n<td width=\"366\"><strong>Campionati federali U8, U10 e U12<\/strong><\/p>\n<p>Le attivit\u00e1 federali sino alla categoria U12 vengono normalmente svolti come tornei quadrangolari ogni 2-3 settimane e hanno il motto \u201clearn to play\u201d.<\/p>\n<p>Sono tornei dove lo scopo \u00e8 di far giocare e far fare esperienza ai giovani hockeyisti, senza la pretesa della vittoria o del maggior numero di reti segnate, ma accompagnando l\u2019agonismo con tanto sano divertimento.<\/p>\n<p>&nbsp;<\/td>\n<\/tr>\n<tr>\n<td width=\"366\"><strong>Campionati federali U14, U16 e U19<\/strong><\/p>\n<p>Le squadre delle categorie giovanili U14, U16 e U19 partecipano rispettivamente ai campionati italiani di categoria. Questi campionati sono svolti con partite ufficiali e da anno in anno possono cambiare le modalit\u00e1 di come vengono svolti i campionati anche in base al numero delle squadre iscritte.<\/p>\n<p>I componenti convocati delle squadre possono essere anche di una categoria inferiore e per le ragazze ci sono delle eccezioni che permettono loro di giocare in una categoria inferiore.<\/p>\n<p><strong>\u00a0<\/strong><\/td>\n<\/tr>\n<tr>\n<td width=\"366\"><strong>Calendario campionati federali <\/strong><\/p>\n<p>I calendari agonistici, come in tutti gli sport, vengono definiti dai massimi eventi per poi giungere alle attivit\u00e0 di una categoria come la U8.<\/p>\n<p>Partendo dal calendario olimpico a livello internazionale vengono definite le date per i calendari delle squadre nazionali (senior e giovanili). Definite le date per eventi internazionali vengono stabilite le date per i campionati senior internazionali e nazionali), dopo scendendo di categoria per le attivit\u00e0 giovanili per poi definire infine a livello regionale\/provinciale le date per le attivit\u00e0.<\/p>\n<p>Questo con uno sforzo non immaginabile di collaboratori federali, societ\u00e0 sportive e gestori degli impianti a riuscire a stabilire tutte le date e tutti gli orari, con talvolta la difficolt\u00e0 che alcuni impianti per motivi vari non sono regolarmente in funzione o addirittura hanno ritardi nella messa in funzione.<\/p>\n<p>Per tal motivo i calendari definitivi delle attivit\u00e0 federali vengono pubblicati man mano in un periodo che va all\u2019incirca da inizio settembre a fine settembre.<\/p>\n<p>Le date per le categorie U14 e superiori sono in ogni momento consultabili sul sito ufficiale:<\/p>\n<p><a href=\"https:\/\/italia.hockey\/\">https:\/\/italia.hockey\/<\/a><\/p>\n<p>Mentre per le attivit\u00e1 U8, U10 e U12 il calendario ufficiale viene comunicato alle societ\u00e1, che a loro volta lo condividono con i loro soci, nel nostro caso sempre tramite il canale Community di WhatsApp.<\/p>\n<p>&nbsp;<\/td>\n<\/tr>\n<tr>\n<td width=\"366\"><strong>Tornei extrafederali<\/strong><\/p>\n<p>La HCB Foxes Academy cerca di dare la possibilit\u00e0 ai propri atleti di misurarsi con squadre straniere o di altre regioni partecipando a tornei organizzati da altre societ\u00e0 in Italia e all\u2019estero.<\/p>\n<p>La partecipazione a questi tornei non \u00e8 sempre garantita.<\/p>\n<p>Per alcuni tornei (soprattutto quelli pi\u00f9 rinomati) le squadre si iscrivono, ma solo molto tardi ricevono conferma di potervi partecipare.<\/p>\n<p>Anche se non programmate ci sono occasioni in pi\u00f9 per i ragazzi a misurarsi con nuovi avversari. Pu\u00f3 per esempio succedere che la squadra riceve anche un invito ad un torneo con brevissimo preavviso, perch\u00e9 una squadra partecipante si \u00e8 ritirata all\u2019ultimo. Quindi pu\u00f2 succedere che di mercoled\u00ec venga pubblicata la convocazione ad un torneo per il sabato della stessa settimana.<\/p>\n<p>In generale vale che la partecipazione della societ\u00e0 ai vari tornei viene comunicata ai soci ad intervalli irregolari, a seconda delle conferme ottenute dei rispettivi organizzatori di tornei.<\/p>\n<p>&nbsp;<\/td>\n<\/tr>\n<tr>\n<td width=\"366\"><strong>Convocazioni a partite federali <\/strong><\/p>\n<p>Ad una partita non possono essere sempre convocati tutti i giocatori iscritti, perch\u00e9 i regolamenti federali prevedono un numero massimo di portieri e giocatori da schierare in campo.<\/p>\n<p>Una convocazione ad una partita per un atleta \u00e8 come un premio. Vengono premiati non solo le capacit\u00e0 di gioco individuali, ma anche i valori nei quali crediamo.<\/p>\n<p>Impegno dimostrato in allenamento. Sia come numero di presenze, sia come attitudine durante gli allenamenti.<\/p>\n<p>Comportamento sul ghiaccio e negli spogliatoi. I bulli non vengono premiati, perch\u00e9 tra compagni di squadra crediamo nel reciproco rispetto verso i compagni, gli accompagnatori e gli allenatori.<\/p>\n<p>Queste valutazioni gli allenatori le fanno da settimana in settimana e mediamente le convocazioni avvengono 1-3 giorni prima della partita.<\/td>\n<\/tr>\n<tr>\n<td width=\"366\"><strong>Convocazioni a tornei extra federali<\/strong><\/p>\n<p>Vale quanto considerato per le convocazioni alle partite di campionati federali.<\/p>\n<p>Spesso i tornei ai quali la HCB Foxes Academy partecipa sono in luoghi distanti.<\/p>\n<p>Pur conoscendo la data di un torneo con pi\u00f9 ampio anticipo, gli allenatori, sempre seguendo le loro valutazioni, comunicano le convocazioni in un secondo momento pi\u00f9 vicino alla data del torneo il tutto anche soggetto alla logistica che la partecipazione a questo torneo comporta.<\/p>\n<p>La partecipazione ai tornei extra federali comprende per ogni atleta anche una quota extra di partecipazione ai costi di trasferta, che non \u00e8 inclusa nella quota di partecipazione annuale.<\/td>\n<\/tr>\n<tr>\n<td width=\"366\"><strong>Convocazioni in selezioni ufficiali<\/strong><\/p>\n<p>Dopo la U12 iniziano anche le attivit\u00e0 delle rappresentative federali (provinciali o pi\u00f9 in avanti nazionali).<\/p>\n<p>Qui gli atleti d\u2019interesse vengono invitati\/convocati tramite comunicazione fatta dalla federazione alla societ\u00e0, che in questo caso contatta direttamente gli atleti (o i loro genitori).<\/p>\n<p>La convocazione in una rappresentativa \u00e8 un momento speciale per gli atleti e di orgoglio per la societ\u00e0, che va onorato dimostrando il massimo impegno e un buon comportamento dentro e fuori dal campo.<\/td>\n<\/tr>\n<tr>\n<td width=\"366\"><strong>In quali categorie la societ\u00e0 partecipa a tornei extra federali?<\/strong><\/p>\n<p>Gli allenatori si interessano a tornei adatti alla squadra che intendono iscrivere. Questo vale per tutte le categorie dalla U8 alla U19, anche se nelle categorie U16 e U19 i tornei sono pochi.<\/p>\n<p>Non vi \u00e8 ad inizio anno un numero prestabilito di tornei ai quali la societ\u00e0 intende partecipare.<\/p>\n<p>Lo staff tecnico valuta ad inizio stagione e durante la stagione eventuali ulteriori tornei ai quali intende partecipare.<\/p>\n<p>&nbsp;<\/td>\n<\/tr>\n<tr>\n<td width=\"366\"><strong>Ma se un torneo \u00e8 lontano?<\/strong><\/p>\n<p>Se un torneo \u00e8 troppo distante da Bolzano la societ\u00e0 tendenzialmente propone con la trasferta anche il pernottamento. In ogni caso in tornei della durata di due giorni e comunque anche in tornei distanti dove la prima partita si svolge presto al mattino.<\/p>\n<p>Il pernottamento e la trasferta vengono organizzati dalla societ\u00e0 e i ragazzi viaggiano e pernottano insieme.<\/p>\n<p>I genitori che viaggiano a seguito vengono invitati a non soggiornare nello stesso albergo per consentire ai ragazzi l\u2019esperienza di un indimenticabile trasferta con la squadra.<\/p>\n<p>E di ogni trasferta e di ogni torneo i ragazzi faranno tesoro di questa indimenticabile esperienza.<\/p>\n<p>&nbsp;<\/td>\n<\/tr>\n<\/tbody>\n<\/table>\n<table width=\"737\">\n<tbody>\n<tr>\n<td width=\"366\"><strong>Info intorno agli allenamenti<\/strong><\/p>\n<p>Cosa si richiede ai bambini e ai ragazzi per gli allenamenti:<\/p>\n<p>&#8211;\u00a0\u00a0\u00a0\u00a0\u00a0\u00a0\u00a0 Che le ragazze e i ragazzi siano puntuali;<\/p>\n<p>&#8211;\u00a0\u00a0\u00a0\u00a0\u00a0\u00a0\u00a0 Che i ragazzi si ritrovino in spogliatoio 30 minuti prima dell\u2019allenamento sul ghiaccio;<\/p>\n<p>&#8211;\u00a0\u00a0\u00a0\u00a0\u00a0\u00a0\u00a0 che vengano sempre comunicate le assenze (con motivazione) degli atleti nei rispettivi gruppi WhatsApp.<\/p>\n<p>&#8211;\u00a0\u00a0\u00a0\u00a0\u00a0\u00a0\u00a0 Che vengano comunicati eventuali ritardi per altre attivit\u00e1 o per traffico;<\/p>\n<p>&#8211;\u00a0\u00a0\u00a0\u00a0\u00a0\u00a0\u00a0 Che dalla U12 in poi gli allenamenti a secco (Dryland, Stickhandling, Hand-Eye coordination) vengano considerati parte integrante dell\u2019allenamento e non come un optional facoltativo;<\/p>\n<p>&#8211;\u00a0\u00a0\u00a0\u00a0\u00a0\u00a0\u00a0 Che per le fasce d\u2019et\u00e1 interessate venga contemplato di partecipare anche alle attivit\u00e1 in palestra, anche se rimane un fattore facoltativo a seconda degli impegni scolastici;<\/p>\n<p>Anche questi fattori vengono presi in considerazione per le convocazioni a partite e tornei.<\/p>\n<p>Per facilitare la logistica alle famiglie si consiglia ti trovarsi tra genitori e di organizzarsi per portare i ragazzi ad allenamento con un minor numero di macchine facendo a turno.<\/p>\n<p>Nei periodi estivi (normalmente in agosto) o comunque durante le vacanze scolastiche vi sono essere anche dei camp di allenamento per giocatori e portieri organizzati dal HCB FOXES ACADEMY o in collaborazione con i nostri allenatori, eventuali informazioni verranno pubblicate nei vari gruppi.<\/p>\n<p>&nbsp;<\/td>\n<\/tr>\n<tr>\n<td width=\"366\"><strong>Info intorno alle partite federali e non<\/strong><\/p>\n<p>Per permettere ai ragazzi di prepararsi mentalmente e fisicamente alla partita, si richiede:<\/p>\n<p>&#8211;\u00a0\u00a0\u00a0\u00a0\u00a0\u00a0\u00a0 Che le ragazze e i ragazzi siano puntuali;<\/p>\n<p>&#8211;\u00a0\u00a0\u00a0\u00a0\u00a0\u00a0\u00a0 Che sino al U12 il ritrovo in spogliatoio \u00e8 75 minuti prima della partita sul ghiaccio;<\/p>\n<p>&#8211;\u00a0\u00a0\u00a0\u00a0\u00a0\u00a0\u00a0 che sino dalla U14 in poi il ritrovo in spogliatoio \u00e8 1 ora e 45 minuti prima della partita sul ghiaccio;<\/p>\n<p>&#8211;\u00a0\u00a0\u00a0\u00a0\u00a0\u00a0\u00a0 Che vengano comunicati eventuali ritardi per altre attivit\u00e1 o per traffico;<\/p>\n<p>&#8211;\u00a0\u00a0\u00a0\u00a0\u00a0\u00a0\u00a0 Che eventuali assenze per improvvisa malattia vengano subito comunicati per eventualmente poter chiamare una riserva;<\/p>\n<p>Per chi vorrebbe seguire le partite dei ragazzi nei campionati federali da casa possiamo consigliare di visitare il sito <a href=\"https:\/\/hockey.fisg.tv\">https:\/\/hockey.fisg.tv<\/a><\/p>\n<p>Alcuni tornei ogni tanto trasmettono pure le loro partite in streaming, su apposite piattaforme o canali youtube. In tal caso verrano comunicate le informazioni nei rispettivi gruppi.<\/p>\n<p>&nbsp;<\/td>\n<\/tr>\n<\/tbody>\n<\/table>\n","protected":false},"excerpt":{"rendered":"<p>Divisa di societ\u00e1 durante tornei e partite I ragazzi ricevono inizialmente un kit di vestiario della loro misura, che col tempo pu\u00f3 essere sostituito o rimpiazzato e per il quale verranno fatte comunicazioni ad hoc in merito. Le squadre delle categorie U8, U10 e U12 indossano la divisa di squadra composta da: &#8211;\u00a0\u00a0\u00a0\u00a0\u00a0\u00a0\u00a0 Pantaloni di [&hellip;]<\/p>\n","protected":false},"author":2,"featured_media":0,"parent":0,"menu_order":0,"comment_status":"closed","ping_status":"closed","template":"","meta":{"_acf_changed":false,"footnotes":""},"acf":[],"yoast_head":"<!-- This site is optimized with the Yoast SEO plugin v22.5 - https:\/\/yoast.com\/wordpress\/plugins\/seo\/ -->\n<title>FAQ su allenamenti, partite e tornei - HCB Foxes Academy<\/title>\n<meta name=\"robots\" content=\"index, follow, max-snippet:-1, max-image-preview:large, max-video-preview:-1\" \/>\n<link rel=\"canonical\" href=\"https:\/\/www.hcbfoxesacademy.org\/it\/faq-su-allenamenti-partite-e-tornei\/\" \/>\n<meta property=\"og:locale\" content=\"it_IT\" \/>\n<meta property=\"og:type\" content=\"article\" \/>\n<meta property=\"og:title\" content=\"FAQ su allenamenti, partite e tornei - HCB Foxes Academy\" \/>\n<meta property=\"og:description\" content=\"Divisa di societ\u00e1 durante tornei e partite I ragazzi ricevono inizialmente un kit di vestiario della loro misura, che col tempo pu\u00f3 essere sostituito o rimpiazzato e per il quale verranno fatte comunicazioni ad hoc in merito. Le squadre delle categorie U8, U10 e U12 indossano la divisa di squadra composta da: &#8211;\u00a0\u00a0\u00a0\u00a0\u00a0\u00a0\u00a0 Pantaloni di [&hellip;]\" \/>\n<meta property=\"og:url\" content=\"https:\/\/www.hcbfoxesacademy.org\/it\/faq-su-allenamenti-partite-e-tornei\/\" \/>\n<meta property=\"og:site_name\" content=\"HCB Foxes Academy\" \/>\n<meta name=\"twitter:card\" content=\"summary_large_image\" \/>\n<meta name=\"twitter:label1\" content=\"Est. reading time\" \/>\n\t<meta name=\"twitter:data1\" content=\"9 minutes\" \/>\n<script type=\"application\/ld+json\" class=\"yoast-schema-graph\">{\"@context\":\"https:\/\/schema.org\",\"@graph\":[{\"@type\":\"WebPage\",\"@id\":\"https:\/\/www.hcbfoxesacademy.org\/it\/faq-su-allenamenti-partite-e-tornei\/\",\"url\":\"https:\/\/www.hcbfoxesacademy.org\/it\/faq-su-allenamenti-partite-e-tornei\/\",\"name\":\"FAQ su allenamenti, partite e tornei - HCB Foxes Academy\",\"isPartOf\":{\"@id\":\"https:\/\/www.hcbfoxesacademy.org\/it\/#website\"},\"datePublished\":\"2025-10-14T20:14:29+00:00\",\"dateModified\":\"2025-10-14T20:14:29+00:00\",\"breadcrumb\":{\"@id\":\"https:\/\/www.hcbfoxesacademy.org\/it\/faq-su-allenamenti-partite-e-tornei\/#breadcrumb\"},\"inLanguage\":\"it-IT\",\"potentialAction\":[{\"@type\":\"ReadAction\",\"target\":[\"https:\/\/www.hcbfoxesacademy.org\/it\/faq-su-allenamenti-partite-e-tornei\/\"]}]},{\"@type\":\"BreadcrumbList\",\"@id\":\"https:\/\/www.hcbfoxesacademy.org\/it\/faq-su-allenamenti-partite-e-tornei\/#breadcrumb\",\"itemListElement\":[{\"@type\":\"ListItem\",\"position\":1,\"name\":\"Home\",\"item\":\"https:\/\/www.hcbfoxesacademy.org\/it\/\"},{\"@type\":\"ListItem\",\"position\":2,\"name\":\"FAQ su allenamenti, partite e tornei\"}]},{\"@type\":\"WebSite\",\"@id\":\"https:\/\/www.hcbfoxesacademy.org\/it\/#website\",\"url\":\"https:\/\/www.hcbfoxesacademy.org\/it\/\",\"name\":\"HCB Foxes Academy\",\"description\":\"HCB foxes academy\",\"publisher\":{\"@id\":\"https:\/\/www.hcbfoxesacademy.org\/it\/#organization\"},\"potentialAction\":[{\"@type\":\"SearchAction\",\"target\":{\"@type\":\"EntryPoint\",\"urlTemplate\":\"https:\/\/www.hcbfoxesacademy.org\/it\/?s={search_term_string}\"},\"query-input\":\"required name=search_term_string\"}],\"inLanguage\":\"it-IT\"},{\"@type\":\"Organization\",\"@id\":\"https:\/\/www.hcbfoxesacademy.org\/it\/#organization\",\"name\":\"HCB Foxes Academy\",\"url\":\"https:\/\/www.hcbfoxesacademy.org\/it\/\",\"logo\":{\"@type\":\"ImageObject\",\"inLanguage\":\"it-IT\",\"@id\":\"https:\/\/www.hcbfoxesacademy.org\/it\/#\/schema\/logo\/image\/\",\"url\":\"https:\/\/img.wunderfarm.cloud\/134880438c3d4d5e\/2019\/08\/13\/c\/0x0\/filters:no_upscale()\/filters:strip_exif()\/logo-academy-2019.svg\",\"contentUrl\":\"https:\/\/img.wunderfarm.cloud\/134880438c3d4d5e\/2019\/08\/13\/c\/0x0\/filters:no_upscale()\/filters:strip_exif()\/logo-academy-2019.svg\",\"caption\":\"HCB Foxes Academy\"},\"image\":{\"@id\":\"https:\/\/www.hcbfoxesacademy.org\/it\/#\/schema\/logo\/image\/\"}}]}<\/script>\n<!-- \/ Yoast SEO plugin. -->","yoast_head_json":{"title":"FAQ su allenamenti, partite e tornei - HCB Foxes Academy","robots":{"index":"index","follow":"follow","max-snippet":"max-snippet:-1","max-image-preview":"max-image-preview:large","max-video-preview":"max-video-preview:-1"},"canonical":"https:\/\/www.hcbfoxesacademy.org\/it\/faq-su-allenamenti-partite-e-tornei\/","og_locale":"it_IT","og_type":"article","og_title":"FAQ su allenamenti, partite e tornei - HCB Foxes Academy","og_description":"Divisa di societ\u00e1 durante tornei e partite I ragazzi ricevono inizialmente un kit di vestiario della loro misura, che col tempo pu\u00f3 essere sostituito o rimpiazzato e per il quale verranno fatte comunicazioni ad hoc in merito. Le squadre delle categorie U8, U10 e U12 indossano la divisa di squadra composta da: &#8211;\u00a0\u00a0\u00a0\u00a0\u00a0\u00a0\u00a0 Pantaloni di [&hellip;]","og_url":"https:\/\/www.hcbfoxesacademy.org\/it\/faq-su-allenamenti-partite-e-tornei\/","og_site_name":"HCB Foxes Academy","twitter_card":"summary_large_image","twitter_misc":{"Est. reading time":"9 minutes"},"schema":{"@context":"https:\/\/schema.org","@graph":[{"@type":"WebPage","@id":"https:\/\/www.hcbfoxesacademy.org\/it\/faq-su-allenamenti-partite-e-tornei\/","url":"https:\/\/www.hcbfoxesacademy.org\/it\/faq-su-allenamenti-partite-e-tornei\/","name":"FAQ su allenamenti, partite e tornei - HCB Foxes Academy","isPartOf":{"@id":"https:\/\/www.hcbfoxesacademy.org\/it\/#website"},"datePublished":"2025-10-14T20:14:29+00:00","dateModified":"2025-10-14T20:14:29+00:00","breadcrumb":{"@id":"https:\/\/www.hcbfoxesacademy.org\/it\/faq-su-allenamenti-partite-e-tornei\/#breadcrumb"},"inLanguage":"it-IT","potentialAction":[{"@type":"ReadAction","target":["https:\/\/www.hcbfoxesacademy.org\/it\/faq-su-allenamenti-partite-e-tornei\/"]}]},{"@type":"BreadcrumbList","@id":"https:\/\/www.hcbfoxesacademy.org\/it\/faq-su-allenamenti-partite-e-tornei\/#breadcrumb","itemListElement":[{"@type":"ListItem","position":1,"name":"Home","item":"https:\/\/www.hcbfoxesacademy.org\/it\/"},{"@type":"ListItem","position":2,"name":"FAQ su allenamenti, partite e tornei"}]},{"@type":"WebSite","@id":"https:\/\/www.hcbfoxesacademy.org\/it\/#website","url":"https:\/\/www.hcbfoxesacademy.org\/it\/","name":"HCB Foxes Academy","description":"HCB foxes academy","publisher":{"@id":"https:\/\/www.hcbfoxesacademy.org\/it\/#organization"},"potentialAction":[{"@type":"SearchAction","target":{"@type":"EntryPoint","urlTemplate":"https:\/\/www.hcbfoxesacademy.org\/it\/?s={search_term_string}"},"query-input":"required name=search_term_string"}],"inLanguage":"it-IT"},{"@type":"Organization","@id":"https:\/\/www.hcbfoxesacademy.org\/it\/#organization","name":"HCB Foxes Academy","url":"https:\/\/www.hcbfoxesacademy.org\/it\/","logo":{"@type":"ImageObject","inLanguage":"it-IT","@id":"https:\/\/www.hcbfoxesacademy.org\/it\/#\/schema\/logo\/image\/","url":"https:\/\/img.wunderfarm.cloud\/134880438c3d4d5e\/2019\/08\/13\/c\/0x0\/filters:no_upscale()\/filters:strip_exif()\/logo-academy-2019.svg","contentUrl":"https:\/\/img.wunderfarm.cloud\/134880438c3d4d5e\/2019\/08\/13\/c\/0x0\/filters:no_upscale()\/filters:strip_exif()\/logo-academy-2019.svg","caption":"HCB Foxes Academy"},"image":{"@id":"https:\/\/www.hcbfoxesacademy.org\/it\/#\/schema\/logo\/image\/"}}]}},"_links":{"self":[{"href":"https:\/\/www.hcbfoxesacademy.org\/it\/wp-json\/wp\/v2\/pages\/2421"}],"collection":[{"href":"https:\/\/www.hcbfoxesacademy.org\/it\/wp-json\/wp\/v2\/pages"}],"about":[{"href":"https:\/\/www.hcbfoxesacademy.org\/it\/wp-json\/wp\/v2\/types\/page"}],"author":[{"embeddable":true,"href":"https:\/\/www.hcbfoxesacademy.org\/it\/wp-json\/wp\/v2\/users\/2"}],"replies":[{"embeddable":true,"href":"https:\/\/www.hcbfoxesacademy.org\/it\/wp-json\/wp\/v2\/comments?post=2421"}],"version-history":[{"count":1,"href":"https:\/\/www.hcbfoxesacademy.org\/it\/wp-json\/wp\/v2\/pages\/2421\/revisions"}],"predecessor-version":[{"id":2422,"href":"https:\/\/www.hcbfoxesacademy.org\/it\/wp-json\/wp\/v2\/pages\/2421\/revisions\/2422"}],"wp:attachment":[{"href":"https:\/\/www.hcbfoxesacademy.org\/it\/wp-json\/wp\/v2\/media?parent=2421"}],"curies":[{"name":"wp","href":"https:\/\/api.w.org\/{rel}","templated":true}]}}