{"id":150,"date":"2019-08-13T07:25:54","date_gmt":"2019-08-13T07:25:54","guid":{"rendered":"http:\/\/www.hcbfoxesacademy.org\/?page_id=150"},"modified":"2019-08-20T09:23:47","modified_gmt":"2019-08-20T09:23:47","slug":"privacy","status":"publish","type":"page","link":"https:\/\/www.hcbfoxesacademy.org\/it\/privacy\/","title":{"rendered":"Privacy"},"content":{"rendered":"\n<h2>Informativa sul trattamento dei dati personali<\/h2>\n<p>Hcb Foxes Academy(\u201eTitolare\u201c o \u201cAzienda\u201d), con sede a  Bolzano<\/p>\n\n\n\n\t<h3>1.\tInformazioni generali<\/h3>\n\n\t\t<p>\n\t\t\t1.1 La nostra Azienda si impegna a rispettare la tua privacy e trattiamo i tuoi dati unicamente sulla base del quadro normativo vigente, vale a dire, il regolamento UE nr. 679\/2016 (di seguito \u201eRegolamento\u201c)\n\t\t<\/p>\n\t\t<p>\n\t\t\t1.2\tNella presente Informativa privacy ti informiamo sugli aspetti pi\u00f9 importanti relativi ai trattamenti di dati personali in merito al nostro sito internet, all'applicazione e il nostro servizio (di seguito \u201cServizi\u201d o \u201cProdotti).\n\t\t<\/p>\n\t\t<p>\n\t\t\t1.3\tTutti i termini indicati nella presente Informativa hanno il significato definito nelle fonti normative di riferimento succitate al punto 1.1.\n\t\t<\/p>\n\n\t<h3>2.\tDati personali trattati<\/h3>\n\n\t<p>\n\t\tTrattiamo i seguenti dati personali, quando visita il nostro sito internet:\n\t\t<ol>\n\t\t\t<li>nome<\/li> \n\t\t\t<li>indirizzo email<\/li>\n\t\t\t<li>numero di telefono<\/li>\n\t\t\t<li>indirizzo IP<\/li>\n\t\t\t<li>informazioni su come usi i nostri servizi<\/li> \n\t\t\t<li>contenuti che comunicate, contribuite a dare, caricate, ecc.;<\/li> \n\t\t\t<li>dati tecnici, come per es. la URL dalla quale raggiungete il nostro sito, il tuo indirizzo IP, prestazione della tua rete e del tuo PC, tipo di browser adoperato, preferenza linguistica, sistema operativo, ecc.<\/li> \n\t\t<\/ol>\n\t\t\n\t\tSenza i suindicati dati non possiamo fornire i servizi.\n\t<\/p>\n\n\t<h3>3.\tFinalit\u00e0 e liceit\u00e0 del trattamento dei dati<\/h3>\n\t<p>Con il trattamento dei su-indicati dati perseguiamo le seguenti finalit\u00e0::<br \/><br \/>\n\t\t3.1\tContattaci: l\u2019operativit\u00e0 del servizio \u201ccontattaci\u201d, e quindi ad autorizzare l'azienda contitolari di trattamento a contattare l\u2019Utente direttamente, a seguito della compilazione e l\u2019invio online, da parte dell\u2019Utente, dell\u2019apposito modulo; <br \/>\n\t\t3.2 Newsletter: l\u2019invio di newsletter, e, previo consenso dell\u2019Utente, all\u2019invio di informazioni commerciali di materiale pubblicitario e informativo e\/o l\u2019effettuazione di comunicazioni commerciali, anche interattive. Le informative in tal senso sono specifiche per ogni newsletter per cui viene richiesta l\u2019iscrizione;<br \/>\n\t\t3.3 L'operativit\u00e0 dei giochi e concorsi, e quindi ad autorizzare l'aziende contitolari di trattamento a contattare l\u2019Utente \u2013 in caso di vincita \u2013 direttamente, a seguito della compilazione e l\u2019invio online, da parte dell\u2019Utente, dell\u2019apposito modulo e della presa visione della specifica informativa privacy;<br \/>\n\t\t3.4 Profilazione: le finalit\u00e0 accessorie di profilazione saranno corredate da informative e consensi specifici, liberi e separati.<br \/>\n\t<\/p>\n\n\t<h3>4.\tTrasferimento di dati a terzi <\/h3>\n\n\t<p>\n\t\t\tI dati personali degli Utenti potranno essere comunicati a terzi per adempiere ad obblighi di legge, ovvero per rispettare ordini provenienti da pubbliche autorit\u00e0 ovvero per esercitare un diritto in sede giudiziaria. Sono altres\u00ec comunicati a societ\u00e0 esterne eventualmente delegate per le suddette finalit\u00e0.\n\t<\/p>\n\n\t<h3>5.\tCookies, pixels e altri sistemi tecnologici<\/h3>\n\t<p>\n\t\t\t5.1\tNoi raccogliamo dati personali attraverso diversi sistemi tecnologici, come p.es. cookies, pixels, tags, alcuni dei quali possono essere piazzati anche sul tuo PC. Per informazioni su come usiamo queste tecnologie, facciamo riferimento alla nostra cookie policy, che trovi (<a href=\"\">Cookies<\/a>).\n\t<\/p>\n\t<h3>6.\tDurata del trattamento dei dati personali<\/h3>\n\t<p>\n\t\t\t6.1 I suoi dati personali saranno trattati con strumenti automatizzati e non, per il tempo strettamente necessario a conseguire gli scopi per cui sono stati raccolti.\n\t<\/p>\n\n\t<h3>7.\tMinori<\/h3>\n\t<p>\n\t\t\t7.1 Noi non offriamo i nostri Servizi a persone che non hanno ancora compiuto 14 anni. Se avete il dovere di sorveglianza su una persona minore di 14 anni, e vi accorgete che tale minore abbia trasferito a noi senza il nostro consenso i suoi dati personali, Vi preghiamo di contattarci immediatamente (hcbfoxesacademy@gmail.com), affinch\u00e9 possiamo porre in essere le misure adeguate nell\u2019interesse del minore.\n\t<\/p>\n\n\t<h3>8.\tI tuoi diritti<\/h3>\n\t<p>\n\t\t8.1\tHai un diritto assoluto di disporre dei tuoi dati personali. La normativa sulla protezione dei dati personali prevede in linea di principio i seguenti diritti: informazione e accesso ai dati personali, rettifica e cancellazione, limitazione, portabilit\u00e0, nonch\u00e9 opposizione al trattamento.<br \/>\n\t\t<br \/>\n\t\t8.2\tSe ti opponi al trattamento dei tuoi dati, ci\u00f2 non ha un impatto sulla liceit\u00e0 del trattamento precedente a tale opposizione. In alcuni casi, i tuoi dati possono essere trattati anche dopo la tua opposizione al rispettivo trattamento; ci\u00f2 per\u00f2 solo se il trattamento avviene in conformit\u00e0 a una condizione di liceit\u00e0 diversa dal tuo consenso. Si pu\u00f2 sempre opporsi al marketing diretto.<br \/>\n\t<\/p>\n\n\t<\/ol>\n\n\n\t<h3>9.\tCome contattarci:<\/h3>\n\t<p>\n\t\tHcb Foxes Academy <br \/>\n\t\tVia Castelnovale 26 <br \/>\n\t\t39100 Bolzano <br \/>\n\t\t0471 18 18 868<br \/>\n\t\thcbfoxesacademy@gmail.com \n\n\t<\/p>\n\n\n","protected":false},"excerpt":{"rendered":"","protected":false},"author":1,"featured_media":0,"parent":0,"menu_order":0,"comment_status":"closed","ping_status":"closed","template":"","meta":{"_acf_changed":false,"footnotes":""},"acf":[],"yoast_head":"<!-- This site is optimized with the Yoast SEO plugin v22.5 - https:\/\/yoast.com\/wordpress\/plugins\/seo\/ -->\n<title>Privacy - HCB Foxes Academy<\/title>\n<meta name=\"robots\" content=\"index, follow, max-snippet:-1, max-image-preview:large, max-video-preview:-1\" \/>\n<link rel=\"canonical\" href=\"https:\/\/www.hcbfoxesacademy.org\/it\/privacy\/\" \/>\n<meta property=\"og:locale\" content=\"it_IT\" \/>\n<meta property=\"og:type\" content=\"article\" \/>\n<meta property=\"og:title\" content=\"Privacy - HCB Foxes Academy\" \/>\n<meta property=\"og:url\" content=\"https:\/\/www.hcbfoxesacademy.org\/it\/privacy\/\" \/>\n<meta property=\"og:site_name\" content=\"HCB Foxes Academy\" \/>\n<meta property=\"article:modified_time\" content=\"2019-08-20T09:23:47+00:00\" \/>\n<meta name=\"twitter:card\" content=\"summary_large_image\" \/>\n<script type=\"application\/ld+json\" class=\"yoast-schema-graph\">{\"@context\":\"https:\/\/schema.org\",\"@graph\":[{\"@type\":\"WebPage\",\"@id\":\"https:\/\/www.hcbfoxesacademy.org\/it\/privacy\/\",\"url\":\"https:\/\/www.hcbfoxesacademy.org\/it\/privacy\/\",\"name\":\"Privacy - HCB Foxes Academy\",\"isPartOf\":{\"@id\":\"https:\/\/www.hcbfoxesacademy.org\/it\/#website\"},\"datePublished\":\"2019-08-13T07:25:54+00:00\",\"dateModified\":\"2019-08-20T09:23:47+00:00\",\"breadcrumb\":{\"@id\":\"https:\/\/www.hcbfoxesacademy.org\/it\/privacy\/#breadcrumb\"},\"inLanguage\":\"it-IT\",\"potentialAction\":[{\"@type\":\"ReadAction\",\"target\":[\"https:\/\/www.hcbfoxesacademy.org\/it\/privacy\/\"]}]},{\"@type\":\"BreadcrumbList\",\"@id\":\"https:\/\/www.hcbfoxesacademy.org\/it\/privacy\/#breadcrumb\",\"itemListElement\":[{\"@type\":\"ListItem\",\"position\":1,\"name\":\"Home\",\"item\":\"https:\/\/www.hcbfoxesacademy.org\/it\/\"},{\"@type\":\"ListItem\",\"position\":2,\"name\":\"Privacy\"}]},{\"@type\":\"WebSite\",\"@id\":\"https:\/\/www.hcbfoxesacademy.org\/it\/#website\",\"url\":\"https:\/\/www.hcbfoxesacademy.org\/it\/\",\"name\":\"HCB Foxes Academy\",\"description\":\"HCB foxes academy\",\"publisher\":{\"@id\":\"https:\/\/www.hcbfoxesacademy.org\/it\/#organization\"},\"potentialAction\":[{\"@type\":\"SearchAction\",\"target\":{\"@type\":\"EntryPoint\",\"urlTemplate\":\"https:\/\/www.hcbfoxesacademy.org\/it\/?s={search_term_string}\"},\"query-input\":\"required name=search_term_string\"}],\"inLanguage\":\"it-IT\"},{\"@type\":\"Organization\",\"@id\":\"https:\/\/www.hcbfoxesacademy.org\/it\/#organization\",\"name\":\"HCB Foxes Academy\",\"url\":\"https:\/\/www.hcbfoxesacademy.org\/it\/\",\"logo\":{\"@type\":\"ImageObject\",\"inLanguage\":\"it-IT\",\"@id\":\"https:\/\/www.hcbfoxesacademy.org\/it\/#\/schema\/logo\/image\/\",\"url\":\"https:\/\/img.wunderfarm.cloud\/134880438c3d4d5e\/2019\/08\/13\/c\/0x0\/filters:no_upscale()\/filters:strip_exif()\/logo-academy-2019.svg\",\"contentUrl\":\"https:\/\/img.wunderfarm.cloud\/134880438c3d4d5e\/2019\/08\/13\/c\/0x0\/filters:no_upscale()\/filters:strip_exif()\/logo-academy-2019.svg\",\"caption\":\"HCB Foxes Academy\"},\"image\":{\"@id\":\"https:\/\/www.hcbfoxesacademy.org\/it\/#\/schema\/logo\/image\/\"}}]}<\/script>\n<!-- \/ Yoast SEO plugin. -->","yoast_head_json":{"title":"Privacy - HCB Foxes Academy","robots":{"index":"index","follow":"follow","max-snippet":"max-snippet:-1","max-image-preview":"max-image-preview:large","max-video-preview":"max-video-preview:-1"},"canonical":"https:\/\/www.hcbfoxesacademy.org\/it\/privacy\/","og_locale":"it_IT","og_type":"article","og_title":"Privacy - HCB Foxes Academy","og_url":"https:\/\/www.hcbfoxesacademy.org\/it\/privacy\/","og_site_name":"HCB Foxes Academy","article_modified_time":"2019-08-20T09:23:47+00:00","twitter_card":"summary_large_image","schema":{"@context":"https:\/\/schema.org","@graph":[{"@type":"WebPage","@id":"https:\/\/www.hcbfoxesacademy.org\/it\/privacy\/","url":"https:\/\/www.hcbfoxesacademy.org\/it\/privacy\/","name":"Privacy - HCB Foxes Academy","isPartOf":{"@id":"https:\/\/www.hcbfoxesacademy.org\/it\/#website"},"datePublished":"2019-08-13T07:25:54+00:00","dateModified":"2019-08-20T09:23:47+00:00","breadcrumb":{"@id":"https:\/\/www.hcbfoxesacademy.org\/it\/privacy\/#breadcrumb"},"inLanguage":"it-IT","potentialAction":[{"@type":"ReadAction","target":["https:\/\/www.hcbfoxesacademy.org\/it\/privacy\/"]}]},{"@type":"BreadcrumbList","@id":"https:\/\/www.hcbfoxesacademy.org\/it\/privacy\/#breadcrumb","itemListElement":[{"@type":"ListItem","position":1,"name":"Home","item":"https:\/\/www.hcbfoxesacademy.org\/it\/"},{"@type":"ListItem","position":2,"name":"Privacy"}]},{"@type":"WebSite","@id":"https:\/\/www.hcbfoxesacademy.org\/it\/#website","url":"https:\/\/www.hcbfoxesacademy.org\/it\/","name":"HCB Foxes Academy","description":"HCB foxes academy","publisher":{"@id":"https:\/\/www.hcbfoxesacademy.org\/it\/#organization"},"potentialAction":[{"@type":"SearchAction","target":{"@type":"EntryPoint","urlTemplate":"https:\/\/www.hcbfoxesacademy.org\/it\/?s={search_term_string}"},"query-input":"required name=search_term_string"}],"inLanguage":"it-IT"},{"@type":"Organization","@id":"https:\/\/www.hcbfoxesacademy.org\/it\/#organization","name":"HCB Foxes Academy","url":"https:\/\/www.hcbfoxesacademy.org\/it\/","logo":{"@type":"ImageObject","inLanguage":"it-IT","@id":"https:\/\/www.hcbfoxesacademy.org\/it\/#\/schema\/logo\/image\/","url":"https:\/\/img.wunderfarm.cloud\/134880438c3d4d5e\/2019\/08\/13\/c\/0x0\/filters:no_upscale()\/filters:strip_exif()\/logo-academy-2019.svg","contentUrl":"https:\/\/img.wunderfarm.cloud\/134880438c3d4d5e\/2019\/08\/13\/c\/0x0\/filters:no_upscale()\/filters:strip_exif()\/logo-academy-2019.svg","caption":"HCB Foxes Academy"},"image":{"@id":"https:\/\/www.hcbfoxesacademy.org\/it\/#\/schema\/logo\/image\/"}}]}},"_links":{"self":[{"href":"https:\/\/www.hcbfoxesacademy.org\/it\/wp-json\/wp\/v2\/pages\/150"}],"collection":[{"href":"https:\/\/www.hcbfoxesacademy.org\/it\/wp-json\/wp\/v2\/pages"}],"about":[{"href":"https:\/\/www.hcbfoxesacademy.org\/it\/wp-json\/wp\/v2\/types\/page"}],"author":[{"embeddable":true,"href":"https:\/\/www.hcbfoxesacademy.org\/it\/wp-json\/wp\/v2\/users\/1"}],"replies":[{"embeddable":true,"href":"https:\/\/www.hcbfoxesacademy.org\/it\/wp-json\/wp\/v2\/comments?post=150"}],"version-history":[{"count":2,"href":"https:\/\/www.hcbfoxesacademy.org\/it\/wp-json\/wp\/v2\/pages\/150\/revisions"}],"predecessor-version":[{"id":167,"href":"https:\/\/www.hcbfoxesacademy.org\/it\/wp-json\/wp\/v2\/pages\/150\/revisions\/167"}],"wp:attachment":[{"href":"https:\/\/www.hcbfoxesacademy.org\/it\/wp-json\/wp\/v2\/media?parent=150"}],"curies":[{"name":"wp","href":"https:\/\/api.w.org\/{rel}","templated":true}]}}