{"id":106,"date":"2019-08-12T10:34:25","date_gmt":"2019-08-12T10:34:25","guid":{"rendered":"http:\/\/www.hcbfoxesacademy.org\/?page_id=106"},"modified":"2022-07-25T13:51:54","modified_gmt":"2022-07-25T13:51:54","slug":"chi-siamo","status":"publish","type":"page","link":"https:\/\/www.hcbfoxesacademy.org\/it\/chi-siamo\/","title":{"rendered":"Chi siamo"},"content":{"rendered":"<div id=\"comp-j98hkghk\" class=\"txtNew\" data-packed=\"true\">\n<p class=\"font_8\"><span class=\"color_23\"><img loading=\"lazy\" decoding=\"async\" class=\"wp-image-991 alignleft\" src=\"http:\/\/www.hcbfoxesacademy.org\/wp-content\/uploads\/2019\/10\/20181116_006.jpg\" alt=\"\" width=\"360\" height=\"240\" data-headline=\"20181116_006\" \/>Il 2018 \u00e8 un anno storico per l\u2019hockey giovanile a Bolzano. Dopo un primo esperimento che aveva unito con successo l\u2019U15 e l\u2019U17 di HCB Junior e Hockey Academy Bolzano, le due societ\u00e0 hanno deciso di trasformare il fidanzamento in un vero e proprio matrimonio: cos\u00ec\u00a0\u00e8 nata l\u2019HCB Foxes Academy, realt\u00e0 giovanile tutta nuova che mira ad unire le forze per dare alla citt\u00e0 e alla provincia di Bolzano un settore giovanile stabile, strutturato e professionale per la crescita dei giovani hockeisti.<\/span><\/p>\n<p class=\"font_8\"><span class=\"color_23\">Il successo dell\u2019HCB Alto Adige Alperia nel campionato EBEL ha infatti dato una spinta fortissima all\u2019hockey su ghiaccio in citt\u00e0 e, negli anni, \u00e8 diventata evidente la necessit\u00e0 di un contenitore unico per tutti quei bambini e bambine, ragazzi e ragazze che sognano un giorno di poter giocare in prima squadra.<\/span><\/p>\n<p><img loading=\"lazy\" decoding=\"async\" class=\"alignright wp-image-994\" src=\"http:\/\/www.hcbfoxesacademy.org\/wp-content\/uploads\/2019\/10\/36a2409-1024x683.jpg\" alt=\"\" width=\"390\" height=\"260\" data-headline=\"_36A2409\" \/><\/p>\n<p class=\"font_8\"><span class=\"color_23\">L\u2019HCB Foxes Academy si presenta al via dei campionati U7, U9, U11, U13, U15, U17 (sotto lo stemma dell&#8217;HC Bolzano) e U19. Negli anni il lavoro dell\u2019HCB Foxes Academy vuole essere importante anche per garantire all\u2019HCB Alto Adige Alperia un valido rifornimento di talentuosi giovani provenienti dalla propria \u201ccantera\u201d.<\/span><\/p>\n<p class=\"font_8\"><span class=\"color_23\">Sono circa 200 i ragazzi che indossano la maglia dei giovani biancorossi e che possono\u00a0sfruttare tre strutture in citt\u00e0: il Palaonda, la Sill e la Pista Zero.<\/span><\/p>\n<p class=\"font_8\"><span class=\"color_23\">Il coaching staff \u00e8 composto da otto allenatori, con una specifica attenzione anche per il pattinaggio e la preparazione a secco.\u00a0<\/span><\/p>\n<\/div>\n<p>&nbsp;<\/p>\n<p><strong>La mission<\/strong><\/p>\n<p><img loading=\"lazy\" decoding=\"async\" class=\"aligncenter size-large wp-image-2010\" src=\"https:\/\/www.hcbfoxesacademy.org\/wp-content\/uploads\/2022\/07\/hcb-foxes-academy_mission_page-0001-1024x576.jpg\" alt=\"\" width=\"1024\" height=\"576\" data-headline=\"HCB Foxes Academy_Mission_page-0001\" \/> <img loading=\"lazy\" decoding=\"async\" class=\"aligncenter size-large wp-image-2012\" src=\"https:\/\/www.hcbfoxesacademy.org\/wp-content\/uploads\/2022\/07\/hcb-foxes-academy_mission_page-0002-1024x576.jpg\" alt=\"\" width=\"1024\" height=\"576\" data-headline=\"HCB Foxes Academy_Mission_page-0002\" \/> <img loading=\"lazy\" decoding=\"async\" class=\"aligncenter size-large wp-image-2014\" src=\"https:\/\/www.hcbfoxesacademy.org\/wp-content\/uploads\/2022\/07\/hcb-foxes-academy_mission_page-0003-1024x576.jpg\" alt=\"\" width=\"1024\" height=\"576\" data-headline=\"HCB Foxes Academy_Mission_page-0003\" \/> <img loading=\"lazy\" decoding=\"async\" class=\"aligncenter size-large wp-image-2016\" src=\"https:\/\/www.hcbfoxesacademy.org\/wp-content\/uploads\/2022\/07\/hcb-foxes-academy_mission_page-0004-1024x576.jpg\" alt=\"\" width=\"1024\" height=\"576\" data-headline=\"HCB Foxes Academy_Mission_page-0004\" \/> <img loading=\"lazy\" decoding=\"async\" class=\"aligncenter size-large wp-image-2018\" src=\"https:\/\/www.hcbfoxesacademy.org\/wp-content\/uploads\/2022\/07\/hcb-foxes-academy_mission_page-0005-1024x576.jpg\" alt=\"\" width=\"1024\" height=\"576\" data-headline=\"HCB Foxes Academy_Mission_page-0005\" \/> <img loading=\"lazy\" decoding=\"async\" class=\"aligncenter size-large wp-image-2020\" src=\"https:\/\/www.hcbfoxesacademy.org\/wp-content\/uploads\/2022\/07\/hcb-foxes-academy_mission_page-0006-1024x576.jpg\" alt=\"\" width=\"1024\" height=\"576\" data-headline=\"HCB Foxes Academy_Mission_page-0006\" \/> <img loading=\"lazy\" decoding=\"async\" class=\"aligncenter size-large wp-image-2022\" src=\"https:\/\/www.hcbfoxesacademy.org\/wp-content\/uploads\/2022\/07\/hcb-foxes-academy_mission_page-0007-1024x576.jpg\" alt=\"\" width=\"1024\" height=\"576\" data-headline=\"HCB Foxes Academy_Mission_page-0007\" \/> <img loading=\"lazy\" decoding=\"async\" class=\"aligncenter size-large wp-image-2024\" src=\"https:\/\/www.hcbfoxesacademy.org\/wp-content\/uploads\/2022\/07\/hcb-foxes-academy_mission_page-0008-1024x576.jpg\" alt=\"\" width=\"1024\" height=\"576\" data-headline=\"HCB Foxes Academy_Mission_page-0008\" \/> <img loading=\"lazy\" decoding=\"async\" class=\"aligncenter size-large wp-image-2026\" src=\"https:\/\/www.hcbfoxesacademy.org\/wp-content\/uploads\/2022\/07\/hcb-foxes-academy_mission_page-0009-1024x576.jpg\" alt=\"\" width=\"1024\" height=\"576\" data-headline=\"HCB Foxes Academy_Mission_page-0009\" \/> <img loading=\"lazy\" decoding=\"async\" class=\"aligncenter size-large wp-image-2028\" src=\"https:\/\/www.hcbfoxesacademy.org\/wp-content\/uploads\/2022\/07\/hcb-foxes-academy_mission_page-0010-1024x576.jpg\" alt=\"\" width=\"1024\" height=\"576\" data-headline=\"HCB Foxes Academy_Mission_page-0010\" \/> <img loading=\"lazy\" decoding=\"async\" class=\"aligncenter size-large wp-image-2030\" src=\"https:\/\/www.hcbfoxesacademy.org\/wp-content\/uploads\/2022\/07\/hcb-foxes-academy_mission_page-0011-1024x576.jpg\" alt=\"\" width=\"1024\" height=\"576\" data-headline=\"HCB Foxes Academy_Mission_page-0011\" \/> <img loading=\"lazy\" decoding=\"async\" class=\"aligncenter size-large wp-image-2032\" src=\"https:\/\/www.hcbfoxesacademy.org\/wp-content\/uploads\/2022\/07\/hcb-foxes-academy_mission_page-0012-1024x576.jpg\" alt=\"\" width=\"1024\" height=\"576\" data-headline=\"HCB Foxes Academy_Mission_page-0012\" \/><\/p>\n","protected":false},"excerpt":{"rendered":"<p>Il 2018 \u00e8 un anno storico per l\u2019hockey giovanile a Bolzano. Dopo un primo esperimento che aveva unito con successo l\u2019U15 e l\u2019U17 di HCB Junior e Hockey Academy Bolzano, le due societ\u00e0 hanno deciso di trasformare il fidanzamento in un vero e proprio matrimonio: cos\u00ec\u00a0\u00e8 nata l\u2019HCB Foxes Academy, realt\u00e0 giovanile tutta nuova che [&hellip;]<\/p>\n","protected":false},"author":1,"featured_media":0,"parent":0,"menu_order":0,"comment_status":"closed","ping_status":"closed","template":"","meta":{"_acf_changed":false,"footnotes":""},"acf":[],"yoast_head":"<!-- This site is optimized with the Yoast SEO plugin v22.5 - https:\/\/yoast.com\/wordpress\/plugins\/seo\/ -->\n<title>Chi siamo - HCB Foxes Academy<\/title>\n<meta name=\"robots\" content=\"index, follow, max-snippet:-1, max-image-preview:large, max-video-preview:-1\" \/>\n<link rel=\"canonical\" href=\"https:\/\/www.hcbfoxesacademy.org\/de\/chi-siamo\/\" \/>\n<meta property=\"og:locale\" content=\"it_IT\" \/>\n<meta property=\"og:type\" content=\"article\" \/>\n<meta property=\"og:title\" content=\"Chi siamo - HCB Foxes Academy\" \/>\n<meta property=\"og:description\" content=\"Il 2018 \u00e8 un anno storico per l\u2019hockey giovanile a Bolzano. Dopo un primo esperimento che aveva unito con successo l\u2019U15 e l\u2019U17 di HCB Junior e Hockey Academy Bolzano, le due societ\u00e0 hanno deciso di trasformare il fidanzamento in un vero e proprio matrimonio: cos\u00ec\u00a0\u00e8 nata l\u2019HCB Foxes Academy, realt\u00e0 giovanile tutta nuova che [&hellip;]\" \/>\n<meta property=\"og:url\" content=\"https:\/\/www.hcbfoxesacademy.org\/de\/chi-siamo\/\" \/>\n<meta property=\"og:site_name\" content=\"HCB Foxes Academy\" \/>\n<meta property=\"article:modified_time\" content=\"2022-07-25T13:51:54+00:00\" \/>\n<meta property=\"og:image\" content=\"http:\/\/www.hcbfoxesacademy.org\/wp-content\/uploads\/2019\/10\/20181116_006.jpg\" \/>\n<meta name=\"twitter:card\" content=\"summary_large_image\" \/>\n<meta name=\"twitter:label1\" content=\"Est. reading time\" \/>\n\t<meta name=\"twitter:data1\" content=\"1 minute\" \/>\n<script type=\"application\/ld+json\" class=\"yoast-schema-graph\">{\"@context\":\"https:\/\/schema.org\",\"@graph\":[{\"@type\":\"WebPage\",\"@id\":\"https:\/\/www.hcbfoxesacademy.org\/de\/chi-siamo\/\",\"url\":\"https:\/\/www.hcbfoxesacademy.org\/de\/chi-siamo\/\",\"name\":\"Chi siamo - HCB Foxes Academy\",\"isPartOf\":{\"@id\":\"https:\/\/www.hcbfoxesacademy.org\/it\/#website\"},\"primaryImageOfPage\":{\"@id\":\"https:\/\/www.hcbfoxesacademy.org\/de\/chi-siamo\/#primaryimage\"},\"image\":{\"@id\":\"https:\/\/www.hcbfoxesacademy.org\/de\/chi-siamo\/#primaryimage\"},\"thumbnailUrl\":\"http:\/\/www.hcbfoxesacademy.org\/wp-content\/uploads\/2019\/10\/20181116_006.jpg\",\"datePublished\":\"2019-08-12T10:34:25+00:00\",\"dateModified\":\"2022-07-25T13:51:54+00:00\",\"breadcrumb\":{\"@id\":\"https:\/\/www.hcbfoxesacademy.org\/de\/chi-siamo\/#breadcrumb\"},\"inLanguage\":\"it-IT\",\"potentialAction\":[{\"@type\":\"ReadAction\",\"target\":[\"https:\/\/www.hcbfoxesacademy.org\/de\/chi-siamo\/\"]}]},{\"@type\":\"ImageObject\",\"inLanguage\":\"it-IT\",\"@id\":\"https:\/\/www.hcbfoxesacademy.org\/de\/chi-siamo\/#primaryimage\",\"url\":\"http:\/\/www.hcbfoxesacademy.org\/wp-content\/uploads\/2019\/10\/20181116_006.jpg\",\"contentUrl\":\"http:\/\/www.hcbfoxesacademy.org\/wp-content\/uploads\/2019\/10\/20181116_006.jpg\"},{\"@type\":\"BreadcrumbList\",\"@id\":\"https:\/\/www.hcbfoxesacademy.org\/de\/chi-siamo\/#breadcrumb\",\"itemListElement\":[{\"@type\":\"ListItem\",\"position\":1,\"name\":\"Home\",\"item\":\"https:\/\/www.hcbfoxesacademy.org\/it\/\"},{\"@type\":\"ListItem\",\"position\":2,\"name\":\"Chi siamo\"}]},{\"@type\":\"WebSite\",\"@id\":\"https:\/\/www.hcbfoxesacademy.org\/it\/#website\",\"url\":\"https:\/\/www.hcbfoxesacademy.org\/it\/\",\"name\":\"HCB Foxes Academy\",\"description\":\"HCB foxes academy\",\"publisher\":{\"@id\":\"https:\/\/www.hcbfoxesacademy.org\/it\/#organization\"},\"potentialAction\":[{\"@type\":\"SearchAction\",\"target\":{\"@type\":\"EntryPoint\",\"urlTemplate\":\"https:\/\/www.hcbfoxesacademy.org\/it\/?s={search_term_string}\"},\"query-input\":\"required name=search_term_string\"}],\"inLanguage\":\"it-IT\"},{\"@type\":\"Organization\",\"@id\":\"https:\/\/www.hcbfoxesacademy.org\/it\/#organization\",\"name\":\"HCB Foxes Academy\",\"url\":\"https:\/\/www.hcbfoxesacademy.org\/it\/\",\"logo\":{\"@type\":\"ImageObject\",\"inLanguage\":\"it-IT\",\"@id\":\"https:\/\/www.hcbfoxesacademy.org\/it\/#\/schema\/logo\/image\/\",\"url\":\"https:\/\/img.wunderfarm.cloud\/134880438c3d4d5e\/2019\/08\/13\/c\/0x0\/filters:no_upscale()\/filters:strip_exif()\/logo-academy-2019.svg\",\"contentUrl\":\"https:\/\/img.wunderfarm.cloud\/134880438c3d4d5e\/2019\/08\/13\/c\/0x0\/filters:no_upscale()\/filters:strip_exif()\/logo-academy-2019.svg\",\"caption\":\"HCB Foxes Academy\"},\"image\":{\"@id\":\"https:\/\/www.hcbfoxesacademy.org\/it\/#\/schema\/logo\/image\/\"}}]}<\/script>\n<!-- \/ Yoast SEO plugin. -->","yoast_head_json":{"title":"Chi siamo - HCB Foxes Academy","robots":{"index":"index","follow":"follow","max-snippet":"max-snippet:-1","max-image-preview":"max-image-preview:large","max-video-preview":"max-video-preview:-1"},"canonical":"https:\/\/www.hcbfoxesacademy.org\/de\/chi-siamo\/","og_locale":"it_IT","og_type":"article","og_title":"Chi siamo - HCB Foxes Academy","og_description":"Il 2018 \u00e8 un anno storico per l\u2019hockey giovanile a Bolzano. Dopo un primo esperimento che aveva unito con successo l\u2019U15 e l\u2019U17 di HCB Junior e Hockey Academy Bolzano, le due societ\u00e0 hanno deciso di trasformare il fidanzamento in un vero e proprio matrimonio: cos\u00ec\u00a0\u00e8 nata l\u2019HCB Foxes Academy, realt\u00e0 giovanile tutta nuova che [&hellip;]","og_url":"https:\/\/www.hcbfoxesacademy.org\/de\/chi-siamo\/","og_site_name":"HCB Foxes Academy","article_modified_time":"2022-07-25T13:51:54+00:00","og_image":[{"url":"http:\/\/www.hcbfoxesacademy.org\/wp-content\/uploads\/2019\/10\/20181116_006.jpg"}],"twitter_card":"summary_large_image","twitter_misc":{"Est. reading time":"1 minute"},"schema":{"@context":"https:\/\/schema.org","@graph":[{"@type":"WebPage","@id":"https:\/\/www.hcbfoxesacademy.org\/de\/chi-siamo\/","url":"https:\/\/www.hcbfoxesacademy.org\/de\/chi-siamo\/","name":"Chi siamo - HCB Foxes Academy","isPartOf":{"@id":"https:\/\/www.hcbfoxesacademy.org\/it\/#website"},"primaryImageOfPage":{"@id":"https:\/\/www.hcbfoxesacademy.org\/de\/chi-siamo\/#primaryimage"},"image":{"@id":"https:\/\/www.hcbfoxesacademy.org\/de\/chi-siamo\/#primaryimage"},"thumbnailUrl":"http:\/\/www.hcbfoxesacademy.org\/wp-content\/uploads\/2019\/10\/20181116_006.jpg","datePublished":"2019-08-12T10:34:25+00:00","dateModified":"2022-07-25T13:51:54+00:00","breadcrumb":{"@id":"https:\/\/www.hcbfoxesacademy.org\/de\/chi-siamo\/#breadcrumb"},"inLanguage":"it-IT","potentialAction":[{"@type":"ReadAction","target":["https:\/\/www.hcbfoxesacademy.org\/de\/chi-siamo\/"]}]},{"@type":"ImageObject","inLanguage":"it-IT","@id":"https:\/\/www.hcbfoxesacademy.org\/de\/chi-siamo\/#primaryimage","url":"http:\/\/www.hcbfoxesacademy.org\/wp-content\/uploads\/2019\/10\/20181116_006.jpg","contentUrl":"http:\/\/www.hcbfoxesacademy.org\/wp-content\/uploads\/2019\/10\/20181116_006.jpg"},{"@type":"BreadcrumbList","@id":"https:\/\/www.hcbfoxesacademy.org\/de\/chi-siamo\/#breadcrumb","itemListElement":[{"@type":"ListItem","position":1,"name":"Home","item":"https:\/\/www.hcbfoxesacademy.org\/it\/"},{"@type":"ListItem","position":2,"name":"Chi siamo"}]},{"@type":"WebSite","@id":"https:\/\/www.hcbfoxesacademy.org\/it\/#website","url":"https:\/\/www.hcbfoxesacademy.org\/it\/","name":"HCB Foxes Academy","description":"HCB foxes academy","publisher":{"@id":"https:\/\/www.hcbfoxesacademy.org\/it\/#organization"},"potentialAction":[{"@type":"SearchAction","target":{"@type":"EntryPoint","urlTemplate":"https:\/\/www.hcbfoxesacademy.org\/it\/?s={search_term_string}"},"query-input":"required name=search_term_string"}],"inLanguage":"it-IT"},{"@type":"Organization","@id":"https:\/\/www.hcbfoxesacademy.org\/it\/#organization","name":"HCB Foxes Academy","url":"https:\/\/www.hcbfoxesacademy.org\/it\/","logo":{"@type":"ImageObject","inLanguage":"it-IT","@id":"https:\/\/www.hcbfoxesacademy.org\/it\/#\/schema\/logo\/image\/","url":"https:\/\/img.wunderfarm.cloud\/134880438c3d4d5e\/2019\/08\/13\/c\/0x0\/filters:no_upscale()\/filters:strip_exif()\/logo-academy-2019.svg","contentUrl":"https:\/\/img.wunderfarm.cloud\/134880438c3d4d5e\/2019\/08\/13\/c\/0x0\/filters:no_upscale()\/filters:strip_exif()\/logo-academy-2019.svg","caption":"HCB Foxes Academy"},"image":{"@id":"https:\/\/www.hcbfoxesacademy.org\/it\/#\/schema\/logo\/image\/"}}]}},"_links":{"self":[{"href":"https:\/\/www.hcbfoxesacademy.org\/it\/wp-json\/wp\/v2\/pages\/106"}],"collection":[{"href":"https:\/\/www.hcbfoxesacademy.org\/it\/wp-json\/wp\/v2\/pages"}],"about":[{"href":"https:\/\/www.hcbfoxesacademy.org\/it\/wp-json\/wp\/v2\/types\/page"}],"author":[{"embeddable":true,"href":"https:\/\/www.hcbfoxesacademy.org\/it\/wp-json\/wp\/v2\/users\/1"}],"replies":[{"embeddable":true,"href":"https:\/\/www.hcbfoxesacademy.org\/it\/wp-json\/wp\/v2\/comments?post=106"}],"version-history":[{"count":5,"href":"https:\/\/www.hcbfoxesacademy.org\/it\/wp-json\/wp\/v2\/pages\/106\/revisions"}],"predecessor-version":[{"id":2034,"href":"https:\/\/www.hcbfoxesacademy.org\/it\/wp-json\/wp\/v2\/pages\/106\/revisions\/2034"}],"wp:attachment":[{"href":"https:\/\/www.hcbfoxesacademy.org\/it\/wp-json\/wp\/v2\/media?parent=106"}],"curies":[{"name":"wp","href":"https:\/\/api.w.org\/{rel}","templated":true}]}}