{"id":100,"date":"2019-08-12T10:32:45","date_gmt":"2019-08-12T10:32:45","guid":{"rendered":"http:\/\/www.hcbfoxesacademy.org\/?page_id=100"},"modified":"2019-08-20T09:22:26","modified_gmt":"2019-08-20T09:22:26","slug":"il-convitto","status":"publish","type":"page","link":"https:\/\/www.hcbfoxesacademy.org\/it\/il-convitto\/","title":{"rendered":"Il Convitto"},"content":{"rendered":"<div id=\"comp-j9c8f4zo\" class=\"txtNew\" data-packed=\"true\">\n<p class=\"font_0\"><span class=\"color_23\">Il Convitto Provinciale \u201cDamiano Chiesa\u201d dista a poche decine di metri dal Liceo &#8220;Toniolo&#8221;. Esso\u00a0si propone come struttura convittuale e formativa, in cui vengono assicurati agli studenti i diritti fondamentali come: vitto e alloggio, assistenza didattico-pedagogica e assistenza sanitaria.<\/span><\/p>\n<p class=\"font_8\"><span class=\"color_23\">La presenza di personale educativo specializzato garantisce anche la cura dei rapporti con le scuole e le famiglie: l\u2019obbiettivo \u00e8 quello di lavorare per favorire la crescita umana, sociale e culturale dei ragazzi, cercando di ottimizzare l\u2019offerta formativa e ricreativa ma anche di creare una situazione dove sia possibile vivere a proprio agio in salute e trascorrere momenti di svago e divertimento.<\/span><span class=\"color_23\"><span class=\"wixGuard\">\u200b<\/span><\/span><\/p>\n<p class=\"font_8\"><span class=\"color_23\">La struttura \u00e8 fornita di tutto il necessario: cucina, lavanderia, infermeria, sale comuni per lo svago (aule tv, palestra, aula musica) e per lo studio (biblioteca, sala internet).<\/span><\/p>\n<p class=\"font_8\"><span class=\"color_23\">Le iniziative proposte sono di vario genere: dalla programmazione di attivit\u00e0 extrascolastiche (come sport, benessere alimentare e psicologico, cultura etc.) al sostegno pedagogico-educativo nel normale espletamento degli impegni scolastici.<\/span><\/p>\n<p class=\"font_8\"><span class=\"color_23\">Alcuni dei\u00a0servizi offerti\u00a0sono: l\u2019abbonamento a quotidiani e mensili, la possibilit\u00e0 di utilizzare giochi di societ\u00e0, attrezzature sportive; la realizzazione di vari tornei sportivi, progetti culturali come lettura, teatro, pittura, cineforum e la partecipazione a corsi di educazione alla salute e prevenzione.<\/span><\/p>\n<p class=\"font_8\"><span class=\"color_23\">Importante risulta in quest\u2019ottica cercare di coinvolgere i ragazzi nella maggior parte delle attivit\u00e0 iniziando proprio dall\u2019utilizzo e\/o dalla gestione stessa dei locali comuni e delle strutture che sono a loro disposizione, affinch\u00e9 ne facciano un uso il pi\u00f9 corretto e responsabile possibile; cos\u00ec facendo si cerca anche di stimolarli cosicch\u00e9 diventino loro stessi i primi propositori e attuatori di nuove idee e protagonisti della loro vita sociale e culturale.<\/span><\/p>\n<\/div>\n","protected":false},"excerpt":{"rendered":"<p>Il Convitto Provinciale \u201cDamiano Chiesa\u201d dista a poche decine di metri dal Liceo &#8220;Toniolo&#8221;. Esso\u00a0si propone come struttura convittuale e formativa, in cui vengono assicurati agli studenti i diritti fondamentali come: vitto e alloggio, assistenza didattico-pedagogica e assistenza sanitaria. La presenza di personale educativo specializzato garantisce anche la cura dei rapporti con le scuole e [&hellip;]<\/p>\n","protected":false},"author":1,"featured_media":0,"parent":0,"menu_order":0,"comment_status":"closed","ping_status":"closed","template":"","meta":{"_acf_changed":false,"footnotes":""},"acf":[],"yoast_head":"<!-- This site is optimized with the Yoast SEO plugin v22.5 - https:\/\/yoast.com\/wordpress\/plugins\/seo\/ -->\n<title>Il Convitto - HCB Foxes Academy<\/title>\n<meta name=\"robots\" content=\"index, follow, max-snippet:-1, max-image-preview:large, max-video-preview:-1\" \/>\n<link rel=\"canonical\" href=\"https:\/\/www.hcbfoxesacademy.org\/it\/il-convitto\/\" \/>\n<meta property=\"og:locale\" content=\"it_IT\" \/>\n<meta property=\"og:type\" content=\"article\" \/>\n<meta property=\"og:title\" content=\"Il Convitto - HCB Foxes Academy\" \/>\n<meta property=\"og:description\" content=\"Il Convitto Provinciale \u201cDamiano Chiesa\u201d dista a poche decine di metri dal Liceo &#8220;Toniolo&#8221;. Esso\u00a0si propone come struttura convittuale e formativa, in cui vengono assicurati agli studenti i diritti fondamentali come: vitto e alloggio, assistenza didattico-pedagogica e assistenza sanitaria. La presenza di personale educativo specializzato garantisce anche la cura dei rapporti con le scuole e [&hellip;]\" \/>\n<meta property=\"og:url\" content=\"https:\/\/www.hcbfoxesacademy.org\/it\/il-convitto\/\" \/>\n<meta property=\"og:site_name\" content=\"HCB Foxes Academy\" \/>\n<meta property=\"article:modified_time\" content=\"2019-08-20T09:22:26+00:00\" \/>\n<meta name=\"twitter:card\" content=\"summary_large_image\" \/>\n<meta name=\"twitter:label1\" content=\"Est. reading time\" \/>\n\t<meta name=\"twitter:data1\" content=\"1 minute\" \/>\n<script type=\"application\/ld+json\" class=\"yoast-schema-graph\">{\"@context\":\"https:\/\/schema.org\",\"@graph\":[{\"@type\":\"WebPage\",\"@id\":\"https:\/\/www.hcbfoxesacademy.org\/it\/il-convitto\/\",\"url\":\"https:\/\/www.hcbfoxesacademy.org\/it\/il-convitto\/\",\"name\":\"Il Convitto - HCB Foxes Academy\",\"isPartOf\":{\"@id\":\"https:\/\/www.hcbfoxesacademy.org\/it\/#website\"},\"datePublished\":\"2019-08-12T10:32:45+00:00\",\"dateModified\":\"2019-08-20T09:22:26+00:00\",\"breadcrumb\":{\"@id\":\"https:\/\/www.hcbfoxesacademy.org\/it\/il-convitto\/#breadcrumb\"},\"inLanguage\":\"it-IT\",\"potentialAction\":[{\"@type\":\"ReadAction\",\"target\":[\"https:\/\/www.hcbfoxesacademy.org\/it\/il-convitto\/\"]}]},{\"@type\":\"BreadcrumbList\",\"@id\":\"https:\/\/www.hcbfoxesacademy.org\/it\/il-convitto\/#breadcrumb\",\"itemListElement\":[{\"@type\":\"ListItem\",\"position\":1,\"name\":\"Home\",\"item\":\"https:\/\/www.hcbfoxesacademy.org\/it\/\"},{\"@type\":\"ListItem\",\"position\":2,\"name\":\"Il Convitto\"}]},{\"@type\":\"WebSite\",\"@id\":\"https:\/\/www.hcbfoxesacademy.org\/it\/#website\",\"url\":\"https:\/\/www.hcbfoxesacademy.org\/it\/\",\"name\":\"HCB Foxes Academy\",\"description\":\"HCB foxes academy\",\"publisher\":{\"@id\":\"https:\/\/www.hcbfoxesacademy.org\/it\/#organization\"},\"potentialAction\":[{\"@type\":\"SearchAction\",\"target\":{\"@type\":\"EntryPoint\",\"urlTemplate\":\"https:\/\/www.hcbfoxesacademy.org\/it\/?s={search_term_string}\"},\"query-input\":\"required name=search_term_string\"}],\"inLanguage\":\"it-IT\"},{\"@type\":\"Organization\",\"@id\":\"https:\/\/www.hcbfoxesacademy.org\/it\/#organization\",\"name\":\"HCB Foxes Academy\",\"url\":\"https:\/\/www.hcbfoxesacademy.org\/it\/\",\"logo\":{\"@type\":\"ImageObject\",\"inLanguage\":\"it-IT\",\"@id\":\"https:\/\/www.hcbfoxesacademy.org\/it\/#\/schema\/logo\/image\/\",\"url\":\"https:\/\/img.wunderfarm.cloud\/134880438c3d4d5e\/2019\/08\/13\/c\/0x0\/filters:no_upscale()\/filters:strip_exif()\/logo-academy-2019.svg\",\"contentUrl\":\"https:\/\/img.wunderfarm.cloud\/134880438c3d4d5e\/2019\/08\/13\/c\/0x0\/filters:no_upscale()\/filters:strip_exif()\/logo-academy-2019.svg\",\"caption\":\"HCB Foxes Academy\"},\"image\":{\"@id\":\"https:\/\/www.hcbfoxesacademy.org\/it\/#\/schema\/logo\/image\/\"}}]}<\/script>\n<!-- \/ Yoast SEO plugin. -->","yoast_head_json":{"title":"Il Convitto - HCB Foxes Academy","robots":{"index":"index","follow":"follow","max-snippet":"max-snippet:-1","max-image-preview":"max-image-preview:large","max-video-preview":"max-video-preview:-1"},"canonical":"https:\/\/www.hcbfoxesacademy.org\/it\/il-convitto\/","og_locale":"it_IT","og_type":"article","og_title":"Il Convitto - HCB Foxes Academy","og_description":"Il Convitto Provinciale \u201cDamiano Chiesa\u201d dista a poche decine di metri dal Liceo &#8220;Toniolo&#8221;. Esso\u00a0si propone come struttura convittuale e formativa, in cui vengono assicurati agli studenti i diritti fondamentali come: vitto e alloggio, assistenza didattico-pedagogica e assistenza sanitaria. La presenza di personale educativo specializzato garantisce anche la cura dei rapporti con le scuole e [&hellip;]","og_url":"https:\/\/www.hcbfoxesacademy.org\/it\/il-convitto\/","og_site_name":"HCB Foxes Academy","article_modified_time":"2019-08-20T09:22:26+00:00","twitter_card":"summary_large_image","twitter_misc":{"Est. reading time":"1 minute"},"schema":{"@context":"https:\/\/schema.org","@graph":[{"@type":"WebPage","@id":"https:\/\/www.hcbfoxesacademy.org\/it\/il-convitto\/","url":"https:\/\/www.hcbfoxesacademy.org\/it\/il-convitto\/","name":"Il Convitto - HCB Foxes Academy","isPartOf":{"@id":"https:\/\/www.hcbfoxesacademy.org\/it\/#website"},"datePublished":"2019-08-12T10:32:45+00:00","dateModified":"2019-08-20T09:22:26+00:00","breadcrumb":{"@id":"https:\/\/www.hcbfoxesacademy.org\/it\/il-convitto\/#breadcrumb"},"inLanguage":"it-IT","potentialAction":[{"@type":"ReadAction","target":["https:\/\/www.hcbfoxesacademy.org\/it\/il-convitto\/"]}]},{"@type":"BreadcrumbList","@id":"https:\/\/www.hcbfoxesacademy.org\/it\/il-convitto\/#breadcrumb","itemListElement":[{"@type":"ListItem","position":1,"name":"Home","item":"https:\/\/www.hcbfoxesacademy.org\/it\/"},{"@type":"ListItem","position":2,"name":"Il Convitto"}]},{"@type":"WebSite","@id":"https:\/\/www.hcbfoxesacademy.org\/it\/#website","url":"https:\/\/www.hcbfoxesacademy.org\/it\/","name":"HCB Foxes Academy","description":"HCB foxes academy","publisher":{"@id":"https:\/\/www.hcbfoxesacademy.org\/it\/#organization"},"potentialAction":[{"@type":"SearchAction","target":{"@type":"EntryPoint","urlTemplate":"https:\/\/www.hcbfoxesacademy.org\/it\/?s={search_term_string}"},"query-input":"required name=search_term_string"}],"inLanguage":"it-IT"},{"@type":"Organization","@id":"https:\/\/www.hcbfoxesacademy.org\/it\/#organization","name":"HCB Foxes Academy","url":"https:\/\/www.hcbfoxesacademy.org\/it\/","logo":{"@type":"ImageObject","inLanguage":"it-IT","@id":"https:\/\/www.hcbfoxesacademy.org\/it\/#\/schema\/logo\/image\/","url":"https:\/\/img.wunderfarm.cloud\/134880438c3d4d5e\/2019\/08\/13\/c\/0x0\/filters:no_upscale()\/filters:strip_exif()\/logo-academy-2019.svg","contentUrl":"https:\/\/img.wunderfarm.cloud\/134880438c3d4d5e\/2019\/08\/13\/c\/0x0\/filters:no_upscale()\/filters:strip_exif()\/logo-academy-2019.svg","caption":"HCB Foxes Academy"},"image":{"@id":"https:\/\/www.hcbfoxesacademy.org\/it\/#\/schema\/logo\/image\/"}}]}},"_links":{"self":[{"href":"https:\/\/www.hcbfoxesacademy.org\/it\/wp-json\/wp\/v2\/pages\/100"}],"collection":[{"href":"https:\/\/www.hcbfoxesacademy.org\/it\/wp-json\/wp\/v2\/pages"}],"about":[{"href":"https:\/\/www.hcbfoxesacademy.org\/it\/wp-json\/wp\/v2\/types\/page"}],"author":[{"embeddable":true,"href":"https:\/\/www.hcbfoxesacademy.org\/it\/wp-json\/wp\/v2\/users\/1"}],"replies":[{"embeddable":true,"href":"https:\/\/www.hcbfoxesacademy.org\/it\/wp-json\/wp\/v2\/comments?post=100"}],"version-history":[{"count":3,"href":"https:\/\/www.hcbfoxesacademy.org\/it\/wp-json\/wp\/v2\/pages\/100\/revisions"}],"predecessor-version":[{"id":165,"href":"https:\/\/www.hcbfoxesacademy.org\/it\/wp-json\/wp\/v2\/pages\/100\/revisions\/165"}],"wp:attachment":[{"href":"https:\/\/www.hcbfoxesacademy.org\/it\/wp-json\/wp\/v2\/media?parent=100"}],"curies":[{"name":"wp","href":"https:\/\/api.w.org\/{rel}","templated":true}]}}