{"id":997,"date":"2019-08-12T10:34:25","date_gmt":"2019-08-12T10:34:25","guid":{"rendered":"http:\/\/www.hcbfoxesacademy.org\/chi-siamo\/"},"modified":"2022-07-25T13:56:37","modified_gmt":"2022-07-25T13:56:37","slug":"chi-siamo","status":"publish","type":"page","link":"https:\/\/www.hcbfoxesacademy.org\/de\/chi-siamo\/","title":{"rendered":"Wir sind"},"content":{"rendered":"<div id=\"comp-j98hkghk\" class=\"txtNew\" data-packed=\"true\">\n<p class=\"font_8\"><span class=\"color_23\"><img loading=\"lazy\" decoding=\"async\" class=\"wp-image-992 alignleft\" src=\"https:\/\/www.hcbfoxesacademy.org\/wp-content\/uploads\/2019\/10\/20181116_006.jpg\" alt=\"\" width=\"360\" height=\"240\" data-headline=\"20181116_006\" \/><\/span><\/p>\n<p>2018 ist ein historisches Jahr f\u00fcr das Jugendhockey in Bozen. Nach einem ersten Experiment, bei dem die U15 und U17 von HCB Junior und Hockey Academy Bozen erfolgreich kombiniert wurden, beschlossen die beiden Vereine, das Engagement in eine echte Union zu verwandeln: So wurde die HCB Foxes Academy geboren, eine v\u00f6llig neue Realit\u00e4t, zusammengekommen, um der Stadt und der Provinz Bozen ein stabiles, strukturiertes und professionelles Umfeld zu bieten, welches den Wachstum des Jugendsektors f\u00f6rdern soll.<\/p>\n<p>Der Erfolg des HCB S\u00fcdtirol Alperia in der EBEL-Meisterschaft hat in der Tat das Eishockey in der Stadt stark befl\u00fcgelt und im Laufe der Jahre ist die Notwendigkeit eines gemeinsamen Nenners f\u00fcr all jene Jungen und M\u00e4dchen entstanden, die sich den Traum erf\u00fcllen wollen in der ersten Mannschaft spielen zu k\u00f6nnen.<\/p>\n<p>Die HCB Foxes Academy stellt Mannschaften zu Beginn der Meisterschaften in den jeweilgen Kategorien auf: U7, U9, U11, U13, U15, U17 und U19.<\/p>\n<p><img loading=\"lazy\" decoding=\"async\" class=\"alignright wp-image-995\" src=\"https:\/\/www.hcbfoxesacademy.org\/wp-content\/uploads\/2019\/10\/36a2409-1024x683.jpg\" alt=\"\" width=\"390\" height=\"260\" data-headline=\"_36A2409\" \/> Im Laufe der Jahre wird daher auch die Arbeit der HCB Foxes Academy von Bedeutung sein, um dem HCB S\u00fcdtirol Alperia eine wertvolle Versorgung mit talentierten jungen Menschen aus ihren eigenen Reihen zu garantieren.<\/p>\n<p>Es gibt ungef\u00e4hr 200 Jugendliche, die das Trikot der jungen Rot-Wei\u00dfen tragen und drei Strukturen der Stadt nutzen k\u00f6nnen: die Eiswelle, die Sill und die Pista Zero.<\/p>\n<p>Das Trainerteam besteht aus acht Trainern, die mit besonderem Augenmerk auch das Skaten und die Trockenvorbereitung betreuen.<\/p>\n<\/div>\n<p class=\"font_8\">\n<p>&nbsp;<\/p>\n<p><strong>Mission<\/strong><\/p>\n<p><img loading=\"lazy\" decoding=\"async\" class=\"aligncenter size-large wp-image-2011\" src=\"https:\/\/www.hcbfoxesacademy.org\/wp-content\/uploads\/2022\/07\/hcb-foxes-academy_mission_page-0001-1024x576.jpg\" alt=\"\" width=\"1024\" height=\"576\" data-headline=\"HCB Foxes Academy_Mission_page-0001\" \/> <img loading=\"lazy\" decoding=\"async\" class=\"aligncenter size-large wp-image-2033\" src=\"https:\/\/www.hcbfoxesacademy.org\/wp-content\/uploads\/2022\/07\/hcb-foxes-academy_mission_page-0012-1024x576.jpg\" alt=\"\" width=\"1024\" height=\"576\" data-headline=\"HCB Foxes Academy_Mission_page-0012\" \/> <img loading=\"lazy\" decoding=\"async\" class=\"aligncenter size-large wp-image-2031\" src=\"https:\/\/www.hcbfoxesacademy.org\/wp-content\/uploads\/2022\/07\/hcb-foxes-academy_mission_page-0011-1024x576.jpg\" alt=\"\" width=\"1024\" height=\"576\" data-headline=\"HCB Foxes Academy_Mission_page-0011\" \/> <img loading=\"lazy\" decoding=\"async\" class=\"aligncenter size-large wp-image-2029\" src=\"https:\/\/www.hcbfoxesacademy.org\/wp-content\/uploads\/2022\/07\/hcb-foxes-academy_mission_page-0010-1024x576.jpg\" alt=\"\" width=\"1024\" height=\"576\" data-headline=\"HCB Foxes Academy_Mission_page-0010\" \/> <img loading=\"lazy\" decoding=\"async\" class=\"aligncenter size-large wp-image-2027\" src=\"https:\/\/www.hcbfoxesacademy.org\/wp-content\/uploads\/2022\/07\/hcb-foxes-academy_mission_page-0009-1024x576.jpg\" alt=\"\" width=\"1024\" height=\"576\" data-headline=\"HCB Foxes Academy_Mission_page-0009\" \/> <img loading=\"lazy\" decoding=\"async\" class=\"aligncenter size-large wp-image-2025\" src=\"https:\/\/www.hcbfoxesacademy.org\/wp-content\/uploads\/2022\/07\/hcb-foxes-academy_mission_page-0008-1024x576.jpg\" alt=\"\" width=\"1024\" height=\"576\" data-headline=\"HCB Foxes Academy_Mission_page-0008\" \/> <img loading=\"lazy\" decoding=\"async\" class=\"aligncenter size-large wp-image-2023\" src=\"https:\/\/www.hcbfoxesacademy.org\/wp-content\/uploads\/2022\/07\/hcb-foxes-academy_mission_page-0007-1024x576.jpg\" alt=\"\" width=\"1024\" height=\"576\" data-headline=\"HCB Foxes Academy_Mission_page-0007\" \/> <img loading=\"lazy\" decoding=\"async\" class=\"aligncenter size-large wp-image-2021\" src=\"https:\/\/www.hcbfoxesacademy.org\/wp-content\/uploads\/2022\/07\/hcb-foxes-academy_mission_page-0006-1024x576.jpg\" alt=\"\" width=\"1024\" height=\"576\" data-headline=\"HCB Foxes Academy_Mission_page-0006\" \/> <img loading=\"lazy\" decoding=\"async\" class=\"aligncenter size-large wp-image-2019\" src=\"https:\/\/www.hcbfoxesacademy.org\/wp-content\/uploads\/2022\/07\/hcb-foxes-academy_mission_page-0005-1024x576.jpg\" alt=\"\" width=\"1024\" height=\"576\" data-headline=\"HCB Foxes Academy_Mission_page-0005\" \/> <img loading=\"lazy\" decoding=\"async\" class=\"aligncenter size-large wp-image-2017\" src=\"https:\/\/www.hcbfoxesacademy.org\/wp-content\/uploads\/2022\/07\/hcb-foxes-academy_mission_page-0004-1024x576.jpg\" alt=\"\" width=\"1024\" height=\"576\" data-headline=\"HCB Foxes Academy_Mission_page-0004\" \/> <img loading=\"lazy\" decoding=\"async\" class=\"aligncenter size-large wp-image-2015\" src=\"https:\/\/www.hcbfoxesacademy.org\/wp-content\/uploads\/2022\/07\/hcb-foxes-academy_mission_page-0003-1024x576.jpg\" alt=\"\" width=\"1024\" height=\"576\" data-headline=\"HCB Foxes Academy_Mission_page-0003\" \/> <img loading=\"lazy\" decoding=\"async\" class=\"aligncenter size-large wp-image-2013\" src=\"https:\/\/www.hcbfoxesacademy.org\/wp-content\/uploads\/2022\/07\/hcb-foxes-academy_mission_page-0002-1024x576.jpg\" alt=\"\" width=\"1024\" height=\"576\" data-headline=\"HCB Foxes Academy_Mission_page-0002\" \/><\/p>\n","protected":false},"excerpt":{"rendered":"<p>2018 ist ein historisches Jahr f\u00fcr das Jugendhockey in Bozen. Nach einem ersten Experiment, bei dem die U15 und U17 von HCB Junior und Hockey Academy Bozen erfolgreich kombiniert wurden, beschlossen die beiden Vereine, das Engagement in eine echte Union zu verwandeln: So wurde die HCB Foxes Academy geboren, eine v\u00f6llig neue Realit\u00e4t, zusammengekommen, um [&hellip;]<\/p>\n","protected":false},"author":1,"featured_media":0,"parent":0,"menu_order":0,"comment_status":"closed","ping_status":"closed","template":"","meta":{"_acf_changed":false,"footnotes":""},"acf":[],"yoast_head":"<!-- This site is optimized with the Yoast SEO plugin v22.5 - https:\/\/yoast.com\/wordpress\/plugins\/seo\/ -->\n<title>Wir sind - HCB Foxes Academy<\/title>\n<meta name=\"robots\" content=\"index, follow, max-snippet:-1, max-image-preview:large, max-video-preview:-1\" \/>\n<link rel=\"canonical\" href=\"https:\/\/www.hcbfoxesacademy.org\/de\/chi-siamo\/\" \/>\n<meta property=\"og:locale\" content=\"de_DE\" \/>\n<meta property=\"og:type\" content=\"article\" \/>\n<meta property=\"og:title\" content=\"Wir sind - HCB Foxes Academy\" \/>\n<meta property=\"og:description\" content=\"2018 ist ein historisches Jahr f\u00fcr das Jugendhockey in Bozen. Nach einem ersten Experiment, bei dem die U15 und U17 von HCB Junior und Hockey Academy Bozen erfolgreich kombiniert wurden, beschlossen die beiden Vereine, das Engagement in eine echte Union zu verwandeln: So wurde die HCB Foxes Academy geboren, eine v\u00f6llig neue Realit\u00e4t, zusammengekommen, um [&hellip;]\" \/>\n<meta property=\"og:url\" content=\"https:\/\/www.hcbfoxesacademy.org\/de\/chi-siamo\/\" \/>\n<meta property=\"og:site_name\" content=\"HCB Foxes Academy\" \/>\n<meta property=\"article:modified_time\" content=\"2022-07-25T13:56:37+00:00\" \/>\n<meta property=\"og:image\" content=\"https:\/\/www.hcbfoxesacademy.org\/wp-content\/uploads\/2019\/10\/20181116_006.jpg\" \/>\n<meta name=\"twitter:card\" content=\"summary_large_image\" \/>\n<meta name=\"twitter:label1\" content=\"Est. reading time\" \/>\n\t<meta name=\"twitter:data1\" content=\"1 minute\" \/>\n<script type=\"application\/ld+json\" class=\"yoast-schema-graph\">{\"@context\":\"https:\/\/schema.org\",\"@graph\":[{\"@type\":\"WebPage\",\"@id\":\"https:\/\/www.hcbfoxesacademy.org\/de\/chi-siamo\/\",\"url\":\"https:\/\/www.hcbfoxesacademy.org\/de\/chi-siamo\/\",\"name\":\"Wir sind - HCB Foxes Academy\",\"isPartOf\":{\"@id\":\"https:\/\/www.hcbfoxesacademy.org\/it\/#website\"},\"primaryImageOfPage\":{\"@id\":\"https:\/\/www.hcbfoxesacademy.org\/de\/chi-siamo\/#primaryimage\"},\"image\":{\"@id\":\"https:\/\/www.hcbfoxesacademy.org\/de\/chi-siamo\/#primaryimage\"},\"thumbnailUrl\":\"https:\/\/www.hcbfoxesacademy.org\/wp-content\/uploads\/2019\/10\/20181116_006.jpg\",\"datePublished\":\"2019-08-12T10:34:25+00:00\",\"dateModified\":\"2022-07-25T13:56:37+00:00\",\"breadcrumb\":{\"@id\":\"https:\/\/www.hcbfoxesacademy.org\/de\/chi-siamo\/#breadcrumb\"},\"inLanguage\":\"de-DE\",\"potentialAction\":[{\"@type\":\"ReadAction\",\"target\":[\"https:\/\/www.hcbfoxesacademy.org\/de\/chi-siamo\/\"]}]},{\"@type\":\"ImageObject\",\"inLanguage\":\"de-DE\",\"@id\":\"https:\/\/www.hcbfoxesacademy.org\/de\/chi-siamo\/#primaryimage\",\"url\":\"https:\/\/www.hcbfoxesacademy.org\/wp-content\/uploads\/2019\/10\/20181116_006.jpg\",\"contentUrl\":\"https:\/\/www.hcbfoxesacademy.org\/wp-content\/uploads\/2019\/10\/20181116_006.jpg\"},{\"@type\":\"BreadcrumbList\",\"@id\":\"https:\/\/www.hcbfoxesacademy.org\/de\/chi-siamo\/#breadcrumb\",\"itemListElement\":[{\"@type\":\"ListItem\",\"position\":1,\"name\":\"Home\",\"item\":\"https:\/\/www.hcbfoxesacademy.org\/it\/\"},{\"@type\":\"ListItem\",\"position\":2,\"name\":\"Wir sind\"}]},{\"@type\":\"WebSite\",\"@id\":\"https:\/\/www.hcbfoxesacademy.org\/it\/#website\",\"url\":\"https:\/\/www.hcbfoxesacademy.org\/it\/\",\"name\":\"HCB Foxes Academy\",\"description\":\"HCB foxes academy\",\"publisher\":{\"@id\":\"https:\/\/www.hcbfoxesacademy.org\/it\/#organization\"},\"potentialAction\":[{\"@type\":\"SearchAction\",\"target\":{\"@type\":\"EntryPoint\",\"urlTemplate\":\"https:\/\/www.hcbfoxesacademy.org\/it\/?s={search_term_string}\"},\"query-input\":\"required name=search_term_string\"}],\"inLanguage\":\"de-DE\"},{\"@type\":\"Organization\",\"@id\":\"https:\/\/www.hcbfoxesacademy.org\/it\/#organization\",\"name\":\"HCB Foxes Academy\",\"url\":\"https:\/\/www.hcbfoxesacademy.org\/it\/\",\"logo\":{\"@type\":\"ImageObject\",\"inLanguage\":\"de-DE\",\"@id\":\"https:\/\/www.hcbfoxesacademy.org\/it\/#\/schema\/logo\/image\/\",\"url\":\"https:\/\/img.wunderfarm.cloud\/134880438c3d4d5e\/2019\/08\/13\/c\/0x0\/filters:no_upscale()\/filters:strip_exif()\/logo-academy-2019.svg\",\"contentUrl\":\"https:\/\/img.wunderfarm.cloud\/134880438c3d4d5e\/2019\/08\/13\/c\/0x0\/filters:no_upscale()\/filters:strip_exif()\/logo-academy-2019.svg\",\"caption\":\"HCB Foxes Academy\"},\"image\":{\"@id\":\"https:\/\/www.hcbfoxesacademy.org\/it\/#\/schema\/logo\/image\/\"}}]}<\/script>\n<!-- \/ Yoast SEO plugin. -->","yoast_head_json":{"title":"Wir sind - HCB Foxes Academy","robots":{"index":"index","follow":"follow","max-snippet":"max-snippet:-1","max-image-preview":"max-image-preview:large","max-video-preview":"max-video-preview:-1"},"canonical":"https:\/\/www.hcbfoxesacademy.org\/de\/chi-siamo\/","og_locale":"de_DE","og_type":"article","og_title":"Wir sind - HCB Foxes Academy","og_description":"2018 ist ein historisches Jahr f\u00fcr das Jugendhockey in Bozen. Nach einem ersten Experiment, bei dem die U15 und U17 von HCB Junior und Hockey Academy Bozen erfolgreich kombiniert wurden, beschlossen die beiden Vereine, das Engagement in eine echte Union zu verwandeln: So wurde die HCB Foxes Academy geboren, eine v\u00f6llig neue Realit\u00e4t, zusammengekommen, um [&hellip;]","og_url":"https:\/\/www.hcbfoxesacademy.org\/de\/chi-siamo\/","og_site_name":"HCB Foxes Academy","article_modified_time":"2022-07-25T13:56:37+00:00","og_image":[{"url":"https:\/\/www.hcbfoxesacademy.org\/wp-content\/uploads\/2019\/10\/20181116_006.jpg"}],"twitter_card":"summary_large_image","twitter_misc":{"Est. reading time":"1 minute"},"schema":{"@context":"https:\/\/schema.org","@graph":[{"@type":"WebPage","@id":"https:\/\/www.hcbfoxesacademy.org\/de\/chi-siamo\/","url":"https:\/\/www.hcbfoxesacademy.org\/de\/chi-siamo\/","name":"Wir sind - HCB Foxes Academy","isPartOf":{"@id":"https:\/\/www.hcbfoxesacademy.org\/it\/#website"},"primaryImageOfPage":{"@id":"https:\/\/www.hcbfoxesacademy.org\/de\/chi-siamo\/#primaryimage"},"image":{"@id":"https:\/\/www.hcbfoxesacademy.org\/de\/chi-siamo\/#primaryimage"},"thumbnailUrl":"https:\/\/www.hcbfoxesacademy.org\/wp-content\/uploads\/2019\/10\/20181116_006.jpg","datePublished":"2019-08-12T10:34:25+00:00","dateModified":"2022-07-25T13:56:37+00:00","breadcrumb":{"@id":"https:\/\/www.hcbfoxesacademy.org\/de\/chi-siamo\/#breadcrumb"},"inLanguage":"de-DE","potentialAction":[{"@type":"ReadAction","target":["https:\/\/www.hcbfoxesacademy.org\/de\/chi-siamo\/"]}]},{"@type":"ImageObject","inLanguage":"de-DE","@id":"https:\/\/www.hcbfoxesacademy.org\/de\/chi-siamo\/#primaryimage","url":"https:\/\/www.hcbfoxesacademy.org\/wp-content\/uploads\/2019\/10\/20181116_006.jpg","contentUrl":"https:\/\/www.hcbfoxesacademy.org\/wp-content\/uploads\/2019\/10\/20181116_006.jpg"},{"@type":"BreadcrumbList","@id":"https:\/\/www.hcbfoxesacademy.org\/de\/chi-siamo\/#breadcrumb","itemListElement":[{"@type":"ListItem","position":1,"name":"Home","item":"https:\/\/www.hcbfoxesacademy.org\/it\/"},{"@type":"ListItem","position":2,"name":"Wir sind"}]},{"@type":"WebSite","@id":"https:\/\/www.hcbfoxesacademy.org\/it\/#website","url":"https:\/\/www.hcbfoxesacademy.org\/it\/","name":"HCB Foxes Academy","description":"HCB foxes academy","publisher":{"@id":"https:\/\/www.hcbfoxesacademy.org\/it\/#organization"},"potentialAction":[{"@type":"SearchAction","target":{"@type":"EntryPoint","urlTemplate":"https:\/\/www.hcbfoxesacademy.org\/it\/?s={search_term_string}"},"query-input":"required name=search_term_string"}],"inLanguage":"de-DE"},{"@type":"Organization","@id":"https:\/\/www.hcbfoxesacademy.org\/it\/#organization","name":"HCB Foxes Academy","url":"https:\/\/www.hcbfoxesacademy.org\/it\/","logo":{"@type":"ImageObject","inLanguage":"de-DE","@id":"https:\/\/www.hcbfoxesacademy.org\/it\/#\/schema\/logo\/image\/","url":"https:\/\/img.wunderfarm.cloud\/134880438c3d4d5e\/2019\/08\/13\/c\/0x0\/filters:no_upscale()\/filters:strip_exif()\/logo-academy-2019.svg","contentUrl":"https:\/\/img.wunderfarm.cloud\/134880438c3d4d5e\/2019\/08\/13\/c\/0x0\/filters:no_upscale()\/filters:strip_exif()\/logo-academy-2019.svg","caption":"HCB Foxes Academy"},"image":{"@id":"https:\/\/www.hcbfoxesacademy.org\/it\/#\/schema\/logo\/image\/"}}]}},"_links":{"self":[{"href":"https:\/\/www.hcbfoxesacademy.org\/de\/wp-json\/wp\/v2\/pages\/997"}],"collection":[{"href":"https:\/\/www.hcbfoxesacademy.org\/de\/wp-json\/wp\/v2\/pages"}],"about":[{"href":"https:\/\/www.hcbfoxesacademy.org\/de\/wp-json\/wp\/v2\/types\/page"}],"author":[{"embeddable":true,"href":"https:\/\/www.hcbfoxesacademy.org\/de\/wp-json\/wp\/v2\/users\/1"}],"replies":[{"embeddable":true,"href":"https:\/\/www.hcbfoxesacademy.org\/de\/wp-json\/wp\/v2\/comments?post=997"}],"version-history":[{"count":3,"href":"https:\/\/www.hcbfoxesacademy.org\/de\/wp-json\/wp\/v2\/pages\/997\/revisions"}],"predecessor-version":[{"id":2037,"href":"https:\/\/www.hcbfoxesacademy.org\/de\/wp-json\/wp\/v2\/pages\/997\/revisions\/2037"}],"wp:attachment":[{"href":"https:\/\/www.hcbfoxesacademy.org\/de\/wp-json\/wp\/v2\/media?parent=997"}],"curies":[{"name":"wp","href":"https:\/\/api.w.org\/{rel}","templated":true}]}}