{"id":987,"date":"2019-08-12T10:31:17","date_gmt":"2019-08-12T10:31:17","guid":{"rendered":"http:\/\/www.hcbfoxesacademy.org\/progetto-scuola-2\/"},"modified":"2019-11-14T13:57:47","modified_gmt":"2019-11-14T13:57:47","slug":"progetto-scuola-2","status":"publish","type":"page","link":"https:\/\/www.hcbfoxesacademy.org\/de\/progetto-scuola-2\/","title":{"rendered":"Projekt Schule"},"content":{"rendered":"<div id=\"comp-j9ohzh68\" class=\"txtNew\" data-packed=\"true\">\n<p>Die HCB Foxes Academy hat eine echte Mission. Sie wurde mit dem Hauptzweck gegr\u00fcndet, das Projekt &#8220;Eis und Schule&#8221; in S\u00fcdtirol zu entwickeln. Die Vereinbarung zwischen HCB Foxes Academy, der Sporthochschule &#8220;G. Toniolo&#8221; und der FISG sind in der Lage, Sport und Schule auf die beste Art und Weise unter einem Hut zu bringen und den Bed\u00fcrfnissen der Familien gerecht zu werden.<\/p>\n<p>Auf diese Weise k\u00f6nnen wir den Athleten einen angemessenen Dienst bieten, der es ihnen erm\u00f6glicht, Eishockey auf bestimmten Niveaus bestm\u00f6glich zu aus\u00fcben und dabei den Zeitdruck zu managen. Mit der Unterzeichnung der Vereinbarung verpflichtet sich die FISG Techniker zu identifizieren, die in der Lage sind, die technische Vorbereitung der Studenten zu verbessern. Die HCB Foxes Academy ist bestrebt, morgens vier Stunden pro Woche zu trainieren, wenn die Eispl\u00e4tze freier sind und es daher einfacher ist, an den wichtigsten Aspekten zu arbeiten: die grundlegenden und individuellen Techniken, die f\u00fcr den Wachstum der Athleten von grundlegender Bedeutung ist.<\/p>\n<p>Das Projekt soll Sportsch\u00fclern die M\u00f6glichkeit bieten, den schulisch wissenschaftlichen Bildungsweg mit den wettkampforientierten Verpflichtungen dieser Sportdisziplinen in Einklang zu bringen und eine neue Generation von Eissporttalenten zu entwickeln. Zum einen sorgt die Schule so f\u00fcr einen flexiblen Unterricht, f\u00fcr Programme und f\u00fcr Bildungsinhalte; von der anderen Seite unterst\u00fctzt der italienische Eissportverband jene Aktivit\u00e4ten, die der Auswahl der Sporttrainer und Fitnesstrainer behilflich sind.<\/p>\n<\/div>\n","protected":false},"excerpt":{"rendered":"<p>Die HCB Foxes Academy hat eine echte Mission. Sie wurde mit dem Hauptzweck gegr\u00fcndet, das Projekt &#8220;Eis und Schule&#8221; in S\u00fcdtirol zu entwickeln. Die Vereinbarung zwischen HCB Foxes Academy, der Sporthochschule &#8220;G. Toniolo&#8221; und der FISG sind in der Lage, Sport und Schule auf die beste Art und Weise unter einem Hut zu bringen und [&hellip;]<\/p>\n","protected":false},"author":1,"featured_media":0,"parent":0,"menu_order":0,"comment_status":"closed","ping_status":"closed","template":"","meta":{"_acf_changed":false,"footnotes":""},"acf":[],"yoast_head":"<!-- This site is optimized with the Yoast SEO plugin v22.5 - https:\/\/yoast.com\/wordpress\/plugins\/seo\/ -->\n<title>Projekt Schule - HCB Foxes Academy<\/title>\n<meta name=\"robots\" content=\"index, follow, max-snippet:-1, max-image-preview:large, max-video-preview:-1\" \/>\n<link rel=\"canonical\" href=\"https:\/\/www.hcbfoxesacademy.org\/de\/progetto-scuola-2\/\" \/>\n<meta property=\"og:locale\" content=\"de_DE\" \/>\n<meta property=\"og:type\" content=\"article\" \/>\n<meta property=\"og:title\" content=\"Projekt Schule - HCB Foxes Academy\" \/>\n<meta property=\"og:description\" content=\"Die HCB Foxes Academy hat eine echte Mission. Sie wurde mit dem Hauptzweck gegr\u00fcndet, das Projekt &#8220;Eis und Schule&#8221; in S\u00fcdtirol zu entwickeln. Die Vereinbarung zwischen HCB Foxes Academy, der Sporthochschule &#8220;G. Toniolo&#8221; und der FISG sind in der Lage, Sport und Schule auf die beste Art und Weise unter einem Hut zu bringen und [&hellip;]\" \/>\n<meta property=\"og:url\" content=\"https:\/\/www.hcbfoxesacademy.org\/de\/progetto-scuola-2\/\" \/>\n<meta property=\"og:site_name\" content=\"HCB Foxes Academy\" \/>\n<meta property=\"article:modified_time\" content=\"2019-11-14T13:57:47+00:00\" \/>\n<meta name=\"twitter:card\" content=\"summary_large_image\" \/>\n<meta name=\"twitter:label1\" content=\"Est. reading time\" \/>\n\t<meta name=\"twitter:data1\" content=\"1 minute\" \/>\n<script type=\"application\/ld+json\" class=\"yoast-schema-graph\">{\"@context\":\"https:\/\/schema.org\",\"@graph\":[{\"@type\":\"WebPage\",\"@id\":\"https:\/\/www.hcbfoxesacademy.org\/de\/progetto-scuola-2\/\",\"url\":\"https:\/\/www.hcbfoxesacademy.org\/de\/progetto-scuola-2\/\",\"name\":\"Projekt Schule - HCB Foxes Academy\",\"isPartOf\":{\"@id\":\"https:\/\/www.hcbfoxesacademy.org\/it\/#website\"},\"datePublished\":\"2019-08-12T10:31:17+00:00\",\"dateModified\":\"2019-11-14T13:57:47+00:00\",\"breadcrumb\":{\"@id\":\"https:\/\/www.hcbfoxesacademy.org\/de\/progetto-scuola-2\/#breadcrumb\"},\"inLanguage\":\"de-DE\",\"potentialAction\":[{\"@type\":\"ReadAction\",\"target\":[\"https:\/\/www.hcbfoxesacademy.org\/de\/progetto-scuola-2\/\"]}]},{\"@type\":\"BreadcrumbList\",\"@id\":\"https:\/\/www.hcbfoxesacademy.org\/de\/progetto-scuola-2\/#breadcrumb\",\"itemListElement\":[{\"@type\":\"ListItem\",\"position\":1,\"name\":\"Home\",\"item\":\"https:\/\/www.hcbfoxesacademy.org\/it\/\"},{\"@type\":\"ListItem\",\"position\":2,\"name\":\"Projekt Schule\"}]},{\"@type\":\"WebSite\",\"@id\":\"https:\/\/www.hcbfoxesacademy.org\/it\/#website\",\"url\":\"https:\/\/www.hcbfoxesacademy.org\/it\/\",\"name\":\"HCB Foxes Academy\",\"description\":\"HCB foxes academy\",\"publisher\":{\"@id\":\"https:\/\/www.hcbfoxesacademy.org\/it\/#organization\"},\"potentialAction\":[{\"@type\":\"SearchAction\",\"target\":{\"@type\":\"EntryPoint\",\"urlTemplate\":\"https:\/\/www.hcbfoxesacademy.org\/it\/?s={search_term_string}\"},\"query-input\":\"required name=search_term_string\"}],\"inLanguage\":\"de-DE\"},{\"@type\":\"Organization\",\"@id\":\"https:\/\/www.hcbfoxesacademy.org\/it\/#organization\",\"name\":\"HCB Foxes Academy\",\"url\":\"https:\/\/www.hcbfoxesacademy.org\/it\/\",\"logo\":{\"@type\":\"ImageObject\",\"inLanguage\":\"de-DE\",\"@id\":\"https:\/\/www.hcbfoxesacademy.org\/it\/#\/schema\/logo\/image\/\",\"url\":\"https:\/\/img.wunderfarm.cloud\/134880438c3d4d5e\/2019\/08\/13\/c\/0x0\/filters:no_upscale()\/filters:strip_exif()\/logo-academy-2019.svg\",\"contentUrl\":\"https:\/\/img.wunderfarm.cloud\/134880438c3d4d5e\/2019\/08\/13\/c\/0x0\/filters:no_upscale()\/filters:strip_exif()\/logo-academy-2019.svg\",\"caption\":\"HCB Foxes Academy\"},\"image\":{\"@id\":\"https:\/\/www.hcbfoxesacademy.org\/it\/#\/schema\/logo\/image\/\"}}]}<\/script>\n<!-- \/ Yoast SEO plugin. -->","yoast_head_json":{"title":"Projekt Schule - HCB Foxes Academy","robots":{"index":"index","follow":"follow","max-snippet":"max-snippet:-1","max-image-preview":"max-image-preview:large","max-video-preview":"max-video-preview:-1"},"canonical":"https:\/\/www.hcbfoxesacademy.org\/de\/progetto-scuola-2\/","og_locale":"de_DE","og_type":"article","og_title":"Projekt Schule - HCB Foxes Academy","og_description":"Die HCB Foxes Academy hat eine echte Mission. Sie wurde mit dem Hauptzweck gegr\u00fcndet, das Projekt &#8220;Eis und Schule&#8221; in S\u00fcdtirol zu entwickeln. Die Vereinbarung zwischen HCB Foxes Academy, der Sporthochschule &#8220;G. Toniolo&#8221; und der FISG sind in der Lage, Sport und Schule auf die beste Art und Weise unter einem Hut zu bringen und [&hellip;]","og_url":"https:\/\/www.hcbfoxesacademy.org\/de\/progetto-scuola-2\/","og_site_name":"HCB Foxes Academy","article_modified_time":"2019-11-14T13:57:47+00:00","twitter_card":"summary_large_image","twitter_misc":{"Est. reading time":"1 minute"},"schema":{"@context":"https:\/\/schema.org","@graph":[{"@type":"WebPage","@id":"https:\/\/www.hcbfoxesacademy.org\/de\/progetto-scuola-2\/","url":"https:\/\/www.hcbfoxesacademy.org\/de\/progetto-scuola-2\/","name":"Projekt Schule - HCB Foxes Academy","isPartOf":{"@id":"https:\/\/www.hcbfoxesacademy.org\/it\/#website"},"datePublished":"2019-08-12T10:31:17+00:00","dateModified":"2019-11-14T13:57:47+00:00","breadcrumb":{"@id":"https:\/\/www.hcbfoxesacademy.org\/de\/progetto-scuola-2\/#breadcrumb"},"inLanguage":"de-DE","potentialAction":[{"@type":"ReadAction","target":["https:\/\/www.hcbfoxesacademy.org\/de\/progetto-scuola-2\/"]}]},{"@type":"BreadcrumbList","@id":"https:\/\/www.hcbfoxesacademy.org\/de\/progetto-scuola-2\/#breadcrumb","itemListElement":[{"@type":"ListItem","position":1,"name":"Home","item":"https:\/\/www.hcbfoxesacademy.org\/it\/"},{"@type":"ListItem","position":2,"name":"Projekt Schule"}]},{"@type":"WebSite","@id":"https:\/\/www.hcbfoxesacademy.org\/it\/#website","url":"https:\/\/www.hcbfoxesacademy.org\/it\/","name":"HCB Foxes Academy","description":"HCB foxes academy","publisher":{"@id":"https:\/\/www.hcbfoxesacademy.org\/it\/#organization"},"potentialAction":[{"@type":"SearchAction","target":{"@type":"EntryPoint","urlTemplate":"https:\/\/www.hcbfoxesacademy.org\/it\/?s={search_term_string}"},"query-input":"required name=search_term_string"}],"inLanguage":"de-DE"},{"@type":"Organization","@id":"https:\/\/www.hcbfoxesacademy.org\/it\/#organization","name":"HCB Foxes Academy","url":"https:\/\/www.hcbfoxesacademy.org\/it\/","logo":{"@type":"ImageObject","inLanguage":"de-DE","@id":"https:\/\/www.hcbfoxesacademy.org\/it\/#\/schema\/logo\/image\/","url":"https:\/\/img.wunderfarm.cloud\/134880438c3d4d5e\/2019\/08\/13\/c\/0x0\/filters:no_upscale()\/filters:strip_exif()\/logo-academy-2019.svg","contentUrl":"https:\/\/img.wunderfarm.cloud\/134880438c3d4d5e\/2019\/08\/13\/c\/0x0\/filters:no_upscale()\/filters:strip_exif()\/logo-academy-2019.svg","caption":"HCB Foxes Academy"},"image":{"@id":"https:\/\/www.hcbfoxesacademy.org\/it\/#\/schema\/logo\/image\/"}}]}},"_links":{"self":[{"href":"https:\/\/www.hcbfoxesacademy.org\/de\/wp-json\/wp\/v2\/pages\/987"}],"collection":[{"href":"https:\/\/www.hcbfoxesacademy.org\/de\/wp-json\/wp\/v2\/pages"}],"about":[{"href":"https:\/\/www.hcbfoxesacademy.org\/de\/wp-json\/wp\/v2\/types\/page"}],"author":[{"embeddable":true,"href":"https:\/\/www.hcbfoxesacademy.org\/de\/wp-json\/wp\/v2\/users\/1"}],"replies":[{"embeddable":true,"href":"https:\/\/www.hcbfoxesacademy.org\/de\/wp-json\/wp\/v2\/comments?post=987"}],"version-history":[{"count":2,"href":"https:\/\/www.hcbfoxesacademy.org\/de\/wp-json\/wp\/v2\/pages\/987\/revisions"}],"predecessor-version":[{"id":1192,"href":"https:\/\/www.hcbfoxesacademy.org\/de\/wp-json\/wp\/v2\/pages\/987\/revisions\/1192"}],"wp:attachment":[{"href":"https:\/\/www.hcbfoxesacademy.org\/de\/wp-json\/wp\/v2\/media?parent=987"}],"curies":[{"name":"wp","href":"https:\/\/api.w.org\/{rel}","templated":true}]}}