{"id":2433,"date":"2025-10-14T20:37:18","date_gmt":"2025-10-14T20:37:18","guid":{"rendered":"https:\/\/www.hcbfoxesacademy.org\/?page_id=2433"},"modified":"2025-10-14T20:37:18","modified_gmt":"2025-10-14T20:37:18","slug":"faq-ueber-die-hcb-foxes-academy","status":"publish","type":"page","link":"https:\/\/www.hcbfoxesacademy.org\/de\/faq-ueber-die-hcb-foxes-academy\/","title":{"rendered":"FAQ \u00fcber die HCB Foxes Academy"},"content":{"rendered":"<table width=\"737\">\n<tbody>\n<tr>\n<td width=\"366\"><strong>Was erwartet mich, wenn ich meine Tochter oder meinen Sohn beim Hockey und in der HCB Foxes Academy anmelde?<\/strong><\/p>\n<p>Der Nutzen, wenn ein Kind beginnt, Sport zu treiben, ist gro\u00df. Es geht darum, die Kinder in einem Umfeld aufwachsen zu lassen, das Werte wie Disziplin, Respekt, Hingabe und Leidenschaft vermittelt. Es klingt wie eine Floskel, aber Sport ist tats\u00e4chlich eine Schule f\u00fcrs Leben.<\/p>\n<p>Die Kinder lernen, ein Ziel mit Hingabe und Leidenschaft zu verfolgen, sich zu sozialisieren und durch Siege wie auch Niederlagen als Athleten und Menschen zu wachsen.<\/td>\n<\/tr>\n<tr>\n<td width=\"366\"><strong>Wann beginnt und endet eine Saison?<\/strong><\/p>\n<p>Die Saison mit Turnieren und Meisterschaftsspielen beginnt in der Regel im September mit dem Schulstart und endet im April.<\/p>\n<p>Das Training und die athletische Vorbereitung beginnen jedoch fr\u00fcher, je nach Kategorie, und setzen sich individuell auch im Sommer fort.<\/p>\n<p>Anzahl und Intensit\u00e4t der Trainings steigen mit dem Alter und den F\u00e4higkeiten der M\u00e4dchen und Jungen.<\/td>\n<\/tr>\n<tr>\n<td width=\"366\"><strong>Wie ist die HCB FOXES ACADEMY strukturiert?<\/strong><\/p>\n<p>Die Basis des Vereins bilden die M\u00e4dchen, Jungen und vielen Freiwilligen, die hinter den Kulissen oder an vorderster Front daf\u00fcr sorgen, dass die Vereinsaktivit\u00e4ten stattfinden k\u00f6nnen.<\/p>\n<p>Auf dem Eis begleiten die Trainer die Jugendlichen auf ihrem sportlichen Weg.<\/p>\n<p>Au\u00dferhalb des Eises gibt es die unsch\u00e4tzbaren TL (Team Leader). Eltern von M\u00e4dchen oder Jungen in den jeweiligen Kategorien, die die Mannschaften zu Spielen und Ausw\u00e4rtsturnieren begleiten und vor allem die jungen Athleten w\u00e4hrend der gesamten Saison beim Training unterst\u00fctzen: Sie schn\u00fcren den Kleinsten die Schlittschuhe, reparieren, wo m\u00f6glich, die Ausr\u00fcstung, schleifen die Schlittschuhe und sorgen daf\u00fcr, dass die Jugendlichen p\u00fcnktlich auf dem Eis erscheinen.<\/p>\n<p>Zu den Freiwilligen hinter den Kulissen geh\u00f6ren ein Vereinsvorstand und operative Gruppen, die sich um Eisfl\u00e4chen, Turniere, Logistik f\u00fcr Trainingseinheiten, Spiele und Turniere, Beziehungen zum Verband usw. k\u00fcmmern.<\/p>\n<p>&nbsp;<\/td>\n<\/tr>\n<tr>\n<td width=\"366\"><strong>Trainiert die HCB Foxes Academy immer nur in der Sparkasse Arena?<\/strong><\/p>\n<p>Die Trainingsst\u00e4tten der HCB Foxes Academy sind in der Regel:<\/p>\n<ul>\n<li>Sparkasse Arena von Ende August bis April<\/li>\n<li>Sill von ca. Ende Oktober bis Anfang M\u00e4rz<\/li>\n<li>Pista Zero gelegentlich<\/li>\n<\/ul>\n<p>Die Sill und die Pista Zero sind stark wetterabh\u00e4ngig. Daher k\u00f6nnen die zuvor angek\u00fcndigten Trainingsorte und -zeiten auch kurzfristig ge\u00e4ndert werden.<\/td>\n<\/tr>\n<tr>\n<td width=\"366\"><strong>M\u00fcssen die Spieler bestimmte Farben in ihrer Ausr\u00fcstung tragen?<\/strong><\/p>\n<p>Ja und nein. Die nicht sichtbare Ausr\u00fcstung ist den Spielern \u00fcberlassen, f\u00fcr die sichtbare Ausr\u00fcstung gibt es jedoch die Teamfarben, die besonders ab der U12 verpflichtend sind:<\/p>\n<ul>\n<li>Helm: \u201eRoyal Blue\u201c<\/li>\n<li>Hosen: Rot<\/li>\n<li>Handschuhe: vorzugsweise Rot<\/li>\n<\/ul>\n<p>F\u00fcr die Spiele werden vom Verein Trikot, Hosen\u00fcberzieher und Stutzen zur Verf\u00fcgung gestellt.<\/p>\n<p>F\u00fcr den Kauf von Ausr\u00fcstung gibt es eine WhatsApp-Gruppe, in der gebrauchte Ausr\u00fcstung in gutem Zustand gesucht oder verkauft werden kann. Folge dazu dem QR-Code:<\/p>\n<p><img loading=\"lazy\" decoding=\"async\" class=\"aligncenter size-medium wp-image-2418\" src=\"https:\/\/img.wunderfarm.cloud\/134880438c3d4d5e\/2025\/10\/2418\/c\/fit-in\/0x0\/filters:no_upscale()\/filters:strip_exif()\/qr-mercatini-foxes.png\" alt=\"\" width=\"206\" height=\"196\" data-headline=\"QR mercatini foxes\" \/><\/td>\n<\/tr>\n<\/tbody>\n<\/table>\n<table width=\"737\">\n<tbody>\n<tr>\n<td width=\"366\"><strong>Kommunikation mit dem Verein oder den Trainern<\/strong><\/p>\n<p>Bei der Anmeldung werden die Telefonnummern der Eltern aufgenommen. Diese werden in WhatsApp-Gruppen pro Trainingsgruppe hinzugef\u00fcgt.<\/p>\n<p>Mitteilungen betreffend Athleten dieser einzelnen Gruppen erfolgen in diesen Gruppen.<\/p>\n<p>Mitteilungen die alle betreffen (Newsletter, Wochenpl\u00e4ne, usw.) erfolgen \u00fcber den offiziellen Community-Kanal der HCB Foxes Academy.<\/p>\n<p>Zu Beginn jeder Saison werden \u00fcber einen Newsletter die Namen der Betreuer (TL \u2013 Team Leader) bekanntgegeben. Sie begleiten die Kinder bei Ausw\u00e4rtsfahrten, unterst\u00fctzen beim Training und ver\u00f6ffentlichen Mitteilungen in den WhatsApp Gruppen.<\/p>\n<p>F\u00fcr pers\u00f6nliche Anliegen sollen Eltern zuerst die Betreuer kontaktieren, die den Kontakt zum Verein herstellen.<\/p>\n<p>&nbsp;<\/td>\n<\/tr>\n<tr>\n<td width=\"366\"><strong>K\u00f6nnen Eltern helfen?<\/strong><\/p>\n<p>Ja, sicher! Bis zur U12 brauchen wir bei Heimspielen Eltern, die beim Herrichten des Spielfelds helfen, belegte Br\u00f6tchen vorbereiten, die allen Teilnehmern verteilt werden und die wichtige Aufgabe der Zeitnahme (\u201eil CRONO\u201c) \u00fcbernehmen.<\/p>\n<p>Alles Aufgaben, die von \u00fcbernommen werden und der Mannschaft behilflich sind.<\/p>\n<p>Ab der U14 besteht die Hilfe die geleistet werden kann, vor allem in der Zeitnahme, die eine offizielle Funktion ist.<\/p>\n<p>Einmal im Jahr, im M\u00e4rz, wird das internationale U8-Turnier in der Sparkasse Arena organisiert. Mit 16 Teams aus verschiedenen L\u00e4ndern sind helfende H\u00e4nde jederzeit willkommen.<\/p>\n<p>Falls Eltern zudem Kontakte zu potenziellen Sponsoren haben, freuen wir uns sehr \u00fcber eine Unterst\u00fctzung in diesem Bereich.<\/p>\n<p>&nbsp;<\/td>\n<\/tr>\n<\/tbody>\n<\/table>\n<table width=\"737\">\n<tbody>\n<tr>\n<td width=\"366\"><strong>Abonnements f\u00fcr HCB Foxes-Spiele<\/strong><\/p>\n<p>Die M\u00f6glichkeit, ein erm\u00e4\u00dfigtes Abo f\u00fcr unsere Athleten zu erhalten, wird vom HCB Foxes der Gesch\u00e4ftsstelle kurzfristig mitgeteilt.<br \/>\nDies ist kein Recht, sondern eine freundliche Geste des ICEHL-Vereins, die unseren Kindern die Chance gibt, die Profis live zu erleben.<\/td>\n<\/tr>\n<\/tbody>\n<\/table>\n","protected":false},"excerpt":{"rendered":"<p>Was erwartet mich, wenn ich meine Tochter oder meinen Sohn beim Hockey und in der HCB Foxes Academy anmelde? Der Nutzen, wenn ein Kind beginnt, Sport zu treiben, ist gro\u00df. Es geht darum, die Kinder in einem Umfeld aufwachsen zu lassen, das Werte wie Disziplin, Respekt, Hingabe und Leidenschaft vermittelt. Es klingt wie eine Floskel, [&hellip;]<\/p>\n","protected":false},"author":2,"featured_media":0,"parent":0,"menu_order":0,"comment_status":"closed","ping_status":"closed","template":"","meta":{"_acf_changed":false,"footnotes":""},"acf":[],"yoast_head":"<!-- This site is optimized with the Yoast SEO plugin v22.5 - https:\/\/yoast.com\/wordpress\/plugins\/seo\/ -->\n<title>FAQ \u00fcber die HCB Foxes Academy - HCB Foxes Academy<\/title>\n<meta name=\"robots\" content=\"index, follow, max-snippet:-1, max-image-preview:large, max-video-preview:-1\" \/>\n<link rel=\"canonical\" href=\"https:\/\/www.hcbfoxesacademy.org\/de\/faq-ueber-die-hcb-foxes-academy\/\" \/>\n<meta property=\"og:locale\" content=\"de_DE\" \/>\n<meta property=\"og:type\" content=\"article\" \/>\n<meta property=\"og:title\" content=\"FAQ \u00fcber die HCB Foxes Academy - HCB Foxes Academy\" \/>\n<meta property=\"og:description\" content=\"Was erwartet mich, wenn ich meine Tochter oder meinen Sohn beim Hockey und in der HCB Foxes Academy anmelde? Der Nutzen, wenn ein Kind beginnt, Sport zu treiben, ist gro\u00df. Es geht darum, die Kinder in einem Umfeld aufwachsen zu lassen, das Werte wie Disziplin, Respekt, Hingabe und Leidenschaft vermittelt. Es klingt wie eine Floskel, [&hellip;]\" \/>\n<meta property=\"og:url\" content=\"https:\/\/www.hcbfoxesacademy.org\/de\/faq-ueber-die-hcb-foxes-academy\/\" \/>\n<meta property=\"og:site_name\" content=\"HCB Foxes Academy\" \/>\n<meta property=\"og:image\" content=\"https:\/\/img.wunderfarm.cloud\/134880438c3d4d5e\/2025\/10\/2418\/c\/fit-in\/0x0\/filters:no_upscale()\/filters:strip_exif()\/qr-mercatini-foxes.png\" \/>\n<meta name=\"twitter:card\" content=\"summary_large_image\" \/>\n<meta name=\"twitter:label1\" content=\"Est. reading time\" \/>\n\t<meta name=\"twitter:data1\" content=\"4 minutes\" \/>\n<script type=\"application\/ld+json\" class=\"yoast-schema-graph\">{\"@context\":\"https:\/\/schema.org\",\"@graph\":[{\"@type\":\"WebPage\",\"@id\":\"https:\/\/www.hcbfoxesacademy.org\/de\/faq-ueber-die-hcb-foxes-academy\/\",\"url\":\"https:\/\/www.hcbfoxesacademy.org\/de\/faq-ueber-die-hcb-foxes-academy\/\",\"name\":\"FAQ \u00fcber die HCB Foxes Academy - HCB Foxes Academy\",\"isPartOf\":{\"@id\":\"https:\/\/www.hcbfoxesacademy.org\/it\/#website\"},\"primaryImageOfPage\":{\"@id\":\"https:\/\/www.hcbfoxesacademy.org\/de\/faq-ueber-die-hcb-foxes-academy\/#primaryimage\"},\"image\":{\"@id\":\"https:\/\/www.hcbfoxesacademy.org\/de\/faq-ueber-die-hcb-foxes-academy\/#primaryimage\"},\"thumbnailUrl\":\"https:\/\/img.wunderfarm.cloud\/134880438c3d4d5e\/2025\/10\/2418\/c\/fit-in\/0x0\/filters:no_upscale()\/filters:strip_exif()\/qr-mercatini-foxes.png\",\"datePublished\":\"2025-10-14T20:37:18+00:00\",\"dateModified\":\"2025-10-14T20:37:18+00:00\",\"breadcrumb\":{\"@id\":\"https:\/\/www.hcbfoxesacademy.org\/de\/faq-ueber-die-hcb-foxes-academy\/#breadcrumb\"},\"inLanguage\":\"de-DE\",\"potentialAction\":[{\"@type\":\"ReadAction\",\"target\":[\"https:\/\/www.hcbfoxesacademy.org\/de\/faq-ueber-die-hcb-foxes-academy\/\"]}]},{\"@type\":\"ImageObject\",\"inLanguage\":\"de-DE\",\"@id\":\"https:\/\/www.hcbfoxesacademy.org\/de\/faq-ueber-die-hcb-foxes-academy\/#primaryimage\",\"url\":\"https:\/\/img.wunderfarm.cloud\/134880438c3d4d5e\/2025\/10\/2418\/c\/fit-in\/0x0\/filters:no_upscale()\/filters:strip_exif()\/qr-mercatini-foxes.png\",\"contentUrl\":\"https:\/\/img.wunderfarm.cloud\/134880438c3d4d5e\/2025\/10\/2418\/c\/fit-in\/0x0\/filters:no_upscale()\/filters:strip_exif()\/qr-mercatini-foxes.png\"},{\"@type\":\"BreadcrumbList\",\"@id\":\"https:\/\/www.hcbfoxesacademy.org\/de\/faq-ueber-die-hcb-foxes-academy\/#breadcrumb\",\"itemListElement\":[{\"@type\":\"ListItem\",\"position\":1,\"name\":\"Home\",\"item\":\"https:\/\/www.hcbfoxesacademy.org\/it\/\"},{\"@type\":\"ListItem\",\"position\":2,\"name\":\"FAQ \u00fcber die HCB Foxes Academy\"}]},{\"@type\":\"WebSite\",\"@id\":\"https:\/\/www.hcbfoxesacademy.org\/it\/#website\",\"url\":\"https:\/\/www.hcbfoxesacademy.org\/it\/\",\"name\":\"HCB Foxes Academy\",\"description\":\"HCB foxes academy\",\"publisher\":{\"@id\":\"https:\/\/www.hcbfoxesacademy.org\/it\/#organization\"},\"potentialAction\":[{\"@type\":\"SearchAction\",\"target\":{\"@type\":\"EntryPoint\",\"urlTemplate\":\"https:\/\/www.hcbfoxesacademy.org\/it\/?s={search_term_string}\"},\"query-input\":\"required name=search_term_string\"}],\"inLanguage\":\"de-DE\"},{\"@type\":\"Organization\",\"@id\":\"https:\/\/www.hcbfoxesacademy.org\/it\/#organization\",\"name\":\"HCB Foxes Academy\",\"url\":\"https:\/\/www.hcbfoxesacademy.org\/it\/\",\"logo\":{\"@type\":\"ImageObject\",\"inLanguage\":\"de-DE\",\"@id\":\"https:\/\/www.hcbfoxesacademy.org\/it\/#\/schema\/logo\/image\/\",\"url\":\"https:\/\/img.wunderfarm.cloud\/134880438c3d4d5e\/2019\/08\/13\/c\/0x0\/filters:no_upscale()\/filters:strip_exif()\/logo-academy-2019.svg\",\"contentUrl\":\"https:\/\/img.wunderfarm.cloud\/134880438c3d4d5e\/2019\/08\/13\/c\/0x0\/filters:no_upscale()\/filters:strip_exif()\/logo-academy-2019.svg\",\"caption\":\"HCB Foxes Academy\"},\"image\":{\"@id\":\"https:\/\/www.hcbfoxesacademy.org\/it\/#\/schema\/logo\/image\/\"}}]}<\/script>\n<!-- \/ Yoast SEO plugin. -->","yoast_head_json":{"title":"FAQ \u00fcber die HCB Foxes Academy - HCB Foxes Academy","robots":{"index":"index","follow":"follow","max-snippet":"max-snippet:-1","max-image-preview":"max-image-preview:large","max-video-preview":"max-video-preview:-1"},"canonical":"https:\/\/www.hcbfoxesacademy.org\/de\/faq-ueber-die-hcb-foxes-academy\/","og_locale":"de_DE","og_type":"article","og_title":"FAQ \u00fcber die HCB Foxes Academy - HCB Foxes Academy","og_description":"Was erwartet mich, wenn ich meine Tochter oder meinen Sohn beim Hockey und in der HCB Foxes Academy anmelde? Der Nutzen, wenn ein Kind beginnt, Sport zu treiben, ist gro\u00df. Es geht darum, die Kinder in einem Umfeld aufwachsen zu lassen, das Werte wie Disziplin, Respekt, Hingabe und Leidenschaft vermittelt. Es klingt wie eine Floskel, [&hellip;]","og_url":"https:\/\/www.hcbfoxesacademy.org\/de\/faq-ueber-die-hcb-foxes-academy\/","og_site_name":"HCB Foxes Academy","og_image":[{"url":"https:\/\/img.wunderfarm.cloud\/134880438c3d4d5e\/2025\/10\/2418\/c\/fit-in\/0x0\/filters:no_upscale()\/filters:strip_exif()\/qr-mercatini-foxes.png"}],"twitter_card":"summary_large_image","twitter_misc":{"Est. reading time":"4 minutes"},"schema":{"@context":"https:\/\/schema.org","@graph":[{"@type":"WebPage","@id":"https:\/\/www.hcbfoxesacademy.org\/de\/faq-ueber-die-hcb-foxes-academy\/","url":"https:\/\/www.hcbfoxesacademy.org\/de\/faq-ueber-die-hcb-foxes-academy\/","name":"FAQ \u00fcber die HCB Foxes Academy - HCB Foxes Academy","isPartOf":{"@id":"https:\/\/www.hcbfoxesacademy.org\/it\/#website"},"primaryImageOfPage":{"@id":"https:\/\/www.hcbfoxesacademy.org\/de\/faq-ueber-die-hcb-foxes-academy\/#primaryimage"},"image":{"@id":"https:\/\/www.hcbfoxesacademy.org\/de\/faq-ueber-die-hcb-foxes-academy\/#primaryimage"},"thumbnailUrl":"https:\/\/img.wunderfarm.cloud\/134880438c3d4d5e\/2025\/10\/2418\/c\/fit-in\/0x0\/filters:no_upscale()\/filters:strip_exif()\/qr-mercatini-foxes.png","datePublished":"2025-10-14T20:37:18+00:00","dateModified":"2025-10-14T20:37:18+00:00","breadcrumb":{"@id":"https:\/\/www.hcbfoxesacademy.org\/de\/faq-ueber-die-hcb-foxes-academy\/#breadcrumb"},"inLanguage":"de-DE","potentialAction":[{"@type":"ReadAction","target":["https:\/\/www.hcbfoxesacademy.org\/de\/faq-ueber-die-hcb-foxes-academy\/"]}]},{"@type":"ImageObject","inLanguage":"de-DE","@id":"https:\/\/www.hcbfoxesacademy.org\/de\/faq-ueber-die-hcb-foxes-academy\/#primaryimage","url":"https:\/\/img.wunderfarm.cloud\/134880438c3d4d5e\/2025\/10\/2418\/c\/fit-in\/0x0\/filters:no_upscale()\/filters:strip_exif()\/qr-mercatini-foxes.png","contentUrl":"https:\/\/img.wunderfarm.cloud\/134880438c3d4d5e\/2025\/10\/2418\/c\/fit-in\/0x0\/filters:no_upscale()\/filters:strip_exif()\/qr-mercatini-foxes.png"},{"@type":"BreadcrumbList","@id":"https:\/\/www.hcbfoxesacademy.org\/de\/faq-ueber-die-hcb-foxes-academy\/#breadcrumb","itemListElement":[{"@type":"ListItem","position":1,"name":"Home","item":"https:\/\/www.hcbfoxesacademy.org\/it\/"},{"@type":"ListItem","position":2,"name":"FAQ \u00fcber die HCB Foxes Academy"}]},{"@type":"WebSite","@id":"https:\/\/www.hcbfoxesacademy.org\/it\/#website","url":"https:\/\/www.hcbfoxesacademy.org\/it\/","name":"HCB Foxes Academy","description":"HCB foxes academy","publisher":{"@id":"https:\/\/www.hcbfoxesacademy.org\/it\/#organization"},"potentialAction":[{"@type":"SearchAction","target":{"@type":"EntryPoint","urlTemplate":"https:\/\/www.hcbfoxesacademy.org\/it\/?s={search_term_string}"},"query-input":"required name=search_term_string"}],"inLanguage":"de-DE"},{"@type":"Organization","@id":"https:\/\/www.hcbfoxesacademy.org\/it\/#organization","name":"HCB Foxes Academy","url":"https:\/\/www.hcbfoxesacademy.org\/it\/","logo":{"@type":"ImageObject","inLanguage":"de-DE","@id":"https:\/\/www.hcbfoxesacademy.org\/it\/#\/schema\/logo\/image\/","url":"https:\/\/img.wunderfarm.cloud\/134880438c3d4d5e\/2019\/08\/13\/c\/0x0\/filters:no_upscale()\/filters:strip_exif()\/logo-academy-2019.svg","contentUrl":"https:\/\/img.wunderfarm.cloud\/134880438c3d4d5e\/2019\/08\/13\/c\/0x0\/filters:no_upscale()\/filters:strip_exif()\/logo-academy-2019.svg","caption":"HCB Foxes Academy"},"image":{"@id":"https:\/\/www.hcbfoxesacademy.org\/it\/#\/schema\/logo\/image\/"}}]}},"_links":{"self":[{"href":"https:\/\/www.hcbfoxesacademy.org\/de\/wp-json\/wp\/v2\/pages\/2433"}],"collection":[{"href":"https:\/\/www.hcbfoxesacademy.org\/de\/wp-json\/wp\/v2\/pages"}],"about":[{"href":"https:\/\/www.hcbfoxesacademy.org\/de\/wp-json\/wp\/v2\/types\/page"}],"author":[{"embeddable":true,"href":"https:\/\/www.hcbfoxesacademy.org\/de\/wp-json\/wp\/v2\/users\/2"}],"replies":[{"embeddable":true,"href":"https:\/\/www.hcbfoxesacademy.org\/de\/wp-json\/wp\/v2\/comments?post=2433"}],"version-history":[{"count":1,"href":"https:\/\/www.hcbfoxesacademy.org\/de\/wp-json\/wp\/v2\/pages\/2433\/revisions"}],"predecessor-version":[{"id":2434,"href":"https:\/\/www.hcbfoxesacademy.org\/de\/wp-json\/wp\/v2\/pages\/2433\/revisions\/2434"}],"wp:attachment":[{"href":"https:\/\/www.hcbfoxesacademy.org\/de\/wp-json\/wp\/v2\/media?parent=2433"}],"curies":[{"name":"wp","href":"https:\/\/api.w.org\/{rel}","templated":true}]}}