{"id":2431,"date":"2025-10-14T20:32:23","date_gmt":"2025-10-14T20:32:23","guid":{"rendered":"https:\/\/www.hcbfoxesacademy.org\/?page_id=2431"},"modified":"2025-10-14T20:32:23","modified_gmt":"2025-10-14T20:32:23","slug":"faq-ueber-training-spiele-und-turniere","status":"publish","type":"page","link":"https:\/\/www.hcbfoxesacademy.org\/de\/faq-ueber-training-spiele-und-turniere\/","title":{"rendered":"FAQ \u00fcber Training, Spiele und Turniere"},"content":{"rendered":"<table width=\"737\">\n<tbody>\n<tr>\n<td width=\"366\"><strong>Vereinsbekleidung bei Turnieren und Spielen<\/strong><\/p>\n<p>Die Jugendlichen erhalten anfangs ein Bekleidungsset in der eigenen Gr\u00f6\u00dfe, welcher mit der Zeit ausgetauscht oder ersetzt werden kann, und wor\u00fcber jeweils eigene Mitteilungen erfolgen.<\/p>\n<p>Die Mannschaften der KategorienU8, U10 und U12 tragen die Vereinskleidung, bestehend aus:<\/p>\n<ul>\n<li>Schwarze Trainingshose<\/li>\n<li>Roter Vereins-Pullover<\/li>\n<li>Schwarze Jacke<\/li>\n<li>Rotes Funktionsshirt<\/li>\n<li>Schwarze Shorts (f\u00fcr Aufw\u00e4rmphase)<\/li>\n<\/ul>\n<p>Alle Kleidungsst\u00fccke mit Logo oder Schriftzug der HCB FOXES ACADEMY.<\/p>\n<p>In den Kategorien U14, U16 und U19 tragen die Spieler bei Heimspielen folgenden Outfit:<\/p>\n<ul>\n<li>Blue Jeans<\/li>\n<li>Wei\u00dfes Polo oder Hemd<\/li>\n<li>Vereinsjacke<\/li>\n<\/ul>\n<p>Zum Aufw\u00e4rmen tragen sie Shorts, T-Shirt und eventuell den Vereins-Pullover.<\/p>\n<p>Bei Ausw\u00e4rtsspielen wird wieder der Trainingsanzug getragen, da dieser f\u00fcr die Reise bequemer ist.<\/td>\n<\/tr>\n<tr>\n<td width=\"366\"><strong>Wo kann ich die Trainingszeiten sehen?<\/strong><\/p>\n<p>Die Eisanlagen in Bozen werden von vielen Vereinen genutzt \u2013 Eishockey, Eiskunstlauf, Eisschnelllauf, von Kindern bis Erwachsenen.<\/p>\n<p>Gleichzeitig finden internationale, nationale, regionale und lokale Wettk\u00e4mpfe statt.<br \/>\nDaher k\u00f6nnen die Eiszeiten w\u00f6chentlich variieren, und somit \u00e4ndert sich auch der Trainingsplan von Woche zu Woche.<\/p>\n<p>Die w\u00f6chentlichen Kalender werden \u00fcber die WhatsApp Community ver\u00f6ffentlicht.<\/td>\n<\/tr>\n<tr>\n<td width=\"366\"><strong>Trainingsgruppen<\/strong><\/p>\n<p>Wer von einem Eislaufkurs kommt, startet in der Regel in der Gruppe <strong>U8-Anf\u00e4nger<\/strong>.<\/p>\n<p>Unabh\u00e4ngig vom Alter ist es nicht einfach, die komplette Schutzausr\u00fcstung zu tragen und gleichzeitig einen Gummipuck mit einem Schl\u00e4ger zu f\u00fchren. In dieser ersten Gruppe lernen die Kinder die Grundlagen dieses faszinierenden Sports.<\/p>\n<p>Die Trainingsgruppen werden dann in der Regel nach Alterskategorien benannt, jedoch werden die M\u00e4dchen und Jungen nicht nur nach Alter, sondern auch nach tats\u00e4chlichen F\u00e4higkeiten eingeteilt. So k\u00f6nnen sie sich nach ihrem individuellen Entwicklungsstand verbessern und nicht nur nach dem Geburtsjahrgang.<\/p>\n<p>Deshalb k\u00f6nnen Kinder auch w\u00e4hrend der Saison von einer Gruppe in eine andere gewechselt werden.<\/td>\n<\/tr>\n<tr>\n<td width=\"366\"><strong>C<\/strong><strong>Meisterschaften U8, U10 und U12<\/strong><\/p>\n<p>Die Verbandsaktivit\u00e4ten bis zur U12 finden normalerweise alle 2\u20133 Wochen in Form von Viererturnieren statt und stehen unter dem Motto \u201elearn to play\u201c.<\/p>\n<p>Ziel dieser Turniere ist es, den jungen Spielern Spielpraxis und Erfahrung zu erm\u00f6glichen, ohne den Anspruch auf Sieg oder m\u00f6glichst viele Tore. Der sportliche Ehrgeiz soll haupts\u00e4chlich von gesundem Spa\u00df begleitet werden.<\/p>\n<p>&nbsp;<\/td>\n<\/tr>\n<tr>\n<td width=\"366\"><strong>Meisterschaften U14, U16 und U19<\/strong><\/p>\n<p>Die Mannschaften der Jugendkategorien U14, U16 und U19 nehmen an den jeweiligen italienischen Meisterschaften teil.<br \/>\nDiese werden mit offiziellen Spielen durchgef\u00fchrt, wobei sich die Modalit\u00e4ten je nach Anzahl der teilnehmenden Teams von Jahr zu Jahr \u00e4ndern k\u00f6nnen.<\/p>\n<p>Spieler k\u00f6nnen auch aus einer niedrigeren Kategorie hochgezogen werden. F\u00fcr M\u00e4dchen gibt es Ausnahmen, die es ihnen erlauben, in einer niedrigeren Kategorie zu spielen.<\/p>\n<p><strong>\u00a0<\/strong><\/td>\n<\/tr>\n<tr>\n<td width=\"366\"><strong>Kalender der Verbandsmeisterschaften<\/strong><\/p>\n<p>Wie in allen Sportarten werden die Wettkampfkalender anhand der wichtigsten Veranstaltungen festgelegt und dann auf die Aktivit\u00e4ten einer Kategorie wie der U8 \u00fcbertragen.<\/p>\n<p>Ausgehend vom olympischen Kalender auf internationaler Ebene werden die Termine f\u00fcr die Kalender der Nationalmannschaften (Senioren und Jugend) festgelegt. Nach Festlegung der Termine f\u00fcr internationale Veranstaltungen werden die Termine f\u00fcr die internationalen und nationalen Seniorenmeisterschaften festgelegt, dann folgen die Jugendkategorien und schlie\u00dflich werden die Termine f\u00fcr die Aktivit\u00e4ten auf regionaler\/provinzialer Ebene festgelegt.<\/p>\n<p>Dies erfordert einen unvorstellbaren Aufwand seitens der Verbandsmitarbeiter, Sportvereine und Anlagenbetreiber, um alle Termine und Zeiten festzulegen, wobei es manchmal zu Schwierigkeiten kommt, da einige Anlagen aus verschiedenen Gr\u00fcnden nicht regelm\u00e4\u00dfig in Betrieb sind oder sogar Verz\u00f6gerungen bei der Inbetriebnahme haben.<\/p>\n<p>Aus diesem Grund werden die endg\u00fcltigen Kalender der Verbandsaktivit\u00e4ten nach und nach in einem Zeitraum von etwa Anfang September bis Ende September ver\u00f6ffentlicht.<\/p>\n<p>Die Termine f\u00fcr die Kategorien U14 und h\u00f6her k\u00f6nnen jederzeit auf der offiziellen Website eingesehen werden:<\/p>\n<p><a href=\"https:\/\/italia.hockey\/\">https:\/\/italia.hockey\/<\/a><\/p>\n<p>F\u00fcr die Aktivit\u00e4ten der Kategorien U8, U10 und U12 wird der offizielle Kalender den Vereinen mitgeteilt, die ihn wiederum an ihre Mitglieder weitergeben, in unserem Fall immer \u00fcber den WhatsApp-Community-Kanal.<\/p>\n<p>&nbsp;<\/td>\n<\/tr>\n<tr>\n<td width=\"366\"><strong>Nicht Verbands-Turniere<\/strong><\/p>\n<p>Die HCB Foxes Academy versucht, ihren Athleten die M\u00f6glichkeit zu geben, sich mit ausl\u00e4ndischen oder ausw\u00e4rtigen Teams zu messen, indem sie an Turnieren in Italien und im Ausland teilnimmt.<\/p>\n<p>Die Teilnahme ist jedoch nicht immer garantiert.<\/p>\n<p>F\u00fcr einige Turniere (vor allem die renommierten) melden sich die Teams an, erhalten die Zusage aber oft sehr sp\u00e4t.<\/p>\n<p>Auch wenn nicht urspr\u00fcnglich eingeplant gibt es auch zus\u00e4tzliche Gelegenheiten f\u00fcr die Kinder, neue Gegner kennenzulernen. Es kann vorkommen, dass sehr kurzfristig unsere Mannschaft zu einem Turnier eingeladen wird, wenn eine Mannschaft absagt \u2013 so kann es passieren, dass am Mittwoch die Einladung zu einem Turnier am Samstag derselben Woche kommt.<\/p>\n<p>Allgemein gilt, dass die Teilnahme des Vereins an Turnieren den Mitgliedern in unregelm\u00e4\u00dfigen Abst\u00e4nden mitgeteilt wird, abh\u00e4ngig von den eingegangenen Best\u00e4tigungen der jeweiligen Turnierorganisatoren.<br \/>\n&nbsp;<\/td>\n<\/tr>\n<tr>\n<td width=\"366\"><strong>Einberufungen zu Verbandsspielen<\/strong><\/p>\n<p>Nicht alle Spieler k\u00f6nnen zu einem Spiel einberufen werden, da die Verbandsregeln eine maximale Anzahl von Torh\u00fctern und Feldspielern vorsehen.<\/p>\n<p>Eine Einberufung ist wie eine Auszeichnung: belohnt werden nicht nur individuelle F\u00e4higkeiten, sondern auch die Werte, an die wir glauben:<\/p>\n<p>Engagement im Training, sowohl als Anwesenheitsanzahl als auch zur gezeigten Einstellung.<\/p>\n<p>Verhalten auf dem Eis und in der Kabine. Respekt gegen\u00fcber Mitspielern, Betreuern und Trainern sind Werte die uns wichtig sind und da ist kein Platz f\u00fcr Mobbing).<\/p>\n<p>Die Trainer treffen diese Bewertungen w\u00f6chentlich, und die Einberufungen erfolgen in der Regel 1\u20133 Tage vor dem Spiel.<\/td>\n<\/tr>\n<tr>\n<td width=\"366\"><strong>Einberufungen zu den Nicht Verband-Turnieren<\/strong><\/p>\n<p>Es gelten dieselben Kriterien wie bei Meisterschaftsspielen.<\/p>\n<p>Diese Turniere, an denen die HCB Foxes Academy teilnimmt finden oft weiter entfernt statt.<\/p>\n<p>Auch wenn das Turnierdatum bekannt ist, geben die Trainer, nach ihren Einsch\u00e4tzungen, die Einberufungen erst sp\u00e4ter in einem zweiten Moment bekannt, auch aufgrund logistischer Fragen.<\/p>\n<p>Die Teilnahme an solchen Turnieren beinhaltet f\u00fcr jeden Athleten eine zus\u00e4tzliche Kostenbeteiligung f\u00fcr Reise und Unterkunft, die nicht in der Jahresgeb\u00fchr vorgesehen ist.<\/td>\n<\/tr>\n<tr>\n<td width=\"366\"><strong>Einberufungen zu offiziellen Auswahlmannschaften<\/strong><\/p>\n<p>Ab der U12 gibt es auch Aktivit\u00e4ten von Auswahlteams (Landeskader oder sp\u00e4ter Nationalteam).<\/p>\n<p>Die betroffenen Athleten werden von der F\u00f6deration \u00fcber den Verein eingeladen. Der Verein informiert dann pers\u00f6nlich die Athleten bzw. deren Eltern.<\/p>\n<p>Eine Einberufung ist ein besonderer Moment f\u00fcr die Sportler und ein Grund zum Stolz f\u00fcr den Verein \u2013 sie sollte mit maximalem Einsatz und gutem Verhalten auf und neben dem Eis honoriert werden.<\/p>\n<p>&nbsp;<\/td>\n<\/tr>\n<tr>\n<td width=\"366\"><strong>In welchen Kategorien nimmt der Verein an Nicht Verbands-Turnieren teil?<\/strong><\/p>\n<p>Die Trainer w\u00e4hlen geeignete Turniere f\u00fcr ihre Teams aus. Dies betrifft alle Kategorien von U8 bis U19, auch wenn es f\u00fcr U16 und U19 weniger Turniere gibt.<\/p>\n<p>Es gibt zu Saisonbeginn keine feste Anzahl an Turnieren.<\/p>\n<p>Die technische Leitung entscheidet zu Beginn und w\u00e4hrend der Saison \u00fcber m\u00f6gliche Teilnahmen.<\/td>\n<\/tr>\n<tr>\n<td width=\"366\"><strong>Was, wenn ein Turnier weit entfernt ist?<\/strong><\/p>\n<p>Ist ein Turnier zu weit von Bozen entfernt, organisiert der Verein auch die \u00dcbernachtungen. Das gilt insbesondere f\u00fcr zweit\u00e4gige Turniere oder solche, bei denen das erste Spiel fr\u00fch am Morgen angesetzt ist.<\/p>\n<p>Reise und Unterkunft werden vom Verein organisiert und die Kinder reisen und \u00fcbernachten gemeinsam.<\/p>\n<p>Eltern werden gebeten, nicht im selben Hotel zu wohnen, damit die Kinder die Erfahrung einer unvergesslichen Ausw\u00e4rtsfahrt mit der Mannschaft machen k\u00f6nnen.<\/p>\n<p>Jedes Turnier ausw\u00e4rts ist f\u00fcr die Kinder ein unvergesslicher Augenblick, dass sie ins Leben begleitet.<\/p>\n<p>&nbsp;<\/td>\n<\/tr>\n<\/tbody>\n<\/table>\n<table width=\"737\">\n<tbody>\n<tr>\n<td width=\"366\"><strong>Infos zu den Trainings<\/strong><\/p>\n<p>Was wird von den Kindern und Jugendlichen verlangt:<\/p>\n<ul>\n<li>P\u00fcnktlichkeit der Kinder<\/li>\n<li>Treffpunkt in der Kabine 30 Minuten vor dem Training auf dem Eis;<\/li>\n<li>dass Abwesenheiten (mit Begr\u00fcndung) immer im WhatsApp-Gruppenchat mitgeteilt werden;<\/li>\n<li>dass Versp\u00e4tungen (Schule, Verkehr usw.) rechtzeitig mitgeteilt werden;<\/li>\n<li>Dass das Trockentraining ab der U12 (Dryland, Stickhandling, Hand-Eye coordination) als festen Bestandteil des Trainings zu betrachten ist;<\/li>\n<li>Dass f\u00fcr die betroffenen Altersgruppen die Teilnahme an das Krafttraining (je nach Altersgruppe und schulischen Verpflichtungen) in Betracht gezogen wird;<\/li>\n<\/ul>\n<p>Auch diese Faktoren spielen bei der Einberufung zu den Spielen und Turnieren eine Rolle.<\/p>\n<p>Zur Erleichterung der Logistik empfiehlt es sich, Fahrgemeinschaften unter den Eltern zu bilden.<\/p>\n<p>In den Sommerferien (meist im August) oder auch w\u00e4hrend der anderen Schulferien k\u00f6nnen auch Camps f\u00fcr Spieler und Torh\u00fcter stattfinden, organisiert von der HCB FOXES ACADEMY oder in Zusammenarbeit mit unseren Trainern. Infos dazu werden in den Gruppen ver\u00f6ffentlicht.<\/td>\n<\/tr>\n<tr>\n<td width=\"366\"><strong>Infos zu den Verbands- und Nicht-Verbandsspielen<\/strong><\/p>\n<p>Damit sich die Kinder mental und k\u00f6rperlich vorbereiten k\u00f6nnen:<\/p>\n<ul>\n<li>P\u00fcnktlichkeit ist Pflicht<\/li>\n<li>Treffpunkt bis U12: 75 Minuten vor Spielbeginn in der Kabine<\/li>\n<li>Treffpunkt ab U14: 1 Stunde 45 Minuten vor Spielbeginn in der Kabine<\/li>\n<li>Mitteilung von Versp\u00e4tungen (Schule, Verkehr usw.)<\/li>\n<li>Krankheitsbedingte Ausf\u00e4lle bitte sofort melden, um eventuell die M\u00f6glichkeit zu geben einen Ersatz zu organisieren;<\/li>\n<\/ul>\n<p>Wer die Spiele von zu Hause verfolgen m\u00f6chte, kann die Seite<\/p>\n<p><a href=\"https:\/\/hockey.fisg.tv\">https:\/\/hockey.fisg.tv<\/a><\/p>\n<p>besuchen.<\/p>\n<p>Manche Turniere \u00fcbertragen manchmal die Spiele in streaming, auf eigene Platformen oder youtube Kan\u00e4le. In diesen F\u00e4llen werden die Infos in den jeweilgen Gruppen weitergegeben.<\/p>\n<p>&nbsp;<\/td>\n<\/tr>\n<\/tbody>\n<\/table>\n","protected":false},"excerpt":{"rendered":"<p>Vereinsbekleidung bei Turnieren und Spielen Die Jugendlichen erhalten anfangs ein Bekleidungsset in der eigenen Gr\u00f6\u00dfe, welcher mit der Zeit ausgetauscht oder ersetzt werden kann, und wor\u00fcber jeweils eigene Mitteilungen erfolgen. Die Mannschaften der KategorienU8, U10 und U12 tragen die Vereinskleidung, bestehend aus: Schwarze Trainingshose Roter Vereins-Pullover Schwarze Jacke Rotes Funktionsshirt Schwarze Shorts (f\u00fcr Aufw\u00e4rmphase) Alle [&hellip;]<\/p>\n","protected":false},"author":2,"featured_media":0,"parent":0,"menu_order":0,"comment_status":"closed","ping_status":"closed","template":"","meta":{"_acf_changed":false,"footnotes":""},"acf":[],"yoast_head":"<!-- This site is optimized with the Yoast SEO plugin v22.5 - https:\/\/yoast.com\/wordpress\/plugins\/seo\/ -->\n<title>FAQ \u00fcber Training, Spiele und Turniere - HCB Foxes Academy<\/title>\n<meta name=\"robots\" content=\"index, follow, max-snippet:-1, max-image-preview:large, max-video-preview:-1\" \/>\n<link rel=\"canonical\" href=\"https:\/\/www.hcbfoxesacademy.org\/de\/faq-ueber-training-spiele-und-turniere\/\" \/>\n<meta property=\"og:locale\" content=\"de_DE\" \/>\n<meta property=\"og:type\" content=\"article\" \/>\n<meta property=\"og:title\" content=\"FAQ \u00fcber Training, Spiele und Turniere - HCB Foxes Academy\" \/>\n<meta property=\"og:description\" content=\"Vereinsbekleidung bei Turnieren und Spielen Die Jugendlichen erhalten anfangs ein Bekleidungsset in der eigenen Gr\u00f6\u00dfe, welcher mit der Zeit ausgetauscht oder ersetzt werden kann, und wor\u00fcber jeweils eigene Mitteilungen erfolgen. Die Mannschaften der KategorienU8, U10 und U12 tragen die Vereinskleidung, bestehend aus: Schwarze Trainingshose Roter Vereins-Pullover Schwarze Jacke Rotes Funktionsshirt Schwarze Shorts (f\u00fcr Aufw\u00e4rmphase) Alle [&hellip;]\" \/>\n<meta property=\"og:url\" content=\"https:\/\/www.hcbfoxesacademy.org\/de\/faq-ueber-training-spiele-und-turniere\/\" \/>\n<meta property=\"og:site_name\" content=\"HCB Foxes Academy\" \/>\n<meta name=\"twitter:card\" content=\"summary_large_image\" \/>\n<meta name=\"twitter:label1\" content=\"Est. reading time\" \/>\n\t<meta name=\"twitter:data1\" content=\"8 minutes\" \/>\n<script type=\"application\/ld+json\" class=\"yoast-schema-graph\">{\"@context\":\"https:\/\/schema.org\",\"@graph\":[{\"@type\":\"WebPage\",\"@id\":\"https:\/\/www.hcbfoxesacademy.org\/de\/faq-ueber-training-spiele-und-turniere\/\",\"url\":\"https:\/\/www.hcbfoxesacademy.org\/de\/faq-ueber-training-spiele-und-turniere\/\",\"name\":\"FAQ \u00fcber Training, Spiele und Turniere - HCB Foxes Academy\",\"isPartOf\":{\"@id\":\"https:\/\/www.hcbfoxesacademy.org\/it\/#website\"},\"datePublished\":\"2025-10-14T20:32:23+00:00\",\"dateModified\":\"2025-10-14T20:32:23+00:00\",\"breadcrumb\":{\"@id\":\"https:\/\/www.hcbfoxesacademy.org\/de\/faq-ueber-training-spiele-und-turniere\/#breadcrumb\"},\"inLanguage\":\"de-DE\",\"potentialAction\":[{\"@type\":\"ReadAction\",\"target\":[\"https:\/\/www.hcbfoxesacademy.org\/de\/faq-ueber-training-spiele-und-turniere\/\"]}]},{\"@type\":\"BreadcrumbList\",\"@id\":\"https:\/\/www.hcbfoxesacademy.org\/de\/faq-ueber-training-spiele-und-turniere\/#breadcrumb\",\"itemListElement\":[{\"@type\":\"ListItem\",\"position\":1,\"name\":\"Home\",\"item\":\"https:\/\/www.hcbfoxesacademy.org\/it\/\"},{\"@type\":\"ListItem\",\"position\":2,\"name\":\"FAQ \u00fcber Training, Spiele und Turniere\"}]},{\"@type\":\"WebSite\",\"@id\":\"https:\/\/www.hcbfoxesacademy.org\/it\/#website\",\"url\":\"https:\/\/www.hcbfoxesacademy.org\/it\/\",\"name\":\"HCB Foxes Academy\",\"description\":\"HCB foxes academy\",\"publisher\":{\"@id\":\"https:\/\/www.hcbfoxesacademy.org\/it\/#organization\"},\"potentialAction\":[{\"@type\":\"SearchAction\",\"target\":{\"@type\":\"EntryPoint\",\"urlTemplate\":\"https:\/\/www.hcbfoxesacademy.org\/it\/?s={search_term_string}\"},\"query-input\":\"required name=search_term_string\"}],\"inLanguage\":\"de-DE\"},{\"@type\":\"Organization\",\"@id\":\"https:\/\/www.hcbfoxesacademy.org\/it\/#organization\",\"name\":\"HCB Foxes Academy\",\"url\":\"https:\/\/www.hcbfoxesacademy.org\/it\/\",\"logo\":{\"@type\":\"ImageObject\",\"inLanguage\":\"de-DE\",\"@id\":\"https:\/\/www.hcbfoxesacademy.org\/it\/#\/schema\/logo\/image\/\",\"url\":\"https:\/\/img.wunderfarm.cloud\/134880438c3d4d5e\/2019\/08\/13\/c\/0x0\/filters:no_upscale()\/filters:strip_exif()\/logo-academy-2019.svg\",\"contentUrl\":\"https:\/\/img.wunderfarm.cloud\/134880438c3d4d5e\/2019\/08\/13\/c\/0x0\/filters:no_upscale()\/filters:strip_exif()\/logo-academy-2019.svg\",\"caption\":\"HCB Foxes Academy\"},\"image\":{\"@id\":\"https:\/\/www.hcbfoxesacademy.org\/it\/#\/schema\/logo\/image\/\"}}]}<\/script>\n<!-- \/ Yoast SEO plugin. -->","yoast_head_json":{"title":"FAQ \u00fcber Training, Spiele und Turniere - HCB Foxes Academy","robots":{"index":"index","follow":"follow","max-snippet":"max-snippet:-1","max-image-preview":"max-image-preview:large","max-video-preview":"max-video-preview:-1"},"canonical":"https:\/\/www.hcbfoxesacademy.org\/de\/faq-ueber-training-spiele-und-turniere\/","og_locale":"de_DE","og_type":"article","og_title":"FAQ \u00fcber Training, Spiele und Turniere - HCB Foxes Academy","og_description":"Vereinsbekleidung bei Turnieren und Spielen Die Jugendlichen erhalten anfangs ein Bekleidungsset in der eigenen Gr\u00f6\u00dfe, welcher mit der Zeit ausgetauscht oder ersetzt werden kann, und wor\u00fcber jeweils eigene Mitteilungen erfolgen. Die Mannschaften der KategorienU8, U10 und U12 tragen die Vereinskleidung, bestehend aus: Schwarze Trainingshose Roter Vereins-Pullover Schwarze Jacke Rotes Funktionsshirt Schwarze Shorts (f\u00fcr Aufw\u00e4rmphase) Alle [&hellip;]","og_url":"https:\/\/www.hcbfoxesacademy.org\/de\/faq-ueber-training-spiele-und-turniere\/","og_site_name":"HCB Foxes Academy","twitter_card":"summary_large_image","twitter_misc":{"Est. reading time":"8 minutes"},"schema":{"@context":"https:\/\/schema.org","@graph":[{"@type":"WebPage","@id":"https:\/\/www.hcbfoxesacademy.org\/de\/faq-ueber-training-spiele-und-turniere\/","url":"https:\/\/www.hcbfoxesacademy.org\/de\/faq-ueber-training-spiele-und-turniere\/","name":"FAQ \u00fcber Training, Spiele und Turniere - HCB Foxes Academy","isPartOf":{"@id":"https:\/\/www.hcbfoxesacademy.org\/it\/#website"},"datePublished":"2025-10-14T20:32:23+00:00","dateModified":"2025-10-14T20:32:23+00:00","breadcrumb":{"@id":"https:\/\/www.hcbfoxesacademy.org\/de\/faq-ueber-training-spiele-und-turniere\/#breadcrumb"},"inLanguage":"de-DE","potentialAction":[{"@type":"ReadAction","target":["https:\/\/www.hcbfoxesacademy.org\/de\/faq-ueber-training-spiele-und-turniere\/"]}]},{"@type":"BreadcrumbList","@id":"https:\/\/www.hcbfoxesacademy.org\/de\/faq-ueber-training-spiele-und-turniere\/#breadcrumb","itemListElement":[{"@type":"ListItem","position":1,"name":"Home","item":"https:\/\/www.hcbfoxesacademy.org\/it\/"},{"@type":"ListItem","position":2,"name":"FAQ \u00fcber Training, Spiele und Turniere"}]},{"@type":"WebSite","@id":"https:\/\/www.hcbfoxesacademy.org\/it\/#website","url":"https:\/\/www.hcbfoxesacademy.org\/it\/","name":"HCB Foxes Academy","description":"HCB foxes academy","publisher":{"@id":"https:\/\/www.hcbfoxesacademy.org\/it\/#organization"},"potentialAction":[{"@type":"SearchAction","target":{"@type":"EntryPoint","urlTemplate":"https:\/\/www.hcbfoxesacademy.org\/it\/?s={search_term_string}"},"query-input":"required name=search_term_string"}],"inLanguage":"de-DE"},{"@type":"Organization","@id":"https:\/\/www.hcbfoxesacademy.org\/it\/#organization","name":"HCB Foxes Academy","url":"https:\/\/www.hcbfoxesacademy.org\/it\/","logo":{"@type":"ImageObject","inLanguage":"de-DE","@id":"https:\/\/www.hcbfoxesacademy.org\/it\/#\/schema\/logo\/image\/","url":"https:\/\/img.wunderfarm.cloud\/134880438c3d4d5e\/2019\/08\/13\/c\/0x0\/filters:no_upscale()\/filters:strip_exif()\/logo-academy-2019.svg","contentUrl":"https:\/\/img.wunderfarm.cloud\/134880438c3d4d5e\/2019\/08\/13\/c\/0x0\/filters:no_upscale()\/filters:strip_exif()\/logo-academy-2019.svg","caption":"HCB Foxes Academy"},"image":{"@id":"https:\/\/www.hcbfoxesacademy.org\/it\/#\/schema\/logo\/image\/"}}]}},"_links":{"self":[{"href":"https:\/\/www.hcbfoxesacademy.org\/de\/wp-json\/wp\/v2\/pages\/2431"}],"collection":[{"href":"https:\/\/www.hcbfoxesacademy.org\/de\/wp-json\/wp\/v2\/pages"}],"about":[{"href":"https:\/\/www.hcbfoxesacademy.org\/de\/wp-json\/wp\/v2\/types\/page"}],"author":[{"embeddable":true,"href":"https:\/\/www.hcbfoxesacademy.org\/de\/wp-json\/wp\/v2\/users\/2"}],"replies":[{"embeddable":true,"href":"https:\/\/www.hcbfoxesacademy.org\/de\/wp-json\/wp\/v2\/comments?post=2431"}],"version-history":[{"count":1,"href":"https:\/\/www.hcbfoxesacademy.org\/de\/wp-json\/wp\/v2\/pages\/2431\/revisions"}],"predecessor-version":[{"id":2432,"href":"https:\/\/www.hcbfoxesacademy.org\/de\/wp-json\/wp\/v2\/pages\/2431\/revisions\/2432"}],"wp:attachment":[{"href":"https:\/\/www.hcbfoxesacademy.org\/de\/wp-json\/wp\/v2\/media?parent=2431"}],"curies":[{"name":"wp","href":"https:\/\/api.w.org\/{rel}","templated":true}]}}