{"id":2426,"date":"2025-10-14T20:19:48","date_gmt":"2025-10-14T20:19:48","guid":{"rendered":"https:\/\/www.hcbfoxesacademy.org\/?page_id=2426"},"modified":"2025-10-14T20:19:48","modified_gmt":"2025-10-14T20:19:48","slug":"f-a-q","status":"publish","type":"page","link":"https:\/\/www.hcbfoxesacademy.org\/de\/f-a-q\/","title":{"rendered":"F.A.Q."},"content":{"rendered":"<h3><strong>Antworten auf die h\u00e4ufig gestellten Fragen HCB Foxes Academy<\/strong><\/h3>\n<p>Liebe Athletinnen, Athleten und liebe Eltern,<\/p>\n<p>h\u00e4ufig werden Fragen gestellt, die f\u00fcr diejenigen, die schon seit Jahren Teil der HCB Foxes Academy-Familie sind, \u00fcberfl\u00fcssig erscheinen. F\u00fcr diejenigen jedoch, die erst seit kurzem mit uns auf dem Eis stehen, er\u00f6ffnet sich eine neue Welt.<\/p>\n","protected":false},"excerpt":{"rendered":"<p>Antworten auf die h\u00e4ufig gestellten Fragen HCB Foxes Academy Liebe Athletinnen, Athleten und liebe Eltern, h\u00e4ufig werden Fragen gestellt, die f\u00fcr diejenigen, die schon seit Jahren Teil der HCB Foxes Academy-Familie sind, \u00fcberfl\u00fcssig erscheinen. F\u00fcr diejenigen jedoch, die erst seit kurzem mit uns auf dem Eis stehen, er\u00f6ffnet sich eine neue Welt.<\/p>\n","protected":false},"author":2,"featured_media":0,"parent":0,"menu_order":0,"comment_status":"closed","ping_status":"closed","template":"","meta":{"_acf_changed":false,"footnotes":""},"acf":[],"yoast_head":"<!-- This site is optimized with the Yoast SEO plugin v22.5 - https:\/\/yoast.com\/wordpress\/plugins\/seo\/ -->\n<title>F.A.Q. - HCB Foxes Academy<\/title>\n<meta name=\"robots\" content=\"index, follow, max-snippet:-1, max-image-preview:large, max-video-preview:-1\" \/>\n<link rel=\"canonical\" href=\"https:\/\/www.hcbfoxesacademy.org\/de\/f-a-q\/\" \/>\n<meta property=\"og:locale\" content=\"de_DE\" \/>\n<meta property=\"og:type\" content=\"article\" \/>\n<meta property=\"og:title\" content=\"F.A.Q. - HCB Foxes Academy\" \/>\n<meta property=\"og:description\" content=\"Antworten auf die h\u00e4ufig gestellten Fragen HCB Foxes Academy Liebe Athletinnen, Athleten und liebe Eltern, h\u00e4ufig werden Fragen gestellt, die f\u00fcr diejenigen, die schon seit Jahren Teil der HCB Foxes Academy-Familie sind, \u00fcberfl\u00fcssig erscheinen. F\u00fcr diejenigen jedoch, die erst seit kurzem mit uns auf dem Eis stehen, er\u00f6ffnet sich eine neue Welt.\" \/>\n<meta property=\"og:url\" content=\"https:\/\/www.hcbfoxesacademy.org\/de\/f-a-q\/\" \/>\n<meta property=\"og:site_name\" content=\"HCB Foxes Academy\" \/>\n<meta name=\"twitter:card\" content=\"summary_large_image\" \/>\n<meta name=\"twitter:label1\" content=\"Est. reading time\" \/>\n\t<meta name=\"twitter:data1\" content=\"1 minute\" \/>\n<script type=\"application\/ld+json\" class=\"yoast-schema-graph\">{\"@context\":\"https:\/\/schema.org\",\"@graph\":[{\"@type\":\"WebPage\",\"@id\":\"https:\/\/www.hcbfoxesacademy.org\/de\/f-a-q\/\",\"url\":\"https:\/\/www.hcbfoxesacademy.org\/de\/f-a-q\/\",\"name\":\"F.A.Q. - HCB Foxes Academy\",\"isPartOf\":{\"@id\":\"https:\/\/www.hcbfoxesacademy.org\/it\/#website\"},\"datePublished\":\"2025-10-14T20:19:48+00:00\",\"dateModified\":\"2025-10-14T20:19:48+00:00\",\"breadcrumb\":{\"@id\":\"https:\/\/www.hcbfoxesacademy.org\/de\/f-a-q\/#breadcrumb\"},\"inLanguage\":\"de-DE\",\"potentialAction\":[{\"@type\":\"ReadAction\",\"target\":[\"https:\/\/www.hcbfoxesacademy.org\/de\/f-a-q\/\"]}]},{\"@type\":\"BreadcrumbList\",\"@id\":\"https:\/\/www.hcbfoxesacademy.org\/de\/f-a-q\/#breadcrumb\",\"itemListElement\":[{\"@type\":\"ListItem\",\"position\":1,\"name\":\"Home\",\"item\":\"https:\/\/www.hcbfoxesacademy.org\/it\/\"},{\"@type\":\"ListItem\",\"position\":2,\"name\":\"F.A.Q.\"}]},{\"@type\":\"WebSite\",\"@id\":\"https:\/\/www.hcbfoxesacademy.org\/it\/#website\",\"url\":\"https:\/\/www.hcbfoxesacademy.org\/it\/\",\"name\":\"HCB Foxes Academy\",\"description\":\"HCB foxes academy\",\"publisher\":{\"@id\":\"https:\/\/www.hcbfoxesacademy.org\/it\/#organization\"},\"potentialAction\":[{\"@type\":\"SearchAction\",\"target\":{\"@type\":\"EntryPoint\",\"urlTemplate\":\"https:\/\/www.hcbfoxesacademy.org\/it\/?s={search_term_string}\"},\"query-input\":\"required name=search_term_string\"}],\"inLanguage\":\"de-DE\"},{\"@type\":\"Organization\",\"@id\":\"https:\/\/www.hcbfoxesacademy.org\/it\/#organization\",\"name\":\"HCB Foxes Academy\",\"url\":\"https:\/\/www.hcbfoxesacademy.org\/it\/\",\"logo\":{\"@type\":\"ImageObject\",\"inLanguage\":\"de-DE\",\"@id\":\"https:\/\/www.hcbfoxesacademy.org\/it\/#\/schema\/logo\/image\/\",\"url\":\"https:\/\/img.wunderfarm.cloud\/134880438c3d4d5e\/2019\/08\/13\/c\/0x0\/filters:no_upscale()\/filters:strip_exif()\/logo-academy-2019.svg\",\"contentUrl\":\"https:\/\/img.wunderfarm.cloud\/134880438c3d4d5e\/2019\/08\/13\/c\/0x0\/filters:no_upscale()\/filters:strip_exif()\/logo-academy-2019.svg\",\"caption\":\"HCB Foxes Academy\"},\"image\":{\"@id\":\"https:\/\/www.hcbfoxesacademy.org\/it\/#\/schema\/logo\/image\/\"}}]}<\/script>\n<!-- \/ Yoast SEO plugin. -->","yoast_head_json":{"title":"F.A.Q. - HCB Foxes Academy","robots":{"index":"index","follow":"follow","max-snippet":"max-snippet:-1","max-image-preview":"max-image-preview:large","max-video-preview":"max-video-preview:-1"},"canonical":"https:\/\/www.hcbfoxesacademy.org\/de\/f-a-q\/","og_locale":"de_DE","og_type":"article","og_title":"F.A.Q. - HCB Foxes Academy","og_description":"Antworten auf die h\u00e4ufig gestellten Fragen HCB Foxes Academy Liebe Athletinnen, Athleten und liebe Eltern, h\u00e4ufig werden Fragen gestellt, die f\u00fcr diejenigen, die schon seit Jahren Teil der HCB Foxes Academy-Familie sind, \u00fcberfl\u00fcssig erscheinen. F\u00fcr diejenigen jedoch, die erst seit kurzem mit uns auf dem Eis stehen, er\u00f6ffnet sich eine neue Welt.","og_url":"https:\/\/www.hcbfoxesacademy.org\/de\/f-a-q\/","og_site_name":"HCB Foxes Academy","twitter_card":"summary_large_image","twitter_misc":{"Est. reading time":"1 minute"},"schema":{"@context":"https:\/\/schema.org","@graph":[{"@type":"WebPage","@id":"https:\/\/www.hcbfoxesacademy.org\/de\/f-a-q\/","url":"https:\/\/www.hcbfoxesacademy.org\/de\/f-a-q\/","name":"F.A.Q. - HCB Foxes Academy","isPartOf":{"@id":"https:\/\/www.hcbfoxesacademy.org\/it\/#website"},"datePublished":"2025-10-14T20:19:48+00:00","dateModified":"2025-10-14T20:19:48+00:00","breadcrumb":{"@id":"https:\/\/www.hcbfoxesacademy.org\/de\/f-a-q\/#breadcrumb"},"inLanguage":"de-DE","potentialAction":[{"@type":"ReadAction","target":["https:\/\/www.hcbfoxesacademy.org\/de\/f-a-q\/"]}]},{"@type":"BreadcrumbList","@id":"https:\/\/www.hcbfoxesacademy.org\/de\/f-a-q\/#breadcrumb","itemListElement":[{"@type":"ListItem","position":1,"name":"Home","item":"https:\/\/www.hcbfoxesacademy.org\/it\/"},{"@type":"ListItem","position":2,"name":"F.A.Q."}]},{"@type":"WebSite","@id":"https:\/\/www.hcbfoxesacademy.org\/it\/#website","url":"https:\/\/www.hcbfoxesacademy.org\/it\/","name":"HCB Foxes Academy","description":"HCB foxes academy","publisher":{"@id":"https:\/\/www.hcbfoxesacademy.org\/it\/#organization"},"potentialAction":[{"@type":"SearchAction","target":{"@type":"EntryPoint","urlTemplate":"https:\/\/www.hcbfoxesacademy.org\/it\/?s={search_term_string}"},"query-input":"required name=search_term_string"}],"inLanguage":"de-DE"},{"@type":"Organization","@id":"https:\/\/www.hcbfoxesacademy.org\/it\/#organization","name":"HCB Foxes Academy","url":"https:\/\/www.hcbfoxesacademy.org\/it\/","logo":{"@type":"ImageObject","inLanguage":"de-DE","@id":"https:\/\/www.hcbfoxesacademy.org\/it\/#\/schema\/logo\/image\/","url":"https:\/\/img.wunderfarm.cloud\/134880438c3d4d5e\/2019\/08\/13\/c\/0x0\/filters:no_upscale()\/filters:strip_exif()\/logo-academy-2019.svg","contentUrl":"https:\/\/img.wunderfarm.cloud\/134880438c3d4d5e\/2019\/08\/13\/c\/0x0\/filters:no_upscale()\/filters:strip_exif()\/logo-academy-2019.svg","caption":"HCB Foxes Academy"},"image":{"@id":"https:\/\/www.hcbfoxesacademy.org\/it\/#\/schema\/logo\/image\/"}}]}},"_links":{"self":[{"href":"https:\/\/www.hcbfoxesacademy.org\/de\/wp-json\/wp\/v2\/pages\/2426"}],"collection":[{"href":"https:\/\/www.hcbfoxesacademy.org\/de\/wp-json\/wp\/v2\/pages"}],"about":[{"href":"https:\/\/www.hcbfoxesacademy.org\/de\/wp-json\/wp\/v2\/types\/page"}],"author":[{"embeddable":true,"href":"https:\/\/www.hcbfoxesacademy.org\/de\/wp-json\/wp\/v2\/users\/2"}],"replies":[{"embeddable":true,"href":"https:\/\/www.hcbfoxesacademy.org\/de\/wp-json\/wp\/v2\/comments?post=2426"}],"version-history":[{"count":1,"href":"https:\/\/www.hcbfoxesacademy.org\/de\/wp-json\/wp\/v2\/pages\/2426\/revisions"}],"predecessor-version":[{"id":2427,"href":"https:\/\/www.hcbfoxesacademy.org\/de\/wp-json\/wp\/v2\/pages\/2426\/revisions\/2427"}],"wp:attachment":[{"href":"https:\/\/www.hcbfoxesacademy.org\/de\/wp-json\/wp\/v2\/media?parent=2426"}],"curies":[{"name":"wp","href":"https:\/\/api.w.org\/{rel}","templated":true}]}}