{"id":1529,"date":"2020-09-22T16:35:44","date_gmt":"2020-09-22T16:35:44","guid":{"rendered":"https:\/\/www.hcbfoxesacademy.org\/corsi-di-avviamento-al-pattinaggio-e-allhockey-su-ghiaccio\/"},"modified":"2025-10-15T22:21:16","modified_gmt":"2025-10-15T22:21:16","slug":"corsi-di-avviamento-al-pattinaggio-e-allhockey-su-ghiaccio","status":"publish","type":"page","link":"https:\/\/www.hcbfoxesacademy.org\/de\/corsi-di-avviamento-al-pattinaggio-e-allhockey-su-ghiaccio\/","title":{"rendered":"Kursangebot f\u00fcr das Eislaufen und Eishockey"},"content":{"rendered":"<p style=\"text-align: center;\"><img loading=\"lazy\" decoding=\"async\" class=\"aligncenter wp-image-2449 size-large\" src=\"https:\/\/img.wunderfarm.cloud\/134880438c3d4d5e\/2025\/10\/2449\/c\/fit-in\/1024x682\/filters:no_upscale()\/filters:strip_exif()\/pattina_con_noi-de.jpg\" alt=\"\" width=\"1024\" height=\"682\" data-headline=\"WhatsApp Image 2022-08-29 at 14.21.33 (1)\" srcset=\"https:\/\/img.wunderfarm.cloud\/134880438c3d4d5e\/2025\/10\/2449\/c\/fit-in\/300x200\/filters:no_upscale()\/filters:strip_exif()\/pattina_con_noi-de.jpg 300w, https:\/\/img.wunderfarm.cloud\/134880438c3d4d5e\/2025\/10\/2449\/c\/fit-in\/768x512\/filters:no_upscale()\/filters:strip_exif()\/pattina_con_noi-de.jpg 768w, https:\/\/img.wunderfarm.cloud\/134880438c3d4d5e\/2025\/10\/2449\/c\/fit-in\/90x60\/filters:no_upscale()\/filters:strip_exif()\/pattina_con_noi-de.jpg 90w, https:\/\/img.wunderfarm.cloud\/134880438c3d4d5e\/2025\/10\/2449\/c\/fit-in\/250x167\/filters:no_upscale()\/filters:strip_exif()\/pattina_con_noi-de.jpg 250w, https:\/\/img.wunderfarm.cloud\/134880438c3d4d5e\/2025\/10\/2449\/c\/fit-in\/1024x682\/filters:no_upscale()\/filters:strip_exif()\/pattina_con_noi-de.jpg 1024w\" sizes=\"(max-width: 1024px) 100vw, 1024px\" \/><\/p>\n<p style=\"text-align: center;\"><strong>M\u00d6CHTEST DU SKATEN LERNEN? &#8211; M\u00d6CHTEST DU EISHOCKEYSPIELER WERDEN?<\/strong><\/p>\n<p style=\"text-align: center;\"><strong>ZIEH DEINE SCHUCHT AN UND KOMM MIT UNS MIT!<\/strong><\/p>\n<p style=\"text-align: center;\"><span style=\"color: #ff0000;\"><strong>EISLAUF-EINF\u00dcHRUNGSKURSE f\u00fcr Kinder ab 4 Jahren<\/strong><\/span><\/p>\n<p>Die Einf\u00fchrungskurse f\u00fcr Eislaufen und Eishockey finden alle zwei Monate vom 23.09.2025 bis zum Ende der Wettkampfsaison statt.<\/p>\n<p>Der Unterricht jedes Kurses findet alle zwei Wochen mit zwei Unterrichtseinheiten pro Woche f\u00fcr insgesamt 4 Wochen statt.<\/p>\n<p>Anmeldungen sind bis zum Mittwoch vor Kursbeginn m\u00f6glich. Senden Sie dazu das ausgef\u00fcllte ANMELDEFORMULAR F\u00dcR EISLAUFKURSE an<\/p>\n<p style=\"text-align: center;\"><strong>segreteria@hcbfoxesacademy.net<\/strong><\/p>\n<p>Die Kosten betragen 80 \u20ac f\u00fcr 8 aufeinanderfolgende Unterrichtseinheiten.<\/p>\n<p>Die Anmeldung muss durch Senden einer entsprechenden Anfrage (siehe \u201eAnmeldeformular\u201d) und einer Kopie der \u00dcberweisung an <span style=\"color: #000000;\">segreteria@hcbfoxesacademy.net<\/span> bis sp\u00e4testens Mittwoch vor Kursbeginn erfolgen.<\/p>\n<p>Nach Abschluss des Kurses k\u00f6nnen Sie entscheiden, ob Sie sich f\u00fcr einen neuen Kurs mit weiteren 8 Unterrichtseinheiten anmelden oder ein neues Abenteuer voller Sport und Spa\u00df beginnen und versuchen m\u00f6chten, in unsere Hockey-Mannschaft aufgenommen zu werden.<\/p>\n<p style=\"text-align: center;\"><strong>Achtung: Das Tragen von Helm und Handschuhen ist obligatorisch.<\/strong><\/p>\n<p>F\u00fcr weitere Informationen stehen Ihnen gerne zur Verf\u00fcgung:<\/p>\n<p>Walter ACCARRINO +39 348 3051234<\/p>\n<p>Renato CARISSIMI +39 333 6120270<\/p>\n<p>&nbsp;<\/p>\n<p>&nbsp;<\/p>\n","protected":false},"excerpt":{"rendered":"<p>M\u00d6CHTEST DU SKATEN LERNEN? &#8211; M\u00d6CHTEST DU EISHOCKEYSPIELER WERDEN? ZIEH DEINE SCHUCHT AN UND KOMM MIT UNS MIT! EISLAUF-EINF\u00dcHRUNGSKURSE f\u00fcr Kinder ab 4 Jahren Die Einf\u00fchrungskurse f\u00fcr Eislaufen und Eishockey finden alle zwei Monate vom 23.09.2025 bis zum Ende der Wettkampfsaison statt. Der Unterricht jedes Kurses findet alle zwei Wochen mit zwei Unterrichtseinheiten pro Woche [&hellip;]<\/p>\n","protected":false},"author":2,"featured_media":0,"parent":0,"menu_order":0,"comment_status":"closed","ping_status":"closed","template":"","meta":{"_acf_changed":false,"footnotes":""},"acf":[],"yoast_head":"<!-- This site is optimized with the Yoast SEO plugin v22.5 - https:\/\/yoast.com\/wordpress\/plugins\/seo\/ -->\n<title>Kursangebot f\u00fcr das Eislaufen und Eishockey - HCB Foxes Academy<\/title>\n<meta name=\"robots\" content=\"index, follow, max-snippet:-1, max-image-preview:large, max-video-preview:-1\" \/>\n<link rel=\"canonical\" href=\"https:\/\/www.hcbfoxesacademy.org\/de\/corsi-di-avviamento-al-pattinaggio-e-allhockey-su-ghiaccio\/\" \/>\n<meta property=\"og:locale\" content=\"de_DE\" \/>\n<meta property=\"og:type\" content=\"article\" \/>\n<meta property=\"og:title\" content=\"Kursangebot f\u00fcr das Eislaufen und Eishockey - HCB Foxes Academy\" \/>\n<meta property=\"og:description\" content=\"M\u00d6CHTEST DU SKATEN LERNEN? &#8211; M\u00d6CHTEST DU EISHOCKEYSPIELER WERDEN? ZIEH DEINE SCHUCHT AN UND KOMM MIT UNS MIT! EISLAUF-EINF\u00dcHRUNGSKURSE f\u00fcr Kinder ab 4 Jahren Die Einf\u00fchrungskurse f\u00fcr Eislaufen und Eishockey finden alle zwei Monate vom 23.09.2025 bis zum Ende der Wettkampfsaison statt. Der Unterricht jedes Kurses findet alle zwei Wochen mit zwei Unterrichtseinheiten pro Woche [&hellip;]\" \/>\n<meta property=\"og:url\" content=\"https:\/\/www.hcbfoxesacademy.org\/de\/corsi-di-avviamento-al-pattinaggio-e-allhockey-su-ghiaccio\/\" \/>\n<meta property=\"og:site_name\" content=\"HCB Foxes Academy\" \/>\n<meta property=\"article:modified_time\" content=\"2025-10-15T22:21:16+00:00\" \/>\n<meta property=\"og:image\" content=\"https:\/\/img.wunderfarm.cloud\/134880438c3d4d5e\/2025\/10\/2449\/c\/fit-in\/1024x682\/filters:no_upscale()\/filters:strip_exif()\/pattina_con_noi-de.jpg\" \/>\n<meta name=\"twitter:card\" content=\"summary_large_image\" \/>\n<meta name=\"twitter:label1\" content=\"Est. reading time\" \/>\n\t<meta name=\"twitter:data1\" content=\"2 minutes\" \/>\n<script type=\"application\/ld+json\" class=\"yoast-schema-graph\">{\"@context\":\"https:\/\/schema.org\",\"@graph\":[{\"@type\":\"WebPage\",\"@id\":\"https:\/\/www.hcbfoxesacademy.org\/de\/corsi-di-avviamento-al-pattinaggio-e-allhockey-su-ghiaccio\/\",\"url\":\"https:\/\/www.hcbfoxesacademy.org\/de\/corsi-di-avviamento-al-pattinaggio-e-allhockey-su-ghiaccio\/\",\"name\":\"Kursangebot f\u00fcr das Eislaufen und Eishockey - HCB Foxes Academy\",\"isPartOf\":{\"@id\":\"https:\/\/www.hcbfoxesacademy.org\/it\/#website\"},\"primaryImageOfPage\":{\"@id\":\"https:\/\/www.hcbfoxesacademy.org\/de\/corsi-di-avviamento-al-pattinaggio-e-allhockey-su-ghiaccio\/#primaryimage\"},\"image\":{\"@id\":\"https:\/\/www.hcbfoxesacademy.org\/de\/corsi-di-avviamento-al-pattinaggio-e-allhockey-su-ghiaccio\/#primaryimage\"},\"thumbnailUrl\":\"https:\/\/img.wunderfarm.cloud\/134880438c3d4d5e\/2025\/10\/2449\/c\/fit-in\/1024x682\/filters:no_upscale()\/filters:strip_exif()\/pattina_con_noi-de.jpg\",\"datePublished\":\"2020-09-22T16:35:44+00:00\",\"dateModified\":\"2025-10-15T22:21:16+00:00\",\"breadcrumb\":{\"@id\":\"https:\/\/www.hcbfoxesacademy.org\/de\/corsi-di-avviamento-al-pattinaggio-e-allhockey-su-ghiaccio\/#breadcrumb\"},\"inLanguage\":\"de-DE\",\"potentialAction\":[{\"@type\":\"ReadAction\",\"target\":[\"https:\/\/www.hcbfoxesacademy.org\/de\/corsi-di-avviamento-al-pattinaggio-e-allhockey-su-ghiaccio\/\"]}]},{\"@type\":\"ImageObject\",\"inLanguage\":\"de-DE\",\"@id\":\"https:\/\/www.hcbfoxesacademy.org\/de\/corsi-di-avviamento-al-pattinaggio-e-allhockey-su-ghiaccio\/#primaryimage\",\"url\":\"https:\/\/img.wunderfarm.cloud\/134880438c3d4d5e\/2025\/10\/2449\/c\/fit-in\/1024x682\/filters:no_upscale()\/filters:strip_exif()\/pattina_con_noi-de.jpg\",\"contentUrl\":\"https:\/\/img.wunderfarm.cloud\/134880438c3d4d5e\/2025\/10\/2449\/c\/fit-in\/1024x682\/filters:no_upscale()\/filters:strip_exif()\/pattina_con_noi-de.jpg\"},{\"@type\":\"BreadcrumbList\",\"@id\":\"https:\/\/www.hcbfoxesacademy.org\/de\/corsi-di-avviamento-al-pattinaggio-e-allhockey-su-ghiaccio\/#breadcrumb\",\"itemListElement\":[{\"@type\":\"ListItem\",\"position\":1,\"name\":\"Home\",\"item\":\"https:\/\/www.hcbfoxesacademy.org\/it\/\"},{\"@type\":\"ListItem\",\"position\":2,\"name\":\"Kursangebot f\u00fcr das Eislaufen und Eishockey\"}]},{\"@type\":\"WebSite\",\"@id\":\"https:\/\/www.hcbfoxesacademy.org\/it\/#website\",\"url\":\"https:\/\/www.hcbfoxesacademy.org\/it\/\",\"name\":\"HCB Foxes Academy\",\"description\":\"HCB foxes academy\",\"publisher\":{\"@id\":\"https:\/\/www.hcbfoxesacademy.org\/it\/#organization\"},\"potentialAction\":[{\"@type\":\"SearchAction\",\"target\":{\"@type\":\"EntryPoint\",\"urlTemplate\":\"https:\/\/www.hcbfoxesacademy.org\/it\/?s={search_term_string}\"},\"query-input\":\"required name=search_term_string\"}],\"inLanguage\":\"de-DE\"},{\"@type\":\"Organization\",\"@id\":\"https:\/\/www.hcbfoxesacademy.org\/it\/#organization\",\"name\":\"HCB Foxes Academy\",\"url\":\"https:\/\/www.hcbfoxesacademy.org\/it\/\",\"logo\":{\"@type\":\"ImageObject\",\"inLanguage\":\"de-DE\",\"@id\":\"https:\/\/www.hcbfoxesacademy.org\/it\/#\/schema\/logo\/image\/\",\"url\":\"https:\/\/img.wunderfarm.cloud\/134880438c3d4d5e\/2019\/08\/13\/c\/0x0\/filters:no_upscale()\/filters:strip_exif()\/logo-academy-2019.svg\",\"contentUrl\":\"https:\/\/img.wunderfarm.cloud\/134880438c3d4d5e\/2019\/08\/13\/c\/0x0\/filters:no_upscale()\/filters:strip_exif()\/logo-academy-2019.svg\",\"caption\":\"HCB Foxes Academy\"},\"image\":{\"@id\":\"https:\/\/www.hcbfoxesacademy.org\/it\/#\/schema\/logo\/image\/\"}}]}<\/script>\n<!-- \/ Yoast SEO plugin. -->","yoast_head_json":{"title":"Kursangebot f\u00fcr das Eislaufen und Eishockey - HCB Foxes Academy","robots":{"index":"index","follow":"follow","max-snippet":"max-snippet:-1","max-image-preview":"max-image-preview:large","max-video-preview":"max-video-preview:-1"},"canonical":"https:\/\/www.hcbfoxesacademy.org\/de\/corsi-di-avviamento-al-pattinaggio-e-allhockey-su-ghiaccio\/","og_locale":"de_DE","og_type":"article","og_title":"Kursangebot f\u00fcr das Eislaufen und Eishockey - HCB Foxes Academy","og_description":"M\u00d6CHTEST DU SKATEN LERNEN? &#8211; M\u00d6CHTEST DU EISHOCKEYSPIELER WERDEN? ZIEH DEINE SCHUCHT AN UND KOMM MIT UNS MIT! EISLAUF-EINF\u00dcHRUNGSKURSE f\u00fcr Kinder ab 4 Jahren Die Einf\u00fchrungskurse f\u00fcr Eislaufen und Eishockey finden alle zwei Monate vom 23.09.2025 bis zum Ende der Wettkampfsaison statt. Der Unterricht jedes Kurses findet alle zwei Wochen mit zwei Unterrichtseinheiten pro Woche [&hellip;]","og_url":"https:\/\/www.hcbfoxesacademy.org\/de\/corsi-di-avviamento-al-pattinaggio-e-allhockey-su-ghiaccio\/","og_site_name":"HCB Foxes Academy","article_modified_time":"2025-10-15T22:21:16+00:00","og_image":[{"url":"https:\/\/img.wunderfarm.cloud\/134880438c3d4d5e\/2025\/10\/2449\/c\/fit-in\/1024x682\/filters:no_upscale()\/filters:strip_exif()\/pattina_con_noi-de.jpg"}],"twitter_card":"summary_large_image","twitter_misc":{"Est. reading time":"2 minutes"},"schema":{"@context":"https:\/\/schema.org","@graph":[{"@type":"WebPage","@id":"https:\/\/www.hcbfoxesacademy.org\/de\/corsi-di-avviamento-al-pattinaggio-e-allhockey-su-ghiaccio\/","url":"https:\/\/www.hcbfoxesacademy.org\/de\/corsi-di-avviamento-al-pattinaggio-e-allhockey-su-ghiaccio\/","name":"Kursangebot f\u00fcr das Eislaufen und Eishockey - HCB Foxes Academy","isPartOf":{"@id":"https:\/\/www.hcbfoxesacademy.org\/it\/#website"},"primaryImageOfPage":{"@id":"https:\/\/www.hcbfoxesacademy.org\/de\/corsi-di-avviamento-al-pattinaggio-e-allhockey-su-ghiaccio\/#primaryimage"},"image":{"@id":"https:\/\/www.hcbfoxesacademy.org\/de\/corsi-di-avviamento-al-pattinaggio-e-allhockey-su-ghiaccio\/#primaryimage"},"thumbnailUrl":"https:\/\/img.wunderfarm.cloud\/134880438c3d4d5e\/2025\/10\/2449\/c\/fit-in\/1024x682\/filters:no_upscale()\/filters:strip_exif()\/pattina_con_noi-de.jpg","datePublished":"2020-09-22T16:35:44+00:00","dateModified":"2025-10-15T22:21:16+00:00","breadcrumb":{"@id":"https:\/\/www.hcbfoxesacademy.org\/de\/corsi-di-avviamento-al-pattinaggio-e-allhockey-su-ghiaccio\/#breadcrumb"},"inLanguage":"de-DE","potentialAction":[{"@type":"ReadAction","target":["https:\/\/www.hcbfoxesacademy.org\/de\/corsi-di-avviamento-al-pattinaggio-e-allhockey-su-ghiaccio\/"]}]},{"@type":"ImageObject","inLanguage":"de-DE","@id":"https:\/\/www.hcbfoxesacademy.org\/de\/corsi-di-avviamento-al-pattinaggio-e-allhockey-su-ghiaccio\/#primaryimage","url":"https:\/\/img.wunderfarm.cloud\/134880438c3d4d5e\/2025\/10\/2449\/c\/fit-in\/1024x682\/filters:no_upscale()\/filters:strip_exif()\/pattina_con_noi-de.jpg","contentUrl":"https:\/\/img.wunderfarm.cloud\/134880438c3d4d5e\/2025\/10\/2449\/c\/fit-in\/1024x682\/filters:no_upscale()\/filters:strip_exif()\/pattina_con_noi-de.jpg"},{"@type":"BreadcrumbList","@id":"https:\/\/www.hcbfoxesacademy.org\/de\/corsi-di-avviamento-al-pattinaggio-e-allhockey-su-ghiaccio\/#breadcrumb","itemListElement":[{"@type":"ListItem","position":1,"name":"Home","item":"https:\/\/www.hcbfoxesacademy.org\/it\/"},{"@type":"ListItem","position":2,"name":"Kursangebot f\u00fcr das Eislaufen und Eishockey"}]},{"@type":"WebSite","@id":"https:\/\/www.hcbfoxesacademy.org\/it\/#website","url":"https:\/\/www.hcbfoxesacademy.org\/it\/","name":"HCB Foxes Academy","description":"HCB foxes academy","publisher":{"@id":"https:\/\/www.hcbfoxesacademy.org\/it\/#organization"},"potentialAction":[{"@type":"SearchAction","target":{"@type":"EntryPoint","urlTemplate":"https:\/\/www.hcbfoxesacademy.org\/it\/?s={search_term_string}"},"query-input":"required name=search_term_string"}],"inLanguage":"de-DE"},{"@type":"Organization","@id":"https:\/\/www.hcbfoxesacademy.org\/it\/#organization","name":"HCB Foxes Academy","url":"https:\/\/www.hcbfoxesacademy.org\/it\/","logo":{"@type":"ImageObject","inLanguage":"de-DE","@id":"https:\/\/www.hcbfoxesacademy.org\/it\/#\/schema\/logo\/image\/","url":"https:\/\/img.wunderfarm.cloud\/134880438c3d4d5e\/2019\/08\/13\/c\/0x0\/filters:no_upscale()\/filters:strip_exif()\/logo-academy-2019.svg","contentUrl":"https:\/\/img.wunderfarm.cloud\/134880438c3d4d5e\/2019\/08\/13\/c\/0x0\/filters:no_upscale()\/filters:strip_exif()\/logo-academy-2019.svg","caption":"HCB Foxes Academy"},"image":{"@id":"https:\/\/www.hcbfoxesacademy.org\/it\/#\/schema\/logo\/image\/"}}]}},"_links":{"self":[{"href":"https:\/\/www.hcbfoxesacademy.org\/de\/wp-json\/wp\/v2\/pages\/1529"}],"collection":[{"href":"https:\/\/www.hcbfoxesacademy.org\/de\/wp-json\/wp\/v2\/pages"}],"about":[{"href":"https:\/\/www.hcbfoxesacademy.org\/de\/wp-json\/wp\/v2\/types\/page"}],"author":[{"embeddable":true,"href":"https:\/\/www.hcbfoxesacademy.org\/de\/wp-json\/wp\/v2\/users\/2"}],"replies":[{"embeddable":true,"href":"https:\/\/www.hcbfoxesacademy.org\/de\/wp-json\/wp\/v2\/comments?post=1529"}],"version-history":[{"count":13,"href":"https:\/\/www.hcbfoxesacademy.org\/de\/wp-json\/wp\/v2\/pages\/1529\/revisions"}],"predecessor-version":[{"id":2458,"href":"https:\/\/www.hcbfoxesacademy.org\/de\/wp-json\/wp\/v2\/pages\/1529\/revisions\/2458"}],"wp:attachment":[{"href":"https:\/\/www.hcbfoxesacademy.org\/de\/wp-json\/wp\/v2\/media?parent=1529"}],"curies":[{"name":"wp","href":"https:\/\/api.w.org\/{rel}","templated":true}]}}