{"id":1151,"date":"2019-08-12T10:32:24","date_gmt":"2019-08-12T10:32:24","guid":{"rendered":"http:\/\/www.hcbfoxesacademy.org\/il-liceo\/"},"modified":"2019-11-14T13:56:13","modified_gmt":"2019-11-14T13:56:13","slug":"il-liceo","status":"publish","type":"page","link":"https:\/\/www.hcbfoxesacademy.org\/de\/il-liceo\/","title":{"rendered":"Das Lyzeum"},"content":{"rendered":"<div id=\"comp-j971d32f\" class=\"txtNew\" data-packed=\"true\">\n<p class=\"font_8\"><span class=\"color_23\"><img loading=\"lazy\" decoding=\"async\" class=\"size-full wp-image-984 aligncenter\" src=\"http:\/\/www.hcbfoxesacademy.org\/wp-content\/uploads\/2019\/10\/liceo_tomniolo.png\" alt=\"\" width=\"421\" height=\"120\" data-headline=\"liceo_tomniolo\" \/><\/span><\/p>\n<p>Das wissenschaftliche Gymnasium \u201eG. Toniolo\u201d in Bozen ist die einzige italienischsprachige schulische Einrichtung dieser Art in der Region. Die Teilnahme steht Sportlern aller Sportarten mit dem Ziel offen, den p\u00e4dagogischen Wert der dualen Erziehung &#8220;durch Sport und f\u00fcr den Sport&#8221; zu erleben.<\/p>\n<p>Es werden Module angeboten f\u00fcr: Sportmedizin, Sport- und Lernpsychologie, Sporttechnik und -methodik, Trainingstheorie, Sportrecht, Sportethik, Marketing und Kommunikation einer Sportorganisation, Sportmanagement.<\/p>\n<p>Co-Teaching mit den Disziplinen des wissenschaftlichen Bereichs (Physik, Mathematik, Chemie, Biologie, Informatik und Labors): Forschung f\u00fcr den Sport (allgemeine Forschungsgrunds\u00e4tze, Elemente der Durchf\u00fchrung von Forschungsprojekten f\u00fcr den Sport, Interpretation von Daten und Forschungsergebnisse f\u00fcr den Sport usw.). Alle Lehrpl\u00e4ne tragen zur Kenntnis und Vertiefung der Probleme und Themen im Zusammenhang mit der Sportwelt durch eine angemessene Kr\u00fcmmung der Disziplinarindikationen (Biochemie, Biomechanik, Sportmedizin und Traumatologie usw.) bei. Im zweiten und f\u00fcnften Studienjahr werden Module f\u00fcr Recht und \u00d6konomie des Sports angeboten, um Sportsch\u00fcler anzuleiten:<\/p>\n<p>&#8211; in der komplexen Welt der spezifischen Rechtsprechung im Sport;<\/p>\n<p>&#8211; im sozio\u00f6konomischen Gebiet des Hoheitsgebiets und im Verbundnetz, das Ph\u00e4nomene und Themen der eigenen territorialen Realit\u00e4t mit nationalen und internationalen Kontexten verbindet.<\/p>\n<\/div>\n","protected":false},"excerpt":{"rendered":"<p>Das wissenschaftliche Gymnasium \u201eG. Toniolo\u201d in Bozen ist die einzige italienischsprachige schulische Einrichtung dieser Art in der Region. Die Teilnahme steht Sportlern aller Sportarten mit dem Ziel offen, den p\u00e4dagogischen Wert der dualen Erziehung &#8220;durch Sport und f\u00fcr den Sport&#8221; zu erleben. Es werden Module angeboten f\u00fcr: Sportmedizin, Sport- und Lernpsychologie, Sporttechnik und -methodik, Trainingstheorie, [&hellip;]<\/p>\n","protected":false},"author":1,"featured_media":0,"parent":0,"menu_order":0,"comment_status":"closed","ping_status":"closed","template":"","meta":{"_acf_changed":false,"footnotes":""},"acf":[],"yoast_head":"<!-- This site is optimized with the Yoast SEO plugin v22.5 - https:\/\/yoast.com\/wordpress\/plugins\/seo\/ -->\n<title>Das Lyzeum - HCB Foxes Academy<\/title>\n<meta name=\"robots\" content=\"index, follow, max-snippet:-1, max-image-preview:large, max-video-preview:-1\" \/>\n<link rel=\"canonical\" href=\"https:\/\/www.hcbfoxesacademy.org\/de\/il-liceo\/\" \/>\n<meta property=\"og:locale\" content=\"de_DE\" \/>\n<meta property=\"og:type\" content=\"article\" \/>\n<meta property=\"og:title\" content=\"Das Lyzeum - HCB Foxes Academy\" \/>\n<meta property=\"og:description\" content=\"Das wissenschaftliche Gymnasium \u201eG. Toniolo\u201d in Bozen ist die einzige italienischsprachige schulische Einrichtung dieser Art in der Region. Die Teilnahme steht Sportlern aller Sportarten mit dem Ziel offen, den p\u00e4dagogischen Wert der dualen Erziehung &#8220;durch Sport und f\u00fcr den Sport&#8221; zu erleben. Es werden Module angeboten f\u00fcr: Sportmedizin, Sport- und Lernpsychologie, Sporttechnik und -methodik, Trainingstheorie, [&hellip;]\" \/>\n<meta property=\"og:url\" content=\"https:\/\/www.hcbfoxesacademy.org\/de\/il-liceo\/\" \/>\n<meta property=\"og:site_name\" content=\"HCB Foxes Academy\" \/>\n<meta property=\"article:modified_time\" content=\"2019-11-14T13:56:13+00:00\" \/>\n<meta property=\"og:image\" content=\"http:\/\/www.hcbfoxesacademy.org\/wp-content\/uploads\/2019\/10\/liceo_tomniolo.png\" \/>\n<meta name=\"twitter:card\" content=\"summary_large_image\" \/>\n<meta name=\"twitter:label1\" content=\"Est. reading time\" \/>\n\t<meta name=\"twitter:data1\" content=\"1 minute\" \/>\n<script type=\"application\/ld+json\" class=\"yoast-schema-graph\">{\"@context\":\"https:\/\/schema.org\",\"@graph\":[{\"@type\":\"WebPage\",\"@id\":\"https:\/\/www.hcbfoxesacademy.org\/de\/il-liceo\/\",\"url\":\"https:\/\/www.hcbfoxesacademy.org\/de\/il-liceo\/\",\"name\":\"Das Lyzeum - HCB Foxes Academy\",\"isPartOf\":{\"@id\":\"https:\/\/www.hcbfoxesacademy.org\/it\/#website\"},\"primaryImageOfPage\":{\"@id\":\"https:\/\/www.hcbfoxesacademy.org\/de\/il-liceo\/#primaryimage\"},\"image\":{\"@id\":\"https:\/\/www.hcbfoxesacademy.org\/de\/il-liceo\/#primaryimage\"},\"thumbnailUrl\":\"http:\/\/www.hcbfoxesacademy.org\/wp-content\/uploads\/2019\/10\/liceo_tomniolo.png\",\"datePublished\":\"2019-08-12T10:32:24+00:00\",\"dateModified\":\"2019-11-14T13:56:13+00:00\",\"breadcrumb\":{\"@id\":\"https:\/\/www.hcbfoxesacademy.org\/de\/il-liceo\/#breadcrumb\"},\"inLanguage\":\"de-DE\",\"potentialAction\":[{\"@type\":\"ReadAction\",\"target\":[\"https:\/\/www.hcbfoxesacademy.org\/de\/il-liceo\/\"]}]},{\"@type\":\"ImageObject\",\"inLanguage\":\"de-DE\",\"@id\":\"https:\/\/www.hcbfoxesacademy.org\/de\/il-liceo\/#primaryimage\",\"url\":\"http:\/\/www.hcbfoxesacademy.org\/wp-content\/uploads\/2019\/10\/liceo_tomniolo.png\",\"contentUrl\":\"http:\/\/www.hcbfoxesacademy.org\/wp-content\/uploads\/2019\/10\/liceo_tomniolo.png\"},{\"@type\":\"BreadcrumbList\",\"@id\":\"https:\/\/www.hcbfoxesacademy.org\/de\/il-liceo\/#breadcrumb\",\"itemListElement\":[{\"@type\":\"ListItem\",\"position\":1,\"name\":\"Home\",\"item\":\"https:\/\/www.hcbfoxesacademy.org\/it\/\"},{\"@type\":\"ListItem\",\"position\":2,\"name\":\"Das Lyzeum\"}]},{\"@type\":\"WebSite\",\"@id\":\"https:\/\/www.hcbfoxesacademy.org\/it\/#website\",\"url\":\"https:\/\/www.hcbfoxesacademy.org\/it\/\",\"name\":\"HCB Foxes Academy\",\"description\":\"HCB foxes academy\",\"publisher\":{\"@id\":\"https:\/\/www.hcbfoxesacademy.org\/it\/#organization\"},\"potentialAction\":[{\"@type\":\"SearchAction\",\"target\":{\"@type\":\"EntryPoint\",\"urlTemplate\":\"https:\/\/www.hcbfoxesacademy.org\/it\/?s={search_term_string}\"},\"query-input\":\"required name=search_term_string\"}],\"inLanguage\":\"de-DE\"},{\"@type\":\"Organization\",\"@id\":\"https:\/\/www.hcbfoxesacademy.org\/it\/#organization\",\"name\":\"HCB Foxes Academy\",\"url\":\"https:\/\/www.hcbfoxesacademy.org\/it\/\",\"logo\":{\"@type\":\"ImageObject\",\"inLanguage\":\"de-DE\",\"@id\":\"https:\/\/www.hcbfoxesacademy.org\/it\/#\/schema\/logo\/image\/\",\"url\":\"https:\/\/img.wunderfarm.cloud\/134880438c3d4d5e\/2019\/08\/13\/c\/0x0\/filters:no_upscale()\/filters:strip_exif()\/logo-academy-2019.svg\",\"contentUrl\":\"https:\/\/img.wunderfarm.cloud\/134880438c3d4d5e\/2019\/08\/13\/c\/0x0\/filters:no_upscale()\/filters:strip_exif()\/logo-academy-2019.svg\",\"caption\":\"HCB Foxes Academy\"},\"image\":{\"@id\":\"https:\/\/www.hcbfoxesacademy.org\/it\/#\/schema\/logo\/image\/\"}}]}<\/script>\n<!-- \/ Yoast SEO plugin. -->","yoast_head_json":{"title":"Das Lyzeum - HCB Foxes Academy","robots":{"index":"index","follow":"follow","max-snippet":"max-snippet:-1","max-image-preview":"max-image-preview:large","max-video-preview":"max-video-preview:-1"},"canonical":"https:\/\/www.hcbfoxesacademy.org\/de\/il-liceo\/","og_locale":"de_DE","og_type":"article","og_title":"Das Lyzeum - HCB Foxes Academy","og_description":"Das wissenschaftliche Gymnasium \u201eG. Toniolo\u201d in Bozen ist die einzige italienischsprachige schulische Einrichtung dieser Art in der Region. Die Teilnahme steht Sportlern aller Sportarten mit dem Ziel offen, den p\u00e4dagogischen Wert der dualen Erziehung &#8220;durch Sport und f\u00fcr den Sport&#8221; zu erleben. Es werden Module angeboten f\u00fcr: Sportmedizin, Sport- und Lernpsychologie, Sporttechnik und -methodik, Trainingstheorie, [&hellip;]","og_url":"https:\/\/www.hcbfoxesacademy.org\/de\/il-liceo\/","og_site_name":"HCB Foxes Academy","article_modified_time":"2019-11-14T13:56:13+00:00","og_image":[{"url":"http:\/\/www.hcbfoxesacademy.org\/wp-content\/uploads\/2019\/10\/liceo_tomniolo.png"}],"twitter_card":"summary_large_image","twitter_misc":{"Est. reading time":"1 minute"},"schema":{"@context":"https:\/\/schema.org","@graph":[{"@type":"WebPage","@id":"https:\/\/www.hcbfoxesacademy.org\/de\/il-liceo\/","url":"https:\/\/www.hcbfoxesacademy.org\/de\/il-liceo\/","name":"Das Lyzeum - HCB Foxes Academy","isPartOf":{"@id":"https:\/\/www.hcbfoxesacademy.org\/it\/#website"},"primaryImageOfPage":{"@id":"https:\/\/www.hcbfoxesacademy.org\/de\/il-liceo\/#primaryimage"},"image":{"@id":"https:\/\/www.hcbfoxesacademy.org\/de\/il-liceo\/#primaryimage"},"thumbnailUrl":"http:\/\/www.hcbfoxesacademy.org\/wp-content\/uploads\/2019\/10\/liceo_tomniolo.png","datePublished":"2019-08-12T10:32:24+00:00","dateModified":"2019-11-14T13:56:13+00:00","breadcrumb":{"@id":"https:\/\/www.hcbfoxesacademy.org\/de\/il-liceo\/#breadcrumb"},"inLanguage":"de-DE","potentialAction":[{"@type":"ReadAction","target":["https:\/\/www.hcbfoxesacademy.org\/de\/il-liceo\/"]}]},{"@type":"ImageObject","inLanguage":"de-DE","@id":"https:\/\/www.hcbfoxesacademy.org\/de\/il-liceo\/#primaryimage","url":"http:\/\/www.hcbfoxesacademy.org\/wp-content\/uploads\/2019\/10\/liceo_tomniolo.png","contentUrl":"http:\/\/www.hcbfoxesacademy.org\/wp-content\/uploads\/2019\/10\/liceo_tomniolo.png"},{"@type":"BreadcrumbList","@id":"https:\/\/www.hcbfoxesacademy.org\/de\/il-liceo\/#breadcrumb","itemListElement":[{"@type":"ListItem","position":1,"name":"Home","item":"https:\/\/www.hcbfoxesacademy.org\/it\/"},{"@type":"ListItem","position":2,"name":"Das Lyzeum"}]},{"@type":"WebSite","@id":"https:\/\/www.hcbfoxesacademy.org\/it\/#website","url":"https:\/\/www.hcbfoxesacademy.org\/it\/","name":"HCB Foxes Academy","description":"HCB foxes academy","publisher":{"@id":"https:\/\/www.hcbfoxesacademy.org\/it\/#organization"},"potentialAction":[{"@type":"SearchAction","target":{"@type":"EntryPoint","urlTemplate":"https:\/\/www.hcbfoxesacademy.org\/it\/?s={search_term_string}"},"query-input":"required name=search_term_string"}],"inLanguage":"de-DE"},{"@type":"Organization","@id":"https:\/\/www.hcbfoxesacademy.org\/it\/#organization","name":"HCB Foxes Academy","url":"https:\/\/www.hcbfoxesacademy.org\/it\/","logo":{"@type":"ImageObject","inLanguage":"de-DE","@id":"https:\/\/www.hcbfoxesacademy.org\/it\/#\/schema\/logo\/image\/","url":"https:\/\/img.wunderfarm.cloud\/134880438c3d4d5e\/2019\/08\/13\/c\/0x0\/filters:no_upscale()\/filters:strip_exif()\/logo-academy-2019.svg","contentUrl":"https:\/\/img.wunderfarm.cloud\/134880438c3d4d5e\/2019\/08\/13\/c\/0x0\/filters:no_upscale()\/filters:strip_exif()\/logo-academy-2019.svg","caption":"HCB Foxes Academy"},"image":{"@id":"https:\/\/www.hcbfoxesacademy.org\/it\/#\/schema\/logo\/image\/"}}]}},"_links":{"self":[{"href":"https:\/\/www.hcbfoxesacademy.org\/de\/wp-json\/wp\/v2\/pages\/1151"}],"collection":[{"href":"https:\/\/www.hcbfoxesacademy.org\/de\/wp-json\/wp\/v2\/pages"}],"about":[{"href":"https:\/\/www.hcbfoxesacademy.org\/de\/wp-json\/wp\/v2\/types\/page"}],"author":[{"embeddable":true,"href":"https:\/\/www.hcbfoxesacademy.org\/de\/wp-json\/wp\/v2\/users\/1"}],"replies":[{"embeddable":true,"href":"https:\/\/www.hcbfoxesacademy.org\/de\/wp-json\/wp\/v2\/comments?post=1151"}],"version-history":[{"count":3,"href":"https:\/\/www.hcbfoxesacademy.org\/de\/wp-json\/wp\/v2\/pages\/1151\/revisions"}],"predecessor-version":[{"id":1190,"href":"https:\/\/www.hcbfoxesacademy.org\/de\/wp-json\/wp\/v2\/pages\/1151\/revisions\/1190"}],"wp:attachment":[{"href":"https:\/\/www.hcbfoxesacademy.org\/de\/wp-json\/wp\/v2\/media?parent=1151"}],"curies":[{"name":"wp","href":"https:\/\/api.w.org\/{rel}","templated":true}]}}