{"id":1149,"date":"2019-08-12T10:32:45","date_gmt":"2019-08-12T10:32:45","guid":{"rendered":"http:\/\/www.hcbfoxesacademy.org\/il-convitto\/"},"modified":"2019-11-14T13:53:11","modified_gmt":"2019-11-14T13:53:11","slug":"il-convitto","status":"publish","type":"page","link":"https:\/\/www.hcbfoxesacademy.org\/de\/il-convitto\/","title":{"rendered":"Das Sch\u00fclerheim"},"content":{"rendered":"<p>Das Landesinternat &#8220;Damiano Chiesa&#8221; liegt nur wenige Meter vom &#8220;Toniolo&#8221; Lyzeum entfernt. Es wird als Heim und p\u00e4dagogische Struktur geboten, in der Sch\u00fcler Grundrechte wie Unterkunft und Verpflegung, didaktisch-p\u00e4dagogische Unterst\u00fctzung und Gesundheitsf\u00fcrsorge gew\u00e4hrleistet werden.<\/p>\n<p>Die Anwesenheit von spezialisiertem p\u00e4dagogischem Personal garantiert auch die Pflege der Beziehungen zu Schulen und Familien: Ziel ist es, das menschliche, soziale und kulturelle Wachstum von Kindern zu f\u00f6rdern und zu versuchen, das Bildungs- und Erholungsangebot zu optimieren, aber auch das Schaffen eines Umfeldes, in der sich die Jugendlichen wohlf\u00fchlen und Momente der Freizeit und des Spa\u00dfes verbringen k\u00f6nnen.<\/p>\n<p>Die Struktur ist mit allem ausgestattet, was Sie brauchen: K\u00fcche, W\u00e4scherei, Krankenstation, Aufenthaltsr\u00e4ume (TV-R\u00e4ume, Fitnessraum, Musikzimmer) und Lernorte (Bibliothek, Internetraum).<\/p>\n<p>Es werden verschiedene Initiativen vorgeschlagen: von der Planung au\u00dferschulischer Aktivit\u00e4ten (wie Sport, Ern\u00e4hrung und psychologisches Wohlbefinden, Kultur usw.) bis zur p\u00e4dagogisch-erzieherischen Unterst\u00fctzung w\u00e4hrend der normalen Erf\u00fcllung der schulischen Verpflichtungen.<\/p>\n<p>Einige der angebotenen Dienstleistungen sind: das Abonnement von Zeitungen und Monatszeitungen, die M\u00f6glichkeit der Nutzung von Brett- und Gesellschaftsspielen und Sportger\u00e4te; die Durchf\u00fchrung verschiedener Sportturniere, Kulturprojekte wie Lesen, Theater, Malen, Kinoforum und die Teilnahme an Kursen zur Gesundheitserziehung und Pr\u00e4vention.<\/p>\n<p>Unter diesem Gesichtspunkt ist es wichtig zu versuchen, die Kinder in die meisten Aktivit\u00e4ten einzubeziehen, beginnend mit der Nutzung und\/oder Verwaltung der \u00f6ffentlichen Bereiche und der Strukturen, die ihnen zur Verf\u00fcgung stehen, damit sie den bestm\u00f6glichen und verantwortungsvollen Gebrauch erlernen. Dabei versuchen wir auch sie zu stimulieren, damit sie selbst die ersten Bef\u00fcrworter und Umsetzer neuer Ideen und Hauptdarsteller ihres sozialen und kulturellen Lebens werden.<\/p>\n","protected":false},"excerpt":{"rendered":"<p>Das Landesinternat &#8220;Damiano Chiesa&#8221; liegt nur wenige Meter vom &#8220;Toniolo&#8221; Lyzeum entfernt. Es wird als Heim und p\u00e4dagogische Struktur geboten, in der Sch\u00fcler Grundrechte wie Unterkunft und Verpflegung, didaktisch-p\u00e4dagogische Unterst\u00fctzung und Gesundheitsf\u00fcrsorge gew\u00e4hrleistet werden. Die Anwesenheit von spezialisiertem p\u00e4dagogischem Personal garantiert auch die Pflege der Beziehungen zu Schulen und Familien: Ziel ist es, das menschliche, [&hellip;]<\/p>\n","protected":false},"author":1,"featured_media":0,"parent":0,"menu_order":0,"comment_status":"closed","ping_status":"closed","template":"","meta":{"_acf_changed":false,"footnotes":""},"acf":[],"yoast_head":"<!-- This site is optimized with the Yoast SEO plugin v22.5 - https:\/\/yoast.com\/wordpress\/plugins\/seo\/ -->\n<title>Das Sch\u00fclerheim - HCB Foxes Academy<\/title>\n<meta name=\"robots\" content=\"index, follow, max-snippet:-1, max-image-preview:large, max-video-preview:-1\" \/>\n<link rel=\"canonical\" href=\"https:\/\/www.hcbfoxesacademy.org\/de\/il-convitto\/\" \/>\n<meta property=\"og:locale\" content=\"de_DE\" \/>\n<meta property=\"og:type\" content=\"article\" \/>\n<meta property=\"og:title\" content=\"Das Sch\u00fclerheim - HCB Foxes Academy\" \/>\n<meta property=\"og:description\" content=\"Das Landesinternat &#8220;Damiano Chiesa&#8221; liegt nur wenige Meter vom &#8220;Toniolo&#8221; Lyzeum entfernt. Es wird als Heim und p\u00e4dagogische Struktur geboten, in der Sch\u00fcler Grundrechte wie Unterkunft und Verpflegung, didaktisch-p\u00e4dagogische Unterst\u00fctzung und Gesundheitsf\u00fcrsorge gew\u00e4hrleistet werden. Die Anwesenheit von spezialisiertem p\u00e4dagogischem Personal garantiert auch die Pflege der Beziehungen zu Schulen und Familien: Ziel ist es, das menschliche, [&hellip;]\" \/>\n<meta property=\"og:url\" content=\"https:\/\/www.hcbfoxesacademy.org\/de\/il-convitto\/\" \/>\n<meta property=\"og:site_name\" content=\"HCB Foxes Academy\" \/>\n<meta property=\"article:modified_time\" content=\"2019-11-14T13:53:11+00:00\" \/>\n<meta name=\"twitter:card\" content=\"summary_large_image\" \/>\n<meta name=\"twitter:label1\" content=\"Est. reading time\" \/>\n\t<meta name=\"twitter:data1\" content=\"1 minute\" \/>\n<script type=\"application\/ld+json\" class=\"yoast-schema-graph\">{\"@context\":\"https:\/\/schema.org\",\"@graph\":[{\"@type\":\"WebPage\",\"@id\":\"https:\/\/www.hcbfoxesacademy.org\/de\/il-convitto\/\",\"url\":\"https:\/\/www.hcbfoxesacademy.org\/de\/il-convitto\/\",\"name\":\"Das Sch\u00fclerheim - HCB Foxes Academy\",\"isPartOf\":{\"@id\":\"https:\/\/www.hcbfoxesacademy.org\/it\/#website\"},\"datePublished\":\"2019-08-12T10:32:45+00:00\",\"dateModified\":\"2019-11-14T13:53:11+00:00\",\"breadcrumb\":{\"@id\":\"https:\/\/www.hcbfoxesacademy.org\/de\/il-convitto\/#breadcrumb\"},\"inLanguage\":\"de-DE\",\"potentialAction\":[{\"@type\":\"ReadAction\",\"target\":[\"https:\/\/www.hcbfoxesacademy.org\/de\/il-convitto\/\"]}]},{\"@type\":\"BreadcrumbList\",\"@id\":\"https:\/\/www.hcbfoxesacademy.org\/de\/il-convitto\/#breadcrumb\",\"itemListElement\":[{\"@type\":\"ListItem\",\"position\":1,\"name\":\"Home\",\"item\":\"https:\/\/www.hcbfoxesacademy.org\/it\/\"},{\"@type\":\"ListItem\",\"position\":2,\"name\":\"Das Sch\u00fclerheim\"}]},{\"@type\":\"WebSite\",\"@id\":\"https:\/\/www.hcbfoxesacademy.org\/it\/#website\",\"url\":\"https:\/\/www.hcbfoxesacademy.org\/it\/\",\"name\":\"HCB Foxes Academy\",\"description\":\"HCB foxes academy\",\"publisher\":{\"@id\":\"https:\/\/www.hcbfoxesacademy.org\/it\/#organization\"},\"potentialAction\":[{\"@type\":\"SearchAction\",\"target\":{\"@type\":\"EntryPoint\",\"urlTemplate\":\"https:\/\/www.hcbfoxesacademy.org\/it\/?s={search_term_string}\"},\"query-input\":\"required name=search_term_string\"}],\"inLanguage\":\"de-DE\"},{\"@type\":\"Organization\",\"@id\":\"https:\/\/www.hcbfoxesacademy.org\/it\/#organization\",\"name\":\"HCB Foxes Academy\",\"url\":\"https:\/\/www.hcbfoxesacademy.org\/it\/\",\"logo\":{\"@type\":\"ImageObject\",\"inLanguage\":\"de-DE\",\"@id\":\"https:\/\/www.hcbfoxesacademy.org\/it\/#\/schema\/logo\/image\/\",\"url\":\"https:\/\/img.wunderfarm.cloud\/134880438c3d4d5e\/2019\/08\/13\/c\/0x0\/filters:no_upscale()\/filters:strip_exif()\/logo-academy-2019.svg\",\"contentUrl\":\"https:\/\/img.wunderfarm.cloud\/134880438c3d4d5e\/2019\/08\/13\/c\/0x0\/filters:no_upscale()\/filters:strip_exif()\/logo-academy-2019.svg\",\"caption\":\"HCB Foxes Academy\"},\"image\":{\"@id\":\"https:\/\/www.hcbfoxesacademy.org\/it\/#\/schema\/logo\/image\/\"}}]}<\/script>\n<!-- \/ Yoast SEO plugin. -->","yoast_head_json":{"title":"Das Sch\u00fclerheim - HCB Foxes Academy","robots":{"index":"index","follow":"follow","max-snippet":"max-snippet:-1","max-image-preview":"max-image-preview:large","max-video-preview":"max-video-preview:-1"},"canonical":"https:\/\/www.hcbfoxesacademy.org\/de\/il-convitto\/","og_locale":"de_DE","og_type":"article","og_title":"Das Sch\u00fclerheim - HCB Foxes Academy","og_description":"Das Landesinternat &#8220;Damiano Chiesa&#8221; liegt nur wenige Meter vom &#8220;Toniolo&#8221; Lyzeum entfernt. Es wird als Heim und p\u00e4dagogische Struktur geboten, in der Sch\u00fcler Grundrechte wie Unterkunft und Verpflegung, didaktisch-p\u00e4dagogische Unterst\u00fctzung und Gesundheitsf\u00fcrsorge gew\u00e4hrleistet werden. Die Anwesenheit von spezialisiertem p\u00e4dagogischem Personal garantiert auch die Pflege der Beziehungen zu Schulen und Familien: Ziel ist es, das menschliche, [&hellip;]","og_url":"https:\/\/www.hcbfoxesacademy.org\/de\/il-convitto\/","og_site_name":"HCB Foxes Academy","article_modified_time":"2019-11-14T13:53:11+00:00","twitter_card":"summary_large_image","twitter_misc":{"Est. reading time":"1 minute"},"schema":{"@context":"https:\/\/schema.org","@graph":[{"@type":"WebPage","@id":"https:\/\/www.hcbfoxesacademy.org\/de\/il-convitto\/","url":"https:\/\/www.hcbfoxesacademy.org\/de\/il-convitto\/","name":"Das Sch\u00fclerheim - HCB Foxes Academy","isPartOf":{"@id":"https:\/\/www.hcbfoxesacademy.org\/it\/#website"},"datePublished":"2019-08-12T10:32:45+00:00","dateModified":"2019-11-14T13:53:11+00:00","breadcrumb":{"@id":"https:\/\/www.hcbfoxesacademy.org\/de\/il-convitto\/#breadcrumb"},"inLanguage":"de-DE","potentialAction":[{"@type":"ReadAction","target":["https:\/\/www.hcbfoxesacademy.org\/de\/il-convitto\/"]}]},{"@type":"BreadcrumbList","@id":"https:\/\/www.hcbfoxesacademy.org\/de\/il-convitto\/#breadcrumb","itemListElement":[{"@type":"ListItem","position":1,"name":"Home","item":"https:\/\/www.hcbfoxesacademy.org\/it\/"},{"@type":"ListItem","position":2,"name":"Das Sch\u00fclerheim"}]},{"@type":"WebSite","@id":"https:\/\/www.hcbfoxesacademy.org\/it\/#website","url":"https:\/\/www.hcbfoxesacademy.org\/it\/","name":"HCB Foxes Academy","description":"HCB foxes academy","publisher":{"@id":"https:\/\/www.hcbfoxesacademy.org\/it\/#organization"},"potentialAction":[{"@type":"SearchAction","target":{"@type":"EntryPoint","urlTemplate":"https:\/\/www.hcbfoxesacademy.org\/it\/?s={search_term_string}"},"query-input":"required name=search_term_string"}],"inLanguage":"de-DE"},{"@type":"Organization","@id":"https:\/\/www.hcbfoxesacademy.org\/it\/#organization","name":"HCB Foxes Academy","url":"https:\/\/www.hcbfoxesacademy.org\/it\/","logo":{"@type":"ImageObject","inLanguage":"de-DE","@id":"https:\/\/www.hcbfoxesacademy.org\/it\/#\/schema\/logo\/image\/","url":"https:\/\/img.wunderfarm.cloud\/134880438c3d4d5e\/2019\/08\/13\/c\/0x0\/filters:no_upscale()\/filters:strip_exif()\/logo-academy-2019.svg","contentUrl":"https:\/\/img.wunderfarm.cloud\/134880438c3d4d5e\/2019\/08\/13\/c\/0x0\/filters:no_upscale()\/filters:strip_exif()\/logo-academy-2019.svg","caption":"HCB Foxes Academy"},"image":{"@id":"https:\/\/www.hcbfoxesacademy.org\/it\/#\/schema\/logo\/image\/"}}]}},"_links":{"self":[{"href":"https:\/\/www.hcbfoxesacademy.org\/de\/wp-json\/wp\/v2\/pages\/1149"}],"collection":[{"href":"https:\/\/www.hcbfoxesacademy.org\/de\/wp-json\/wp\/v2\/pages"}],"about":[{"href":"https:\/\/www.hcbfoxesacademy.org\/de\/wp-json\/wp\/v2\/types\/page"}],"author":[{"embeddable":true,"href":"https:\/\/www.hcbfoxesacademy.org\/de\/wp-json\/wp\/v2\/users\/1"}],"replies":[{"embeddable":true,"href":"https:\/\/www.hcbfoxesacademy.org\/de\/wp-json\/wp\/v2\/comments?post=1149"}],"version-history":[{"count":1,"href":"https:\/\/www.hcbfoxesacademy.org\/de\/wp-json\/wp\/v2\/pages\/1149\/revisions"}],"predecessor-version":[{"id":1184,"href":"https:\/\/www.hcbfoxesacademy.org\/de\/wp-json\/wp\/v2\/pages\/1149\/revisions\/1184"}],"wp:attachment":[{"href":"https:\/\/www.hcbfoxesacademy.org\/de\/wp-json\/wp\/v2\/media?parent=1149"}],"curies":[{"name":"wp","href":"https:\/\/api.w.org\/{rel}","templated":true}]}}